{"id":17526,"date":"2025-01-23T14:11:09","date_gmt":"2025-01-23T14:11:09","guid":{"rendered":"https:\/\/www.xiaomistoreks.com\/?post_type=product&#038;p=17526"},"modified":"2026-04-20T07:16:06","modified_gmt":"2026-04-20T07:16:06","slug":"xiaomi-dust-mite-vacuum-cleaner","status":"publish","type":"product","link":"https:\/\/www.xiaomistoreks.com\/en\/product\/xiaomi-dust-mite-vacuum-cleaner\/","title":{"rendered":"Xiaomi Dust Mite Vacuum Cleaner"},"content":{"rendered":"<p><a href=\"https:\/\/www.xiaomistoreks.com\/wp-content\/uploads\/2025\/01\/dust-mite-vacuum-cleaner-01.png\"><img fetchpriority=\"high\" decoding=\"async\" class=\"alignnone size-full wp-image-17531\" src=\"https:\/\/www.xiaomistoreks.com\/wp-content\/uploads\/2025\/01\/dust-mite-vacuum-cleaner-01.png\" alt=\"\" width=\"3360\" height=\"4564\" \/><\/a> <a href=\"https:\/\/www.xiaomistoreks.com\/wp-content\/uploads\/2025\/01\/dust-mite-vacuum-cleaner-02.png\"><img decoding=\"async\" class=\"alignnone size-full wp-image-17532\" src=\"https:\/\/www.xiaomistoreks.com\/wp-content\/uploads\/2025\/01\/dust-mite-vacuum-cleaner-02.png\" alt=\"\" width=\"3360\" height=\"4108\" \/><\/a> <a href=\"https:\/\/www.xiaomistoreks.com\/wp-content\/uploads\/2025\/01\/dust-mite-vacuum-cleaner-03.png\"><img decoding=\"async\" class=\"alignnone size-full wp-image-17533\" src=\"https:\/\/www.xiaomistoreks.com\/wp-content\/uploads\/2025\/01\/dust-mite-vacuum-cleaner-03.png\" alt=\"\" width=\"3360\" height=\"3474\" \/><\/a> <a href=\"https:\/\/www.xiaomistoreks.com\/wp-content\/uploads\/2025\/01\/dust-mite-vacuum-cleaner-04.png\"><img loading=\"lazy\" decoding=\"async\" class=\"alignnone size-full wp-image-17534\" src=\"https:\/\/www.xiaomistoreks.com\/wp-content\/uploads\/2025\/01\/dust-mite-vacuum-cleaner-04.png\" alt=\"\" width=\"3360\" height=\"2513\" \/><\/a> <a href=\"https:\/\/www.xiaomistoreks.com\/wp-content\/uploads\/2025\/01\/dust-mite-vacuum-cleaner-05.png\"><img loading=\"lazy\" decoding=\"async\" class=\"alignnone size-full wp-image-17535\" src=\"https:\/\/www.xiaomistoreks.com\/wp-content\/uploads\/2025\/01\/dust-mite-vacuum-cleaner-05.png\" alt=\"\" width=\"3360\" height=\"2852\" \/><\/a> <a href=\"https:\/\/www.xiaomistoreks.com\/wp-content\/uploads\/2025\/01\/dust-mite-vacuum-cleaner-06.png\"><img loading=\"lazy\" decoding=\"async\" class=\"alignnone size-full wp-image-17536\" src=\"https:\/\/www.xiaomistoreks.com\/wp-content\/uploads\/2025\/01\/dust-mite-vacuum-cleaner-06.png\" alt=\"\" width=\"3360\" height=\"4616\" \/><\/a> <a href=\"https:\/\/www.xiaomistoreks.com\/wp-content\/uploads\/2025\/01\/dust-mite-vacuum-cleaner-07.png\"><img loading=\"lazy\" decoding=\"async\" class=\"alignnone size-full wp-image-17537\" src=\"https:\/\/www.xiaomistoreks.com\/wp-content\/uploads\/2025\/01\/dust-mite-vacuum-cleaner-07.png\" alt=\"\" width=\"3360\" height=\"3165\" \/><\/a><\/p>\n","protected":false},"excerpt":{"rendered":"<p><strong>Xiaomi Dust Mite Vacuum Cleaner<\/strong> kombinon fuqi thith\u00ebse 12,000Pa, rreze UV p\u00ebr sterilizim, dhe tharje me aj\u00ebr t\u00eb ngroht\u00eb 50\u00b0C p\u00ebr nj\u00eb mjedis t\u00eb past\u00ebr dhe higjienik. Teknologjia e filtrimit me kat\u00ebr nivele siguron pastrim t\u00eb thell\u00eb dhe reduktim t\u00eb ndotjes sekondare, nd\u00ebrsa dizajni i leht\u00eb prej 1.63kg e b\u00ebn t\u00eb leht\u00eb p\u00ebr t\u2019u p\u00ebrdorur. Ideal p\u00ebr shtret\u00ebr, mobilje dhe lodra f\u00ebmij\u00ebsh, ky pajisje garanton nj\u00eb mjedis t\u00eb sigurt dhe t\u00eb past\u00ebr p\u00ebr familjen tuaj.<\/p>\n","protected":false},"featured_media":17527,"template":"","meta":[],"product_cat":[176,225,169,155],"product_tag":[],"_links":{"self":[{"href":"https:\/\/www.xiaomistoreks.com\/en\/wp-json\/wp\/v2\/product\/17526"}],"collection":[{"href":"https:\/\/www.xiaomistoreks.com\/en\/wp-json\/wp\/v2\/product"}],"about":[{"href":"https:\/\/www.xiaomistoreks.com\/en\/wp-json\/wp\/v2\/types\/product"}],"version-history":[{"count":2,"href":"https:\/\/www.xiaomistoreks.com\/en\/wp-json\/wp\/v2\/product\/17526\/revisions"}],"predecessor-version":[{"id":17539,"href":"https:\/\/www.xiaomistoreks.com\/en\/wp-json\/wp\/v2\/product\/17526\/revisions\/17539"}],"wp:featuredmedia":[{"embeddable":true,"href":"https:\/\/www.xiaomistoreks.com\/en\/wp-json\/wp\/v2\/media\/17527"}],"wp:attachment":[{"href":"https:\/\/www.xiaomistoreks.com\/en\/wp-json\/wp\/v2\/media?parent=17526"}],"wp:term":[{"taxonomy":"product_cat","embeddable":true,"href":"https:\/\/www.xiaomistoreks.com\/en\/wp-json\/wp\/v2\/product_cat?post=17526"},{"taxonomy":"product_tag","embeddable":true,"href":"https:\/\/www.xiaomistoreks.com\/en\/wp-json\/wp\/v2\/product_tag?post=17526"}],"curies":[{"name":"wp","href":"https:\/\/api.w.org\/{rel}","templated":true}]}}