{"id":17515,"date":"2025-01-23T13:27:22","date_gmt":"2025-01-23T13:27:22","guid":{"rendered":"https:\/\/www.xiaomistoreks.com\/?post_type=product&#038;p=17515"},"modified":"2026-05-11T10:42:37","modified_gmt":"2026-05-11T10:42:37","slug":"xiaomi-bluetooth-speaker-mini-2","status":"publish","type":"product","link":"https:\/\/www.xiaomistoreks.com\/en\/product\/xiaomi-bluetooth-speaker-mini-2\/","title":{"rendered":"Xiaomi Bluetooth Speaker Mini"},"content":{"rendered":"<p><a href=\"https:\/\/www.xiaomistoreks.com\/wp-content\/uploads\/2025\/01\/Xiaomi-Bluetooth-01.png\"><img fetchpriority=\"high\" decoding=\"async\" class=\"alignnone size-full wp-image-17289\" src=\"https:\/\/www.xiaomistoreks.com\/wp-content\/uploads\/2025\/01\/Xiaomi-Bluetooth-01.png\" alt=\"\" width=\"3360\" height=\"7061\" \/><\/a><a href=\"https:\/\/www.xiaomistoreks.com\/wp-content\/uploads\/2025\/01\/Xiaomi-Bluetooth-02.png\"><img decoding=\"async\" class=\"alignnone size-full wp-image-17290\" src=\"https:\/\/www.xiaomistoreks.com\/wp-content\/uploads\/2025\/01\/Xiaomi-Bluetooth-02.png\" alt=\"\" width=\"3360\" height=\"7043\" \/><\/a><a href=\"https:\/\/www.xiaomistoreks.com\/wp-content\/uploads\/2025\/01\/Xiaomi-Bluetooth-03.png\"><img decoding=\"async\" class=\"alignnone size-full wp-image-17291\" src=\"https:\/\/www.xiaomistoreks.com\/wp-content\/uploads\/2025\/01\/Xiaomi-Bluetooth-03.png\" alt=\"\" width=\"3360\" height=\"8780\" \/><\/a><a href=\"https:\/\/www.xiaomistoreks.com\/wp-content\/uploads\/2025\/01\/Xiaomi-Bluetooth-04.png\"><img loading=\"lazy\" decoding=\"async\" class=\"alignnone size-full wp-image-17292\" src=\"https:\/\/www.xiaomistoreks.com\/wp-content\/uploads\/2025\/01\/Xiaomi-Bluetooth-04.png\" alt=\"\" width=\"3360\" height=\"4464\" \/><\/a><\/p>\n","protected":false},"excerpt":{"rendered":"<p><strong>Xiaomi Bluetooth Speaker Mini<\/strong> ofron z\u00eb t\u00eb fuqish\u00ebm n\u00eb nj\u00eb dizajn kompakt dhe t\u00eb leht\u00eb p\u00ebr ta mbajtur. Me audio 360\u00b0 dhe teknologji Bluetooth 5.3, siguron lidhje t\u00eb q\u00ebndrueshme dhe tinguj cil\u00ebsor\u00eb. Rezistent ndaj ujit dhe pluhurit (IP67), \u00ebsht\u00eb perfekt p\u00ebr p\u00ebrdorim jasht\u00eb. Drita RGB krijon nj\u00eb atmosfer\u00eb unike, nd\u00ebrsa bateria prej 11 or\u00ebsh e b\u00ebn shoq\u00ebruesin ideal p\u00ebr muzik\u00eb gjat\u00eb gjith\u00eb dit\u00ebs.<\/p>\n","protected":false},"featured_media":17286,"template":"","meta":[],"product_cat":[203,202,176],"product_tag":[],"_links":{"self":[{"href":"https:\/\/www.xiaomistoreks.com\/en\/wp-json\/wp\/v2\/product\/17515"}],"collection":[{"href":"https:\/\/www.xiaomistoreks.com\/en\/wp-json\/wp\/v2\/product"}],"about":[{"href":"https:\/\/www.xiaomistoreks.com\/en\/wp-json\/wp\/v2\/types\/product"}],"version-history":[{"count":1,"href":"https:\/\/www.xiaomistoreks.com\/en\/wp-json\/wp\/v2\/product\/17515\/revisions"}],"predecessor-version":[{"id":17516,"href":"https:\/\/www.xiaomistoreks.com\/en\/wp-json\/wp\/v2\/product\/17515\/revisions\/17516"}],"wp:featuredmedia":[{"embeddable":true,"href":"https:\/\/www.xiaomistoreks.com\/en\/wp-json\/wp\/v2\/media\/17286"}],"wp:attachment":[{"href":"https:\/\/www.xiaomistoreks.com\/en\/wp-json\/wp\/v2\/media?parent=17515"}],"wp:term":[{"taxonomy":"product_cat","embeddable":true,"href":"https:\/\/www.xiaomistoreks.com\/en\/wp-json\/wp\/v2\/product_cat?post=17515"},{"taxonomy":"product_tag","embeddable":true,"href":"https:\/\/www.xiaomistoreks.com\/en\/wp-json\/wp\/v2\/product_tag?post=17515"}],"curies":[{"name":"wp","href":"https:\/\/api.w.org\/{rel}","templated":true}]}}