{"id":17479,"date":"2025-01-16T13:06:10","date_gmt":"2025-01-16T13:06:10","guid":{"rendered":"https:\/\/www.xiaomistoreks.com\/?post_type=product&#038;p=17479"},"modified":"2026-04-29T07:29:50","modified_gmt":"2026-04-29T07:29:50","slug":"xiaomi-type-c-earphones","status":"publish","type":"product","link":"https:\/\/www.xiaomistoreks.com\/en\/product\/xiaomi-type-c-earphones\/","title":{"rendered":"Xiaomi Type-C Earphones"},"content":{"rendered":"<p><a href=\"https:\/\/www.xiaomistoreks.com\/wp-content\/uploads\/2025\/01\/xiaomi-type-c-earphones-01-scaled.jpg\"><img fetchpriority=\"high\" decoding=\"async\" class=\"alignnone size-full wp-image-17484\" src=\"https:\/\/www.xiaomistoreks.com\/wp-content\/uploads\/2025\/01\/xiaomi-type-c-earphones-01-scaled.jpg\" alt=\"\" width=\"2560\" height=\"2196\" \/><\/a> <a href=\"https:\/\/www.xiaomistoreks.com\/wp-content\/uploads\/2025\/01\/xiaomi-type-c-earphones-02-scaled.jpg\"><img decoding=\"async\" class=\"alignnone size-full wp-image-17485\" src=\"https:\/\/www.xiaomistoreks.com\/wp-content\/uploads\/2025\/01\/xiaomi-type-c-earphones-02-scaled.jpg\" alt=\"\" width=\"2274\" height=\"2560\" \/><\/a> <a href=\"https:\/\/www.xiaomistoreks.com\/wp-content\/uploads\/2025\/01\/xiaomi-type-c-earphones-03--scaled.jpg\"><img decoding=\"async\" class=\"alignnone size-full wp-image-17486\" src=\"https:\/\/www.xiaomistoreks.com\/wp-content\/uploads\/2025\/01\/xiaomi-type-c-earphones-03--scaled.jpg\" alt=\"\" width=\"2277\" height=\"2560\" \/><\/a> <a href=\"https:\/\/www.xiaomistoreks.com\/wp-content\/uploads\/2025\/01\/xiaomi-type-c-earphones-04-scaled.jpg\"><img loading=\"lazy\" decoding=\"async\" class=\"alignnone size-full wp-image-17487\" src=\"https:\/\/www.xiaomistoreks.com\/wp-content\/uploads\/2025\/01\/xiaomi-type-c-earphones-04-scaled.jpg\" alt=\"\" width=\"1486\" height=\"2560\" \/><\/a><\/p>\n","protected":false},"excerpt":{"rendered":"<p><strong>Xiaomi Type-C Earphones<\/strong> ofrojn\u00eb tingull cil\u00ebsor dhe komoditet maksimal. Me nj\u00eb driver t\u00eb madh 12.4mm dhe mikrofon me reduktim t\u00eb zhurm\u00ebs, sigurojn\u00eb z\u00eb t\u00eb past\u00ebr gjat\u00eb bisedave dhe nj\u00eb p\u00ebrvoj\u00eb muzikore t\u00eb jasht\u00ebzakonshme. Dizajni ergonomik dhe lidhja Type-C garantojn\u00eb rehatin\u00eb dhe p\u00ebrshtatjen e p\u00ebrsosur. Kontrolli me tre butona dhe rezistenca ndaj ujit dhe pluhurit (IP54) i b\u00ebjn\u00eb ideale p\u00ebr p\u00ebrdorim t\u00eb p\u00ebrditsh\u00ebm.<\/p>\n","protected":false},"featured_media":17480,"template":"","meta":[],"product_cat":[202,213],"product_tag":[],"_links":{"self":[{"href":"https:\/\/www.xiaomistoreks.com\/en\/wp-json\/wp\/v2\/product\/17479"}],"collection":[{"href":"https:\/\/www.xiaomistoreks.com\/en\/wp-json\/wp\/v2\/product"}],"about":[{"href":"https:\/\/www.xiaomistoreks.com\/en\/wp-json\/wp\/v2\/types\/product"}],"version-history":[{"count":3,"href":"https:\/\/www.xiaomistoreks.com\/en\/wp-json\/wp\/v2\/product\/17479\/revisions"}],"predecessor-version":[{"id":18428,"href":"https:\/\/www.xiaomistoreks.com\/en\/wp-json\/wp\/v2\/product\/17479\/revisions\/18428"}],"wp:featuredmedia":[{"embeddable":true,"href":"https:\/\/www.xiaomistoreks.com\/en\/wp-json\/wp\/v2\/media\/17480"}],"wp:attachment":[{"href":"https:\/\/www.xiaomistoreks.com\/en\/wp-json\/wp\/v2\/media?parent=17479"}],"wp:term":[{"taxonomy":"product_cat","embeddable":true,"href":"https:\/\/www.xiaomistoreks.com\/en\/wp-json\/wp\/v2\/product_cat?post=17479"},{"taxonomy":"product_tag","embeddable":true,"href":"https:\/\/www.xiaomistoreks.com\/en\/wp-json\/wp\/v2\/product_tag?post=17479"}],"curies":[{"name":"wp","href":"https:\/\/api.w.org\/{rel}","templated":true}]}}