{"id":17307,"date":"2025-01-09T11:50:13","date_gmt":"2025-01-09T11:50:13","guid":{"rendered":"https:\/\/www.xiaomistoreks.com\/?post_type=product&#038;p=17307"},"modified":"2026-03-18T00:06:39","modified_gmt":"2026-03-18T00:06:39","slug":"xiaomi-straw-mug","status":"publish","type":"product","link":"https:\/\/www.xiaomistoreks.com\/en\/product\/xiaomi-straw-mug\/","title":{"rendered":"Xiaomi Straw Mug"},"content":{"rendered":"<p><a href=\"https:\/\/www.xiaomistoreks.com\/wp-content\/uploads\/2025\/01\/Xiaomi-Straw-Mug-01.png\"><img fetchpriority=\"high\" decoding=\"async\" class=\"alignnone size-full wp-image-17314\" src=\"https:\/\/www.xiaomistoreks.com\/wp-content\/uploads\/2025\/01\/Xiaomi-Straw-Mug-01.png\" alt=\"\" width=\"3360\" height=\"5326\" \/><\/a><a href=\"https:\/\/www.xiaomistoreks.com\/wp-content\/uploads\/2025\/01\/Xiaomi-Straw-Mug-02.png\"><img decoding=\"async\" class=\"alignnone size-full wp-image-17315\" src=\"https:\/\/www.xiaomistoreks.com\/wp-content\/uploads\/2025\/01\/Xiaomi-Straw-Mug-02.png\" alt=\"\" width=\"3360\" height=\"5097\" \/><\/a><a href=\"https:\/\/www.xiaomistoreks.com\/wp-content\/uploads\/2025\/01\/Xiaomi-Straw-Mug-03.png\"><img decoding=\"async\" class=\"alignnone size-full wp-image-17316\" src=\"https:\/\/www.xiaomistoreks.com\/wp-content\/uploads\/2025\/01\/Xiaomi-Straw-Mug-03.png\" alt=\"\" width=\"3360\" height=\"3679\" \/><\/a><a href=\"https:\/\/www.xiaomistoreks.com\/wp-content\/uploads\/2025\/01\/Xiaomi-Straw-Mug-04.png\"><img loading=\"lazy\" decoding=\"async\" class=\"alignnone size-full wp-image-17317\" src=\"https:\/\/www.xiaomistoreks.com\/wp-content\/uploads\/2025\/01\/Xiaomi-Straw-Mug-04.png\" alt=\"\" width=\"3360\" height=\"5941\" \/><\/a><\/p>\n","protected":false},"excerpt":{"rendered":"<p><strong>Xiaomi Straw Mug<\/strong> me kapacitet t\u00eb madh 1L dhe izolim t\u00eb avancuar mban pijet tuaja t\u00eb ngrohta p\u00ebr 6 or\u00eb ose t\u00eb ftohta p\u00ebr t\u00eb nj\u00ebjt\u00ebn koh\u00ebzgjatje. Ofron tre m\u00ebnyra t\u00eb pirjes \u2013 me pip\u00eb, duke derdhur drejtp\u00ebrdrejt ose duke pir\u00eb nga kupa \u2013 p\u00ebr prakticitet maksimal. Materialet e sigurta, \u00e7eliku inox 316L dhe pipa Tritan, sigurojn\u00eb sh\u00ebndet dhe q\u00ebndrueshm\u00ebri. Me nj\u00eb dizajn kompakt q\u00eb p\u00ebrshtatet n\u00eb mbajt\u00ebsit e makin\u00ebs, \u00ebsht\u00eb ideal p\u00ebr sht\u00ebpi, zyr\u00eb dhe aktivitete t\u00eb tjera.<\/p>\n","protected":false},"featured_media":17309,"template":"","meta":[],"product_cat":[176,188,192],"product_tag":[],"_links":{"self":[{"href":"https:\/\/www.xiaomistoreks.com\/en\/wp-json\/wp\/v2\/product\/17307"}],"collection":[{"href":"https:\/\/www.xiaomistoreks.com\/en\/wp-json\/wp\/v2\/product"}],"about":[{"href":"https:\/\/www.xiaomistoreks.com\/en\/wp-json\/wp\/v2\/types\/product"}],"version-history":[{"count":5,"href":"https:\/\/www.xiaomistoreks.com\/en\/wp-json\/wp\/v2\/product\/17307\/revisions"}],"predecessor-version":[{"id":20271,"href":"https:\/\/www.xiaomistoreks.com\/en\/wp-json\/wp\/v2\/product\/17307\/revisions\/20271"}],"wp:featuredmedia":[{"embeddable":true,"href":"https:\/\/www.xiaomistoreks.com\/en\/wp-json\/wp\/v2\/media\/17309"}],"wp:attachment":[{"href":"https:\/\/www.xiaomistoreks.com\/en\/wp-json\/wp\/v2\/media?parent=17307"}],"wp:term":[{"taxonomy":"product_cat","embeddable":true,"href":"https:\/\/www.xiaomistoreks.com\/en\/wp-json\/wp\/v2\/product_cat?post=17307"},{"taxonomy":"product_tag","embeddable":true,"href":"https:\/\/www.xiaomistoreks.com\/en\/wp-json\/wp\/v2\/product_tag?post=17307"}],"curies":[{"name":"wp","href":"https:\/\/api.w.org\/{rel}","templated":true}]}}