{"id":17258,"date":"2025-01-09T11:53:55","date_gmt":"2025-01-09T11:53:55","guid":{"rendered":"https:\/\/www.xiaomistoreks.com\/?post_type=product&#038;p=17258"},"modified":"2026-04-14T14:13:36","modified_gmt":"2026-04-14T14:13:36","slug":"xiaomi-night-light-3-gl","status":"publish","type":"product","link":"https:\/\/www.xiaomistoreks.com\/en\/product\/xiaomi-night-light-3-gl\/","title":{"rendered":"Xiaomi Night Light 3 GL"},"content":{"rendered":"<p><a href=\"https:\/\/www.xiaomistoreks.com\/wp-content\/uploads\/2025\/01\/Xiaomi-Night-Light-3-02.png\"><img fetchpriority=\"high\" decoding=\"async\" class=\"alignnone size-full wp-image-17263\" src=\"https:\/\/www.xiaomistoreks.com\/wp-content\/uploads\/2025\/01\/Xiaomi-Night-Light-3-02.png\" alt=\"\" width=\"3360\" height=\"5991\" \/><\/a><a href=\"https:\/\/www.xiaomistoreks.com\/wp-content\/uploads\/2025\/01\/Xiaomi-Night-Light-3-01.png\"><img decoding=\"async\" class=\"alignnone size-full wp-image-17264\" src=\"https:\/\/www.xiaomistoreks.com\/wp-content\/uploads\/2025\/01\/Xiaomi-Night-Light-3-01.png\" alt=\"\" width=\"3360\" height=\"7885\" \/><\/a><\/p>\n","protected":false},"excerpt":{"rendered":"<p><strong>Xiaomi Night Light 3<\/strong> ofron ndri\u00e7im t\u00eb but\u00eb dhe t\u00eb rehatsh\u00ebm me dy nivele ndri\u00e7imi p\u00ebr nj\u00eb ambient t\u00eb ngroht\u00eb. Me sensor\u00eb t\u00eb zgjuar t\u00eb l\u00ebvizjes dhe drit\u00ebs, aktivizohet automatikisht brenda nj\u00eb k\u00ebndi t\u00eb gjer\u00eb prej 120\u00b0 kur zbulohet l\u00ebvizja. Ka bateri t\u00eb rikarikueshme prej 600mAh q\u00eb ofron deri n\u00eb 8 muaj jet\u00ebgjat\u00ebsi. Mb\u00ebshtet karikim me Type-C dhe instalim t\u00eb leht\u00eb fal\u00eb magnetit t\u00eb integruar dhe baz\u00ebs ngjit\u00ebse. Ideal p\u00ebr \u00e7do ambient t\u00eb sht\u00ebpis\u00eb.<\/p>\n","protected":false},"featured_media":17259,"template":"","meta":[],"product_cat":[170,176],"product_tag":[],"_links":{"self":[{"href":"https:\/\/www.xiaomistoreks.com\/en\/wp-json\/wp\/v2\/product\/17258"}],"collection":[{"href":"https:\/\/www.xiaomistoreks.com\/en\/wp-json\/wp\/v2\/product"}],"about":[{"href":"https:\/\/www.xiaomistoreks.com\/en\/wp-json\/wp\/v2\/types\/product"}],"version-history":[{"count":3,"href":"https:\/\/www.xiaomistoreks.com\/en\/wp-json\/wp\/v2\/product\/17258\/revisions"}],"predecessor-version":[{"id":17517,"href":"https:\/\/www.xiaomistoreks.com\/en\/wp-json\/wp\/v2\/product\/17258\/revisions\/17517"}],"wp:featuredmedia":[{"embeddable":true,"href":"https:\/\/www.xiaomistoreks.com\/en\/wp-json\/wp\/v2\/media\/17259"}],"wp:attachment":[{"href":"https:\/\/www.xiaomistoreks.com\/en\/wp-json\/wp\/v2\/media?parent=17258"}],"wp:term":[{"taxonomy":"product_cat","embeddable":true,"href":"https:\/\/www.xiaomistoreks.com\/en\/wp-json\/wp\/v2\/product_cat?post=17258"},{"taxonomy":"product_tag","embeddable":true,"href":"https:\/\/www.xiaomistoreks.com\/en\/wp-json\/wp\/v2\/product_tag?post=17258"}],"curies":[{"name":"wp","href":"https:\/\/api.w.org\/{rel}","templated":true}]}}