{"id":17250,"date":"2025-01-09T11:53:55","date_gmt":"2025-01-09T11:53:55","guid":{"rendered":"https:\/\/www.xiaomistoreks.com\/?post_type=product&#038;p=17250"},"modified":"2026-05-07T09:42:57","modified_gmt":"2026-05-07T09:42:57","slug":"xiaomi-mi-high-capacity-ball-pen-10-pack","status":"publish","type":"product","link":"https:\/\/www.xiaomistoreks.com\/en\/product\/xiaomi-mi-high-capacity-ball-pen-10-pack\/","title":{"rendered":"Xiaomi Mi High-capacity Ball Pen (10-Pack)"},"content":{"rendered":"<p><a href=\"https:\/\/www.xiaomistoreks.com\/wp-content\/uploads\/2025\/01\/xiaomi-ballpoint-pen-10-pack-01-.png\"><img fetchpriority=\"high\" decoding=\"async\" class=\"alignnone size-full wp-image-17521\" src=\"https:\/\/www.xiaomistoreks.com\/wp-content\/uploads\/2025\/01\/xiaomi-ballpoint-pen-10-pack-01-.png\" alt=\"\" width=\"3360\" height=\"3534\" \/><\/a> <a href=\"https:\/\/www.xiaomistoreks.com\/wp-content\/uploads\/2025\/01\/xiaomi-ballpoint-pen-10-pack-02-.png\"><img decoding=\"async\" class=\"alignnone size-full wp-image-17522\" src=\"https:\/\/www.xiaomistoreks.com\/wp-content\/uploads\/2025\/01\/xiaomi-ballpoint-pen-10-pack-02-.png\" alt=\"\" width=\"3360\" height=\"3486\" \/><\/a> <a href=\"https:\/\/www.xiaomistoreks.com\/wp-content\/uploads\/2025\/01\/xiaomi-ballpoint-pen-10-pack-03-.png\"><img decoding=\"async\" class=\"alignnone size-full wp-image-17523\" src=\"https:\/\/www.xiaomistoreks.com\/wp-content\/uploads\/2025\/01\/xiaomi-ballpoint-pen-10-pack-03-.png\" alt=\"\" width=\"3360\" height=\"3661\" \/><\/a> <a href=\"https:\/\/www.xiaomistoreks.com\/wp-content\/uploads\/2025\/01\/xiaomi-ballpoint-pen-10-pack-04.png\"><img loading=\"lazy\" decoding=\"async\" class=\"alignnone size-full wp-image-17524\" src=\"https:\/\/www.xiaomistoreks.com\/wp-content\/uploads\/2025\/01\/xiaomi-ballpoint-pen-10-pack-04.png\" alt=\"\" width=\"3360\" height=\"3549\" \/><\/a><\/p>\n","protected":false},"excerpt":{"rendered":"<p><strong>Xiaomi Ballpoint Pen (10-Pack)<\/strong> ofron nj\u00eb p\u00ebrvoj\u00eb t\u00eb shkrimit t\u00eb but\u00eb dhe t\u00eb qart\u00eb me boj\u00eb pigmenti q\u00eb nuk njollos dhe thahet shpejt. Dizajni i t\u00ebrheqsh\u00ebm eliminon nevoj\u00ebn p\u00ebr kapak, nd\u00ebrsa maja precize 0.5mm siguron shkrim t\u00eb sakt\u00eb dhe t\u00eb q\u00ebndruesh\u00ebm. Me pesh\u00eb t\u00eb leht\u00eb 9.3g dhe estetik\u00eb minimaliste, k\u00ebto stilolapsa jan\u00eb ideal\u00eb p\u00ebr p\u00ebrdorim t\u00eb p\u00ebrditsh\u00ebm dhe dokumente zyrtare. Paketa p\u00ebrfshin 10 stilolapsa, perfekt p\u00ebr ndarjen me miq dhe koleg\u00eb.<\/p>\n","protected":false},"featured_media":17518,"template":"","meta":[],"product_cat":[176,188,192],"product_tag":[],"_links":{"self":[{"href":"https:\/\/www.xiaomistoreks.com\/en\/wp-json\/wp\/v2\/product\/17250"}],"collection":[{"href":"https:\/\/www.xiaomistoreks.com\/en\/wp-json\/wp\/v2\/product"}],"about":[{"href":"https:\/\/www.xiaomistoreks.com\/en\/wp-json\/wp\/v2\/types\/product"}],"version-history":[{"count":5,"href":"https:\/\/www.xiaomistoreks.com\/en\/wp-json\/wp\/v2\/product\/17250\/revisions"}],"predecessor-version":[{"id":20272,"href":"https:\/\/www.xiaomistoreks.com\/en\/wp-json\/wp\/v2\/product\/17250\/revisions\/20272"}],"wp:featuredmedia":[{"embeddable":true,"href":"https:\/\/www.xiaomistoreks.com\/en\/wp-json\/wp\/v2\/media\/17518"}],"wp:attachment":[{"href":"https:\/\/www.xiaomistoreks.com\/en\/wp-json\/wp\/v2\/media?parent=17250"}],"wp:term":[{"taxonomy":"product_cat","embeddable":true,"href":"https:\/\/www.xiaomistoreks.com\/en\/wp-json\/wp\/v2\/product_cat?post=17250"},{"taxonomy":"product_tag","embeddable":true,"href":"https:\/\/www.xiaomistoreks.com\/en\/wp-json\/wp\/v2\/product_tag?post=17250"}],"curies":[{"name":"wp","href":"https:\/\/api.w.org\/{rel}","templated":true}]}}