{"id":17114,"date":"2024-12-18T17:14:20","date_gmt":"2024-12-18T17:14:20","guid":{"rendered":"https:\/\/www.xiaomistoreks.com\/?post_type=product&#038;p=17114"},"modified":"2026-04-08T00:06:36","modified_gmt":"2026-04-08T00:06:36","slug":"redmi-pad-pro-5g","status":"publish","type":"product","link":"https:\/\/www.xiaomistoreks.com\/en\/product\/redmi-pad-pro-5g\/","title":{"rendered":"Redmi Pad Pro 5G"},"content":{"rendered":"<p><a href=\"https:\/\/www.xiaomistoreks.com\/wp-content\/uploads\/2024\/12\/redmipadpro-01.png\"><img fetchpriority=\"high\" decoding=\"async\" class=\"alignnone size-full wp-image-17118\" src=\"https:\/\/www.xiaomistoreks.com\/wp-content\/uploads\/2024\/12\/redmipadpro-01.png\" alt=\"\" width=\"3360\" height=\"9124\" \/><\/a><a href=\"https:\/\/www.xiaomistoreks.com\/wp-content\/uploads\/2024\/12\/redmipadpro-02.png\"><img decoding=\"async\" class=\"alignnone size-full wp-image-17119\" src=\"https:\/\/www.xiaomistoreks.com\/wp-content\/uploads\/2024\/12\/redmipadpro-02.png\" alt=\"\" width=\"3360\" height=\"8235\" \/><\/a><a href=\"https:\/\/www.xiaomistoreks.com\/wp-content\/uploads\/2024\/12\/redmipadpro-03.png\"><img decoding=\"async\" class=\"alignnone size-full wp-image-17120\" src=\"https:\/\/www.xiaomistoreks.com\/wp-content\/uploads\/2024\/12\/redmipadpro-03.png\" alt=\"\" width=\"3360\" height=\"11176\" \/><\/a><a href=\"https:\/\/www.xiaomistoreks.com\/wp-content\/uploads\/2024\/12\/redmipadpro-04.png\"><img loading=\"lazy\" decoding=\"async\" class=\"alignnone size-full wp-image-17121\" src=\"https:\/\/www.xiaomistoreks.com\/wp-content\/uploads\/2024\/12\/redmipadpro-04.png\" alt=\"\" width=\"3360\" height=\"10306\" \/><\/a><a href=\"https:\/\/www.xiaomistoreks.com\/wp-content\/uploads\/2024\/12\/redmipadpro-05.png\"><img loading=\"lazy\" decoding=\"async\" class=\"alignnone size-full wp-image-17122\" src=\"https:\/\/www.xiaomistoreks.com\/wp-content\/uploads\/2024\/12\/redmipadpro-05.png\" alt=\"\" width=\"3360\" height=\"8828\" \/><\/a><\/p>\n","protected":false},"excerpt":{"rendered":"<p><strong>Redmi Pad Pro 5G<\/strong> sjell nj\u00eb ekran t\u00eb madh 12.1&#8243; 2.5K me frekuenc\u00eb rifreskimi 120Hz p\u00ebr nj\u00eb p\u00ebrvoj\u00eb vizuale t\u00eb qart\u00eb dhe t\u00eb l\u00ebngshme. I pajisur me procesor Snapdragon\u00ae 7s Gen 2, ofron performanc\u00eb t\u00eb fuqishme dhe efikasitet energjetik. Me baterin\u00eb e tij t\u00eb madhe 10,000mAh dhe karikim t\u00eb shpejt\u00eb 33W, siguron p\u00ebrdorim t\u00eb gjat\u00eb pa nd\u00ebrprerje. Sistemi Xiaomi HyperOS garanton nj\u00eb nd\u00ebrveprim t\u00eb qet\u00eb, nd\u00ebrsa kat\u00ebr altoparlant\u00ebt Dolby Atmos sigurojn\u00eb nj\u00eb p\u00ebrvoj\u00eb kinematografike. Dizajni i tij mb\u00ebshtet 5G dhe lidhje Wi-Fi 6E p\u00ebr nj\u00eb funksionalitet maksimal.<\/p>\n","protected":false},"featured_media":17117,"template":"","meta":[],"product_cat":[150,151,154],"product_tag":[],"_links":{"self":[{"href":"https:\/\/www.xiaomistoreks.com\/en\/wp-json\/wp\/v2\/product\/17114"}],"collection":[{"href":"https:\/\/www.xiaomistoreks.com\/en\/wp-json\/wp\/v2\/product"}],"about":[{"href":"https:\/\/www.xiaomistoreks.com\/en\/wp-json\/wp\/v2\/types\/product"}],"version-history":[{"count":4,"href":"https:\/\/www.xiaomistoreks.com\/en\/wp-json\/wp\/v2\/product\/17114\/revisions"}],"predecessor-version":[{"id":17125,"href":"https:\/\/www.xiaomistoreks.com\/en\/wp-json\/wp\/v2\/product\/17114\/revisions\/17125"}],"wp:featuredmedia":[{"embeddable":true,"href":"https:\/\/www.xiaomistoreks.com\/en\/wp-json\/wp\/v2\/media\/17117"}],"wp:attachment":[{"href":"https:\/\/www.xiaomistoreks.com\/en\/wp-json\/wp\/v2\/media?parent=17114"}],"wp:term":[{"taxonomy":"product_cat","embeddable":true,"href":"https:\/\/www.xiaomistoreks.com\/en\/wp-json\/wp\/v2\/product_cat?post=17114"},{"taxonomy":"product_tag","embeddable":true,"href":"https:\/\/www.xiaomistoreks.com\/en\/wp-json\/wp\/v2\/product_tag?post=17114"}],"curies":[{"name":"wp","href":"https:\/\/api.w.org\/{rel}","templated":true}]}}