{"id":17037,"date":"2024-12-17T00:47:33","date_gmt":"2024-12-17T00:47:33","guid":{"rendered":"https:\/\/www.xiaomistoreks.com\/?post_type=product&#038;p=17037"},"modified":"2026-05-11T10:50:55","modified_gmt":"2026-05-11T10:50:55","slug":"xiaomi-tv-a","status":"publish","type":"product","link":"https:\/\/www.xiaomistoreks.com\/en\/product\/xiaomi-tv-a\/","title":{"rendered":"Xiaomi TV A"},"content":{"rendered":"<p><a href=\"https:\/\/www.xiaomistoreks.com\/wp-content\/uploads\/2024\/12\/a-55-04.png\"><img fetchpriority=\"high\" decoding=\"async\" class=\"alignnone size-full wp-image-17041\" src=\"https:\/\/www.xiaomistoreks.com\/wp-content\/uploads\/2024\/12\/a-55-04.png\" alt=\"\" width=\"1920\" height=\"991\" \/><\/a><a href=\"https:\/\/www.xiaomistoreks.com\/wp-content\/uploads\/2024\/12\/a-55-01.png\"><img decoding=\"async\" class=\"alignnone size-full wp-image-17044\" src=\"https:\/\/www.xiaomistoreks.com\/wp-content\/uploads\/2024\/12\/a-55-01.png\" alt=\"\" width=\"1920\" height=\"4036\" \/><\/a><a href=\"https:\/\/www.xiaomistoreks.com\/wp-content\/uploads\/2024\/12\/a-55-02.png\"><img decoding=\"async\" class=\"alignnone size-full wp-image-17043\" src=\"https:\/\/www.xiaomistoreks.com\/wp-content\/uploads\/2024\/12\/a-55-02.png\" alt=\"\" width=\"1920\" height=\"5480\" \/><\/a><a href=\"https:\/\/www.xiaomistoreks.com\/wp-content\/uploads\/2024\/12\/a-55-03.png\"><img loading=\"lazy\" decoding=\"async\" class=\"alignnone size-full wp-image-17042\" src=\"https:\/\/www.xiaomistoreks.com\/wp-content\/uploads\/2024\/12\/a-55-03.png\" alt=\"\" width=\"1920\" height=\"8964\" \/><\/a><\/p>\n","protected":false},"excerpt":{"rendered":"<p><strong>Xiaomi TV A 50&#8243; dhe 55&#8243; 2025<\/strong> sjellin p\u00ebrvoj\u00eb mahnit\u00ebse 4K UHD me teknologji HDR10 dhe MEMC p\u00ebr pamje t\u00eb qarta dhe t\u00eb l\u00ebngshme, t\u00eb p\u00ebrsosura p\u00ebr filma dhe sporte. Dizajni premium me korniza ultra t\u00eb holla ofron nj\u00eb ekran t\u00ebr\u00ebsisht imersiv. Sistemi Dolby Audio\u2122 dhe DTS Virtual:X siguron audio t\u00eb pasur dhe rrethues. Me Google TV t\u00eb integruar, keni akses n\u00eb p\u00ebrmbajtje t\u00eb personalizuar dhe komand\u00eb zanore me Google Assistant. Performanca e shpejt\u00eb dhe lidhja e avancuar e b\u00ebjn\u00eb k\u00ebt\u00eb TV t\u00eb p\u00ebrsosur p\u00ebr \u00e7do sht\u00ebpi moderne.<\/p>\n","protected":false},"featured_media":17040,"template":"","meta":[],"product_cat":[176,204],"product_tag":[],"_links":{"self":[{"href":"https:\/\/www.xiaomistoreks.com\/en\/wp-json\/wp\/v2\/product\/17037"}],"collection":[{"href":"https:\/\/www.xiaomistoreks.com\/en\/wp-json\/wp\/v2\/product"}],"about":[{"href":"https:\/\/www.xiaomistoreks.com\/en\/wp-json\/wp\/v2\/types\/product"}],"version-history":[{"count":2,"href":"https:\/\/www.xiaomistoreks.com\/en\/wp-json\/wp\/v2\/product\/17037\/revisions"}],"predecessor-version":[{"id":19849,"href":"https:\/\/www.xiaomistoreks.com\/en\/wp-json\/wp\/v2\/product\/17037\/revisions\/19849"}],"wp:featuredmedia":[{"embeddable":true,"href":"https:\/\/www.xiaomistoreks.com\/en\/wp-json\/wp\/v2\/media\/17040"}],"wp:attachment":[{"href":"https:\/\/www.xiaomistoreks.com\/en\/wp-json\/wp\/v2\/media?parent=17037"}],"wp:term":[{"taxonomy":"product_cat","embeddable":true,"href":"https:\/\/www.xiaomistoreks.com\/en\/wp-json\/wp\/v2\/product_cat?post=17037"},{"taxonomy":"product_tag","embeddable":true,"href":"https:\/\/www.xiaomistoreks.com\/en\/wp-json\/wp\/v2\/product_tag?post=17037"}],"curies":[{"name":"wp","href":"https:\/\/api.w.org\/{rel}","templated":true}]}}