{"id":17014,"date":"2024-12-17T00:15:05","date_gmt":"2024-12-17T00:15:05","guid":{"rendered":"https:\/\/www.xiaomistoreks.com\/?post_type=product&#038;p=17014"},"modified":"2026-03-06T00:33:15","modified_gmt":"2026-03-06T00:33:15","slug":"xiaomi-18w-power-bank-30000mah","status":"publish","type":"product","link":"https:\/\/www.xiaomistoreks.com\/en\/product\/xiaomi-18w-power-bank-30000mah\/","title":{"rendered":"Xiaomi 18W Power Bank 30000mAh"},"content":{"rendered":"<p><a href=\"https:\/\/www.xiaomistoreks.com\/wp-content\/uploads\/2024\/12\/power-bank-01.png\"><img fetchpriority=\"high\" decoding=\"async\" class=\"alignnone size-full wp-image-17019\" src=\"https:\/\/www.xiaomistoreks.com\/wp-content\/uploads\/2024\/12\/power-bank-01.png\" alt=\"\" width=\"1920\" height=\"4070\" \/><\/a><a href=\"https:\/\/www.xiaomistoreks.com\/wp-content\/uploads\/2024\/12\/power-bank-02.png\"><img decoding=\"async\" class=\"alignnone size-full wp-image-17018\" src=\"https:\/\/www.xiaomistoreks.com\/wp-content\/uploads\/2024\/12\/power-bank-02.png\" alt=\"\" width=\"1920\" height=\"5712\" \/><\/a><\/p>\n","protected":false},"excerpt":{"rendered":"<p>Xiaomi 18W Power Bank 30000mAh ofron kapacitet ultra t\u00eb lart\u00eb p\u00ebr karikim deri n\u00eb 10 dit\u00eb me nj\u00eb mbushje t\u00eb vetme. Mb\u00ebshtet karikim t\u00eb shpejt\u00eb 18W dhe mund t\u00eb karikoj\u00eb deri n\u00eb 3 pajisje nj\u00ebkoh\u00ebsisht fal\u00eb dy porteve USB-A dhe nj\u00eb USB-C. Dizajni i q\u00ebndruesh\u00ebm dhe mbrojtjet e avancuara t\u00eb qarkut garantojn\u00eb p\u00ebrdorim t\u00eb sigurt dhe efikas. Ideale p\u00ebr udh\u00ebtime dhe p\u00ebrdorim t\u00eb p\u00ebrditsh\u00ebm.<\/p>\n","protected":false},"featured_media":17017,"template":"","meta":[],"product_cat":[171,176,218],"product_tag":[],"_links":{"self":[{"href":"https:\/\/www.xiaomistoreks.com\/en\/wp-json\/wp\/v2\/product\/17014"}],"collection":[{"href":"https:\/\/www.xiaomistoreks.com\/en\/wp-json\/wp\/v2\/product"}],"about":[{"href":"https:\/\/www.xiaomistoreks.com\/en\/wp-json\/wp\/v2\/types\/product"}],"version-history":[{"count":2,"href":"https:\/\/www.xiaomistoreks.com\/en\/wp-json\/wp\/v2\/product\/17014\/revisions"}],"predecessor-version":[{"id":20849,"href":"https:\/\/www.xiaomistoreks.com\/en\/wp-json\/wp\/v2\/product\/17014\/revisions\/20849"}],"wp:featuredmedia":[{"embeddable":true,"href":"https:\/\/www.xiaomistoreks.com\/en\/wp-json\/wp\/v2\/media\/17017"}],"wp:attachment":[{"href":"https:\/\/www.xiaomistoreks.com\/en\/wp-json\/wp\/v2\/media?parent=17014"}],"wp:term":[{"taxonomy":"product_cat","embeddable":true,"href":"https:\/\/www.xiaomistoreks.com\/en\/wp-json\/wp\/v2\/product_cat?post=17014"},{"taxonomy":"product_tag","embeddable":true,"href":"https:\/\/www.xiaomistoreks.com\/en\/wp-json\/wp\/v2\/product_tag?post=17014"}],"curies":[{"name":"wp","href":"https:\/\/api.w.org\/{rel}","templated":true}]}}