{"id":17005,"date":"2024-12-17T00:04:16","date_gmt":"2024-12-17T00:04:16","guid":{"rendered":"https:\/\/www.xiaomistoreks.com\/?post_type=product&#038;p=17005"},"modified":"2026-05-02T15:16:55","modified_gmt":"2026-05-02T15:16:55","slug":"xiaomi-magnetic-power-bank-6000mah","status":"publish","type":"product","link":"https:\/\/www.xiaomistoreks.com\/en\/product\/xiaomi-magnetic-power-bank-6000mah\/","title":{"rendered":"Xiaomi Magnetic Power Bank 6000mAh"},"content":{"rendered":"<p><a href=\"https:\/\/www.xiaomistoreks.com\/wp-content\/uploads\/2024\/12\/magnetic-01.png\"><img fetchpriority=\"high\" decoding=\"async\" class=\"alignnone size-full wp-image-17012\" src=\"https:\/\/www.xiaomistoreks.com\/wp-content\/uploads\/2024\/12\/magnetic-01.png\" alt=\"\" width=\"1920\" height=\"2546\" \/><\/a><a href=\"https:\/\/www.xiaomistoreks.com\/wp-content\/uploads\/2024\/12\/magnetic-02.png\"><img decoding=\"async\" class=\"alignnone size-full wp-image-17011\" src=\"https:\/\/www.xiaomistoreks.com\/wp-content\/uploads\/2024\/12\/magnetic-02.png\" alt=\"\" width=\"1920\" height=\"5689\" \/><\/a><a href=\"https:\/\/www.xiaomistoreks.com\/wp-content\/uploads\/2024\/12\/magnetic-03.png\"><img decoding=\"async\" class=\"alignnone size-full wp-image-17010\" src=\"https:\/\/www.xiaomistoreks.com\/wp-content\/uploads\/2024\/12\/magnetic-03.png\" alt=\"\" width=\"1920\" height=\"8582\" \/><\/a><\/p>\n","protected":false},"excerpt":{"rendered":"<p>Xiaomi Magnetic Power Bank 6000mAh ofron karikim t\u00eb shpejt\u00eb 15W p\u00ebr pajisjet iPhone dhe ka nj\u00eb kapacitet q\u00eb mund t\u00eb zgjas\u00eb jet\u00ebgjat\u00ebsin\u00eb e bateris\u00eb m\u00eb shum\u00eb se dyfish. Me nj\u00eb dizajn t\u00eb holl\u00eb dhe mb\u00ebshtetje magnetike, p\u00ebrfshin gjithashtu nj\u00eb mbajt\u00ebse t\u00eb integruar p\u00ebr p\u00ebrdorim praktik n\u00eb pozicione vertikale ose horizontale. P\u00ebrdor materiale rezistente dhe p\u00ebrfshin mbrojtje t\u00eb avancuar p\u00ebr siguri maksimale gjat\u00eb karikimit.<\/p>\n","protected":false},"featured_media":17009,"template":"","meta":[],"product_cat":[171,176,218,155],"product_tag":[],"_links":{"self":[{"href":"https:\/\/www.xiaomistoreks.com\/en\/wp-json\/wp\/v2\/product\/17005"}],"collection":[{"href":"https:\/\/www.xiaomistoreks.com\/en\/wp-json\/wp\/v2\/product"}],"about":[{"href":"https:\/\/www.xiaomistoreks.com\/en\/wp-json\/wp\/v2\/types\/product"}],"version-history":[{"count":1,"href":"https:\/\/www.xiaomistoreks.com\/en\/wp-json\/wp\/v2\/product\/17005\/revisions"}],"predecessor-version":[{"id":17013,"href":"https:\/\/www.xiaomistoreks.com\/en\/wp-json\/wp\/v2\/product\/17005\/revisions\/17013"}],"wp:featuredmedia":[{"embeddable":true,"href":"https:\/\/www.xiaomistoreks.com\/en\/wp-json\/wp\/v2\/media\/17009"}],"wp:attachment":[{"href":"https:\/\/www.xiaomistoreks.com\/en\/wp-json\/wp\/v2\/media?parent=17005"}],"wp:term":[{"taxonomy":"product_cat","embeddable":true,"href":"https:\/\/www.xiaomistoreks.com\/en\/wp-json\/wp\/v2\/product_cat?post=17005"},{"taxonomy":"product_tag","embeddable":true,"href":"https:\/\/www.xiaomistoreks.com\/en\/wp-json\/wp\/v2\/product_tag?post=17005"}],"curies":[{"name":"wp","href":"https:\/\/api.w.org\/{rel}","templated":true}]}}