{"id":16968,"date":"2024-12-16T23:30:07","date_gmt":"2024-12-16T23:30:07","guid":{"rendered":"https:\/\/www.xiaomistoreks.com\/?post_type=product&#038;p=16968"},"modified":"2026-05-11T11:13:01","modified_gmt":"2026-05-11T11:13:01","slug":"xiaomi-smart-electric-hot-water-dispenser-5l","status":"publish","type":"product","link":"https:\/\/www.xiaomistoreks.com\/en\/product\/xiaomi-smart-electric-hot-water-dispenser-5l\/","title":{"rendered":"Xiaomi Smart Electric Hot Water Dispenser 5L"},"content":{"rendered":"<p><a href=\"https:\/\/www.xiaomistoreks.com\/wp-content\/uploads\/2024\/12\/water-01.png\"><img fetchpriority=\"high\" decoding=\"async\" class=\"alignnone size-full wp-image-16974\" src=\"https:\/\/www.xiaomistoreks.com\/wp-content\/uploads\/2024\/12\/water-01.png\" alt=\"\" width=\"1920\" height=\"4999\" \/><\/a><a href=\"https:\/\/www.xiaomistoreks.com\/wp-content\/uploads\/2024\/12\/water-02.png\"><img decoding=\"async\" class=\"alignnone size-full wp-image-16973\" src=\"https:\/\/www.xiaomistoreks.com\/wp-content\/uploads\/2024\/12\/water-02.png\" alt=\"\" width=\"1920\" height=\"6441\" \/><\/a><a href=\"https:\/\/www.xiaomistoreks.com\/wp-content\/uploads\/2024\/12\/water-03.png\"><img decoding=\"async\" class=\"alignnone size-full wp-image-16972\" src=\"https:\/\/www.xiaomistoreks.com\/wp-content\/uploads\/2024\/12\/water-03.png\" alt=\"\" width=\"1920\" height=\"7731\" \/><\/a><\/p>\n","protected":false},"excerpt":{"rendered":"<p>Xiaomi Smart Electric Hot Water Dispenser 5L ofron uj\u00eb t\u00eb zier p\u00ebr \u00e7do nevoj\u00eb me kapacitet t\u00eb madh prej 5L dhe mund\u00ebsi p\u00ebr temperatur\u00eb t\u00eb rregullueshme nga 40\u00b0C deri n\u00eb 90\u00b0C. Me fuqi t\u00eb lart\u00eb prej 1600W, siguron zierje t\u00eb shpejt\u00eb n\u00eb vet\u00ebm 18 minuta. P\u00ebrdor material t\u00eb sigurt dhe funksione smart si kontrolli p\u00ebrmes aplikacionit Xiaomi Home. Ideale p\u00ebr \u00e7do familje, me ndri\u00e7im p\u00ebr p\u00ebrdorim nat\u00ebn dhe mbrojtje kund\u00ebr djegies.<\/p>\n","protected":false},"featured_media":16971,"template":"","meta":[],"product_cat":[176,238,169],"product_tag":[],"_links":{"self":[{"href":"https:\/\/www.xiaomistoreks.com\/en\/wp-json\/wp\/v2\/product\/16968"}],"collection":[{"href":"https:\/\/www.xiaomistoreks.com\/en\/wp-json\/wp\/v2\/product"}],"about":[{"href":"https:\/\/www.xiaomistoreks.com\/en\/wp-json\/wp\/v2\/types\/product"}],"version-history":[{"count":1,"href":"https:\/\/www.xiaomistoreks.com\/en\/wp-json\/wp\/v2\/product\/16968\/revisions"}],"predecessor-version":[{"id":16975,"href":"https:\/\/www.xiaomistoreks.com\/en\/wp-json\/wp\/v2\/product\/16968\/revisions\/16975"}],"wp:featuredmedia":[{"embeddable":true,"href":"https:\/\/www.xiaomistoreks.com\/en\/wp-json\/wp\/v2\/media\/16971"}],"wp:attachment":[{"href":"https:\/\/www.xiaomistoreks.com\/en\/wp-json\/wp\/v2\/media?parent=16968"}],"wp:term":[{"taxonomy":"product_cat","embeddable":true,"href":"https:\/\/www.xiaomistoreks.com\/en\/wp-json\/wp\/v2\/product_cat?post=16968"},{"taxonomy":"product_tag","embeddable":true,"href":"https:\/\/www.xiaomistoreks.com\/en\/wp-json\/wp\/v2\/product_tag?post=16968"}],"curies":[{"name":"wp","href":"https:\/\/api.w.org\/{rel}","templated":true}]}}