{"id":16959,"date":"2024-12-16T23:21:33","date_gmt":"2024-12-16T23:21:33","guid":{"rendered":"https:\/\/www.xiaomistoreks.com\/?post_type=product&#038;p=16959"},"modified":"2026-04-21T19:06:56","modified_gmt":"2026-04-21T19:06:56","slug":"xiaomi-desk-lamp-lite","status":"publish","type":"product","link":"https:\/\/www.xiaomistoreks.com\/en\/product\/xiaomi-desk-lamp-lite\/","title":{"rendered":"Xiaomi Desk Lamp Lite"},"content":{"rendered":"<p><a href=\"https:\/\/www.xiaomistoreks.com\/wp-content\/uploads\/2024\/12\/mm-01.png\"><img fetchpriority=\"high\" decoding=\"async\" class=\"alignnone size-full wp-image-16964\" src=\"https:\/\/www.xiaomistoreks.com\/wp-content\/uploads\/2024\/12\/mm-01.png\" alt=\"\" width=\"1920\" height=\"3664\" \/><\/a><a href=\"https:\/\/www.xiaomistoreks.com\/wp-content\/uploads\/2024\/12\/mm-02.png\"><img decoding=\"async\" class=\"alignnone size-full wp-image-16963\" src=\"https:\/\/www.xiaomistoreks.com\/wp-content\/uploads\/2024\/12\/mm-02.png\" alt=\"\" width=\"1920\" height=\"5780\" \/><\/a><\/p>\n","protected":false},"excerpt":{"rendered":"<p>Xiaomi Desk Lamp Lite ofron ndri\u00e7im t\u00eb gjer\u00eb dhe uniform me CRI Ra90 p\u00ebr ngjyra t\u00eb sakta dhe tre nivele ndri\u00e7imi p\u00ebr skenar\u00eb t\u00eb ndrysh\u00ebm. Dizajni fleksib\u00ebl me tre boshte lejon pozicionim t\u00eb leht\u00eb, nd\u00ebrsa ndri\u00e7imi i but\u00eb pa drit\u00eb t\u00eb kalt\u00ebr mbron syt\u00eb nga lodhja. Kompakt dhe i thjesht\u00eb, p\u00ebrshtatet p\u00ebr \u00e7do hap\u00ebsir\u00eb.<\/p>\n","protected":false},"featured_media":16962,"template":"","meta":[],"product_cat":[170,176,169],"product_tag":[],"_links":{"self":[{"href":"https:\/\/www.xiaomistoreks.com\/en\/wp-json\/wp\/v2\/product\/16959"}],"collection":[{"href":"https:\/\/www.xiaomistoreks.com\/en\/wp-json\/wp\/v2\/product"}],"about":[{"href":"https:\/\/www.xiaomistoreks.com\/en\/wp-json\/wp\/v2\/types\/product"}],"version-history":[{"count":1,"href":"https:\/\/www.xiaomistoreks.com\/en\/wp-json\/wp\/v2\/product\/16959\/revisions"}],"predecessor-version":[{"id":16967,"href":"https:\/\/www.xiaomistoreks.com\/en\/wp-json\/wp\/v2\/product\/16959\/revisions\/16967"}],"wp:featuredmedia":[{"embeddable":true,"href":"https:\/\/www.xiaomistoreks.com\/en\/wp-json\/wp\/v2\/media\/16962"}],"wp:attachment":[{"href":"https:\/\/www.xiaomistoreks.com\/en\/wp-json\/wp\/v2\/media?parent=16959"}],"wp:term":[{"taxonomy":"product_cat","embeddable":true,"href":"https:\/\/www.xiaomistoreks.com\/en\/wp-json\/wp\/v2\/product_cat?post=16959"},{"taxonomy":"product_tag","embeddable":true,"href":"https:\/\/www.xiaomistoreks.com\/en\/wp-json\/wp\/v2\/product_tag?post=16959"}],"curies":[{"name":"wp","href":"https:\/\/api.w.org\/{rel}","templated":true}]}}