{"id":16951,"date":"2024-12-16T23:13:07","date_gmt":"2024-12-16T23:13:07","guid":{"rendered":"https:\/\/www.xiaomistoreks.com\/?post_type=product&#038;p=16951"},"modified":"2026-04-09T08:48:47","modified_gmt":"2026-04-09T08:48:47","slug":"xiaomi-magnetic-reading-light-bar","status":"publish","type":"product","link":"https:\/\/www.xiaomistoreks.com\/en\/product\/xiaomi-magnetic-reading-light-bar\/","title":{"rendered":"Xiaomi Magnetic Reading Light Bar"},"content":{"rendered":"<p><a href=\"https:\/\/www.xiaomistoreks.com\/wp-content\/uploads\/2024\/12\/LAMP01.png\"><img fetchpriority=\"high\" decoding=\"async\" class=\"alignnone size-full wp-image-16957\" src=\"https:\/\/www.xiaomistoreks.com\/wp-content\/uploads\/2024\/12\/LAMP01.png\" alt=\"\" width=\"1918\" height=\"2945\" \/><\/a><a href=\"https:\/\/www.xiaomistoreks.com\/wp-content\/uploads\/2024\/12\/LAMP02.png\"><img decoding=\"async\" class=\"alignnone size-full wp-image-16956\" src=\"https:\/\/www.xiaomistoreks.com\/wp-content\/uploads\/2024\/12\/LAMP02.png\" alt=\"\" width=\"1920\" height=\"4601\" \/><\/a><a href=\"https:\/\/www.xiaomistoreks.com\/wp-content\/uploads\/2024\/12\/LAMP03.png\"><img decoding=\"async\" class=\"alignnone size-full wp-image-16955\" src=\"https:\/\/www.xiaomistoreks.com\/wp-content\/uploads\/2024\/12\/LAMP03.png\" alt=\"\" width=\"1920\" height=\"3919\" \/><\/a><\/p>\n","protected":false},"excerpt":{"rendered":"<p>Xiaomi Magnetic Reading Light Bar ofron ndri\u00e7im t\u00eb gjer\u00eb me kok\u00eb lampe 36cm dhe ndri\u00e7im CRI Ra90 p\u00ebr ngjyra t\u00eb sakta. Me bateri 2000mAh, siguron deri n\u00eb 4.5 or\u00eb p\u00ebrdorim t\u00eb vazhduesh\u00ebm. Dizajni magnetik dhe rregullimi i shum\u00ebfisht\u00eb e b\u00ebjn\u00eb ideal p\u00ebr p\u00ebrdorim n\u00eb mjedise t\u00eb ndryshme. Karikimi p\u00ebrmes USB-C e b\u00ebn t\u00eb leht\u00eb dhe praktik.<\/p>\n","protected":false},"featured_media":16954,"template":"","meta":[],"product_cat":[170,176,169,155],"product_tag":[],"_links":{"self":[{"href":"https:\/\/www.xiaomistoreks.com\/en\/wp-json\/wp\/v2\/product\/16951"}],"collection":[{"href":"https:\/\/www.xiaomistoreks.com\/en\/wp-json\/wp\/v2\/product"}],"about":[{"href":"https:\/\/www.xiaomistoreks.com\/en\/wp-json\/wp\/v2\/types\/product"}],"version-history":[{"count":1,"href":"https:\/\/www.xiaomistoreks.com\/en\/wp-json\/wp\/v2\/product\/16951\/revisions"}],"predecessor-version":[{"id":16958,"href":"https:\/\/www.xiaomistoreks.com\/en\/wp-json\/wp\/v2\/product\/16951\/revisions\/16958"}],"wp:featuredmedia":[{"embeddable":true,"href":"https:\/\/www.xiaomistoreks.com\/en\/wp-json\/wp\/v2\/media\/16954"}],"wp:attachment":[{"href":"https:\/\/www.xiaomistoreks.com\/en\/wp-json\/wp\/v2\/media?parent=16951"}],"wp:term":[{"taxonomy":"product_cat","embeddable":true,"href":"https:\/\/www.xiaomistoreks.com\/en\/wp-json\/wp\/v2\/product_cat?post=16951"},{"taxonomy":"product_tag","embeddable":true,"href":"https:\/\/www.xiaomistoreks.com\/en\/wp-json\/wp\/v2\/product_tag?post=16951"}],"curies":[{"name":"wp","href":"https:\/\/api.w.org\/{rel}","templated":true}]}}