{"id":16941,"date":"2024-12-16T22:56:18","date_gmt":"2024-12-16T22:56:18","guid":{"rendered":"https:\/\/www.xiaomistoreks.com\/?post_type=product&#038;p=16941"},"modified":"2026-04-15T07:39:59","modified_gmt":"2026-04-15T07:39:59","slug":"xiaomi-33w-power-bank-20000mah-integrated-cable","status":"publish","type":"product","link":"https:\/\/www.xiaomistoreks.com\/en\/product\/xiaomi-33w-power-bank-20000mah-integrated-cable\/","title":{"rendered":"Xiaomi 33W Power Bank 20000mAh (Integrated Cable)"},"content":{"rendered":"<p><a href=\"https:\/\/www.xiaomistoreks.com\/wp-content\/uploads\/2024\/12\/tan-01-scaled.jpg\"><img fetchpriority=\"high\" decoding=\"async\" class=\"size-full wp-image-16947 aligncenter\" src=\"https:\/\/www.xiaomistoreks.com\/wp-content\/uploads\/2024\/12\/tan-01-scaled.jpg\" alt=\"\" width=\"871\" height=\"2560\" \/><\/a><a href=\"https:\/\/www.xiaomistoreks.com\/wp-content\/uploads\/2024\/12\/tan-02-scaled.jpg\"><img decoding=\"async\" class=\"size-full wp-image-16946 aligncenter\" src=\"https:\/\/www.xiaomistoreks.com\/wp-content\/uploads\/2024\/12\/tan-02-scaled.jpg\" alt=\"\" width=\"1101\" height=\"2560\" \/><\/a><\/p>\n","protected":false},"excerpt":{"rendered":"<p>Xiaomi 33W Power Bank 20000mAh me kabllo t\u00eb integruar ofron karikim t\u00eb shpejt\u00eb dhe kapacitet t\u00eb lart\u00eb p\u00ebr t\u00eb gjitha pajisjet tuaja. Me tre dalje (USB-C dhe USB-A), mund t\u00eb karikoj\u00eb deri n\u00eb tre pajisje nj\u00ebkoh\u00ebsisht. Mb\u00ebshtet karikim t\u00eb shpejt\u00eb 33W dhe ka n\u00ebnt\u00eb nivele mbrojtjeje p\u00ebr siguri maksimale. Dizajni kompakt dhe kablloja e integruar e b\u00ebjn\u00eb t\u00eb leht\u00eb p\u00ebr t\u2019u mbajtur kudo.<\/p>\n","protected":false},"featured_media":16945,"template":"","meta":[],"product_cat":[176,218],"product_tag":[],"_links":{"self":[{"href":"https:\/\/www.xiaomistoreks.com\/en\/wp-json\/wp\/v2\/product\/16941"}],"collection":[{"href":"https:\/\/www.xiaomistoreks.com\/en\/wp-json\/wp\/v2\/product"}],"about":[{"href":"https:\/\/www.xiaomistoreks.com\/en\/wp-json\/wp\/v2\/types\/product"}],"version-history":[{"count":3,"href":"https:\/\/www.xiaomistoreks.com\/en\/wp-json\/wp\/v2\/product\/16941\/revisions"}],"predecessor-version":[{"id":19260,"href":"https:\/\/www.xiaomistoreks.com\/en\/wp-json\/wp\/v2\/product\/16941\/revisions\/19260"}],"wp:featuredmedia":[{"embeddable":true,"href":"https:\/\/www.xiaomistoreks.com\/en\/wp-json\/wp\/v2\/media\/16945"}],"wp:attachment":[{"href":"https:\/\/www.xiaomistoreks.com\/en\/wp-json\/wp\/v2\/media?parent=16941"}],"wp:term":[{"taxonomy":"product_cat","embeddable":true,"href":"https:\/\/www.xiaomistoreks.com\/en\/wp-json\/wp\/v2\/product_cat?post=16941"},{"taxonomy":"product_tag","embeddable":true,"href":"https:\/\/www.xiaomistoreks.com\/en\/wp-json\/wp\/v2\/product_tag?post=16941"}],"curies":[{"name":"wp","href":"https:\/\/api.w.org\/{rel}","templated":true}]}}