{"id":16932,"date":"2024-12-16T22:43:17","date_gmt":"2024-12-16T22:43:17","guid":{"rendered":"https:\/\/www.xiaomistoreks.com\/?post_type=product&#038;p=16932"},"modified":"2026-04-08T00:05:28","modified_gmt":"2026-04-08T00:05:28","slug":"xiaomi-vacuum-cleaner-g20-max","status":"publish","type":"product","link":"https:\/\/www.xiaomistoreks.com\/en\/product\/xiaomi-vacuum-cleaner-g20-max\/","title":{"rendered":"Xiaomi Vacuum Cleaner G20 Max"},"content":{"rendered":"<p><a href=\"https:\/\/www.xiaomistoreks.com\/wp-content\/uploads\/2024\/12\/G-01-scaled.jpg\"><img fetchpriority=\"high\" decoding=\"async\" class=\"size-full wp-image-16939 aligncenter\" src=\"https:\/\/www.xiaomistoreks.com\/wp-content\/uploads\/2024\/12\/G-01-scaled.jpg\" alt=\"\" width=\"934\" height=\"2560\" \/><\/a><a href=\"https:\/\/www.xiaomistoreks.com\/wp-content\/uploads\/2024\/12\/G-012-scaled.jpg\"><img decoding=\"async\" class=\"size-full wp-image-16938 aligncenter\" src=\"https:\/\/www.xiaomistoreks.com\/wp-content\/uploads\/2024\/12\/G-012-scaled.jpg\" alt=\"\" width=\"549\" height=\"2560\" \/><\/a><a href=\"https:\/\/www.xiaomistoreks.com\/wp-content\/uploads\/2024\/12\/G-03-scaled.jpg\"><img decoding=\"async\" class=\"size-full wp-image-16937 aligncenter\" src=\"https:\/\/www.xiaomistoreks.com\/wp-content\/uploads\/2024\/12\/G-03-scaled.jpg\" alt=\"\" width=\"869\" height=\"2560\" \/><\/a><\/p>\n","protected":false},"excerpt":{"rendered":"<p>Xiaomi Vacuum Cleaner G20 Max kombinon fuqi t\u00eb lart\u00eb thith\u00ebse prej 180AW me dizajn t\u00eb avancuar p\u00ebr pastrim efikas n\u00eb \u00e7do sip\u00ebrfaqe. Me jet\u00ebgjat\u00ebsi baterie deri n\u00eb 60 minuta dhe sistem filtrimi 5-faz\u00ebsh q\u00eb largon deri n\u00eb 99.9% t\u00eb grimcave, \u00ebsht\u00eb ideal p\u00ebr p\u00ebrdorim n\u00eb sht\u00ebpi. P\u00ebrfshin nj\u00eb LED ekran p\u00ebr monitorim t\u00eb leht\u00eb dhe aksesor\u00eb p\u00ebr pastrime t\u00eb ndryshme, p\u00ebrfshir\u00eb fur\u00e7\u00ebn p\u00ebr kafsh\u00eb.<\/p>\n","protected":false},"featured_media":16936,"template":"","meta":[],"product_cat":[176,225,169],"product_tag":[],"_links":{"self":[{"href":"https:\/\/www.xiaomistoreks.com\/en\/wp-json\/wp\/v2\/product\/16932"}],"collection":[{"href":"https:\/\/www.xiaomistoreks.com\/en\/wp-json\/wp\/v2\/product"}],"about":[{"href":"https:\/\/www.xiaomistoreks.com\/en\/wp-json\/wp\/v2\/types\/product"}],"version-history":[{"count":1,"href":"https:\/\/www.xiaomistoreks.com\/en\/wp-json\/wp\/v2\/product\/16932\/revisions"}],"predecessor-version":[{"id":16940,"href":"https:\/\/www.xiaomistoreks.com\/en\/wp-json\/wp\/v2\/product\/16932\/revisions\/16940"}],"wp:featuredmedia":[{"embeddable":true,"href":"https:\/\/www.xiaomistoreks.com\/en\/wp-json\/wp\/v2\/media\/16936"}],"wp:attachment":[{"href":"https:\/\/www.xiaomistoreks.com\/en\/wp-json\/wp\/v2\/media?parent=16932"}],"wp:term":[{"taxonomy":"product_cat","embeddable":true,"href":"https:\/\/www.xiaomistoreks.com\/en\/wp-json\/wp\/v2\/product_cat?post=16932"},{"taxonomy":"product_tag","embeddable":true,"href":"https:\/\/www.xiaomistoreks.com\/en\/wp-json\/wp\/v2\/product_tag?post=16932"}],"curies":[{"name":"wp","href":"https:\/\/api.w.org\/{rel}","templated":true}]}}