{"id":16894,"date":"2024-12-16T11:24:37","date_gmt":"2024-12-16T11:24:37","guid":{"rendered":"https:\/\/www.xiaomistoreks.com\/?post_type=product&#038;p=16894"},"modified":"2026-04-19T07:30:05","modified_gmt":"2026-04-19T07:30:05","slug":"xiaomi-lint-remover","status":"publish","type":"product","link":"https:\/\/www.xiaomistoreks.com\/en\/product\/xiaomi-lint-remover\/","title":{"rendered":"Xiaomi Lint Remover"},"content":{"rendered":"<p><a href=\"https:\/\/www.xiaomistoreks.com\/wp-content\/uploads\/2024\/12\/lint-01.png\"><img fetchpriority=\"high\" decoding=\"async\" class=\"alignnone size-full wp-image-16899\" src=\"https:\/\/www.xiaomistoreks.com\/wp-content\/uploads\/2024\/12\/lint-01.png\" alt=\"\" width=\"3360\" height=\"2194\" \/><\/a> <a href=\"https:\/\/www.xiaomistoreks.com\/wp-content\/uploads\/2024\/12\/lint-02.png\"><img decoding=\"async\" class=\"alignnone size-full wp-image-16900\" src=\"https:\/\/www.xiaomistoreks.com\/wp-content\/uploads\/2024\/12\/lint-02.png\" alt=\"\" width=\"3360\" height=\"1520\" \/><\/a> <a href=\"https:\/\/www.xiaomistoreks.com\/wp-content\/uploads\/2024\/12\/lint-03.png\"><img decoding=\"async\" class=\"alignnone size-full wp-image-16901\" src=\"https:\/\/www.xiaomistoreks.com\/wp-content\/uploads\/2024\/12\/lint-03.png\" alt=\"\" width=\"3360\" height=\"3492\" \/><\/a> <a href=\"https:\/\/www.xiaomistoreks.com\/wp-content\/uploads\/2024\/12\/lint-05.png\"><img loading=\"lazy\" decoding=\"async\" class=\"alignnone size-full wp-image-16903\" src=\"https:\/\/www.xiaomistoreks.com\/wp-content\/uploads\/2024\/12\/lint-05.png\" alt=\"\" width=\"3360\" height=\"1757\" \/><\/a> <a href=\"https:\/\/www.xiaomistoreks.com\/wp-content\/uploads\/2024\/12\/lint-06.png\"><img loading=\"lazy\" decoding=\"async\" class=\"alignnone size-full wp-image-16904\" src=\"https:\/\/www.xiaomistoreks.com\/wp-content\/uploads\/2024\/12\/lint-06.png\" alt=\"\" width=\"3360\" height=\"5282\" \/><\/a><\/p>\n","protected":false},"excerpt":{"rendered":"<p>Xiaomi Lint Remover heq leht\u00ebsisht topat e pambukut dhe pluhurat nga rrobat me suction t\u00eb fort\u00eb dhe rrjet\u00eb \u00e7eliku. Me nj\u00eb jet\u00ebgjat\u00ebsi baterie deri n\u00eb 3 or\u00eb dhe nj\u00eb kompartment t\u00eb madh p\u00ebr mbajtjen e pluhurit, \u00ebsht\u00eb e leht\u00eb p\u00ebr t\u2019u pastruar dhe ka port Type-C p\u00ebr karikim.<\/p>\n","protected":false},"featured_media":16895,"template":"","meta":[],"product_cat":[176,188,192],"product_tag":[],"_links":{"self":[{"href":"https:\/\/www.xiaomistoreks.com\/en\/wp-json\/wp\/v2\/product\/16894"}],"collection":[{"href":"https:\/\/www.xiaomistoreks.com\/en\/wp-json\/wp\/v2\/product"}],"about":[{"href":"https:\/\/www.xiaomistoreks.com\/en\/wp-json\/wp\/v2\/types\/product"}],"version-history":[{"count":1,"href":"https:\/\/www.xiaomistoreks.com\/en\/wp-json\/wp\/v2\/product\/16894\/revisions"}],"predecessor-version":[{"id":16905,"href":"https:\/\/www.xiaomistoreks.com\/en\/wp-json\/wp\/v2\/product\/16894\/revisions\/16905"}],"wp:featuredmedia":[{"embeddable":true,"href":"https:\/\/www.xiaomistoreks.com\/en\/wp-json\/wp\/v2\/media\/16895"}],"wp:attachment":[{"href":"https:\/\/www.xiaomistoreks.com\/en\/wp-json\/wp\/v2\/media?parent=16894"}],"wp:term":[{"taxonomy":"product_cat","embeddable":true,"href":"https:\/\/www.xiaomistoreks.com\/en\/wp-json\/wp\/v2\/product_cat?post=16894"},{"taxonomy":"product_tag","embeddable":true,"href":"https:\/\/www.xiaomistoreks.com\/en\/wp-json\/wp\/v2\/product_tag?post=16894"}],"curies":[{"name":"wp","href":"https:\/\/api.w.org\/{rel}","templated":true}]}}