{"id":16248,"date":"2024-11-04T18:50:03","date_gmt":"2024-11-04T18:50:03","guid":{"rendered":"https:\/\/www.xiaomistoreks.com\/?post_type=product&#038;p=16248"},"modified":"2026-03-06T00:33:07","modified_gmt":"2026-03-06T00:33:07","slug":"xiaomi-mi-smart-band-9","status":"publish","type":"product","link":"https:\/\/www.xiaomistoreks.com\/en\/product\/xiaomi-mi-smart-band-9\/","title":{"rendered":"Xiaomi Mi Smart Band 9"},"content":{"rendered":"<p><a href=\"https:\/\/www.xiaomistoreks.com\/wp-content\/uploads\/2024\/11\/p1-1.png\"><img fetchpriority=\"high\" decoding=\"async\" class=\"alignnone size-full wp-image-16254\" src=\"https:\/\/www.xiaomistoreks.com\/wp-content\/uploads\/2024\/11\/p1-1.png\" alt=\"\" width=\"1920\" height=\"968\" \/><\/a> <a href=\"https:\/\/www.xiaomistoreks.com\/wp-content\/uploads\/2024\/11\/p2-1.png\"><img decoding=\"async\" class=\"alignnone size-full wp-image-16255\" src=\"https:\/\/www.xiaomistoreks.com\/wp-content\/uploads\/2024\/11\/p2-1.png\" alt=\"\" width=\"1920\" height=\"1823\" \/><\/a> <a href=\"https:\/\/www.xiaomistoreks.com\/wp-content\/uploads\/2024\/11\/p3-1.png\"><img decoding=\"async\" class=\"alignnone size-full wp-image-16256\" src=\"https:\/\/www.xiaomistoreks.com\/wp-content\/uploads\/2024\/11\/p3-1.png\" alt=\"\" width=\"1920\" height=\"1895\" \/><\/a> <a href=\"https:\/\/www.xiaomistoreks.com\/wp-content\/uploads\/2024\/11\/p4-1.png\"><img loading=\"lazy\" decoding=\"async\" class=\"alignnone size-full wp-image-16257\" src=\"https:\/\/www.xiaomistoreks.com\/wp-content\/uploads\/2024\/11\/p4-1.png\" alt=\"\" width=\"1920\" height=\"991\" \/><\/a> <a href=\"https:\/\/www.xiaomistoreks.com\/wp-content\/uploads\/2024\/11\/p5-1.png\"><img loading=\"lazy\" decoding=\"async\" class=\"alignnone size-full wp-image-16258\" src=\"https:\/\/www.xiaomistoreks.com\/wp-content\/uploads\/2024\/11\/p5-1.png\" alt=\"\" width=\"1920\" height=\"1245\" \/><\/a> <a href=\"https:\/\/www.xiaomistoreks.com\/wp-content\/uploads\/2024\/11\/p6-1.png\"><img loading=\"lazy\" decoding=\"async\" class=\"alignnone size-full wp-image-16259\" src=\"https:\/\/www.xiaomistoreks.com\/wp-content\/uploads\/2024\/11\/p6-1.png\" alt=\"\" width=\"1920\" height=\"2738\" \/><\/a> <a href=\"https:\/\/www.xiaomistoreks.com\/wp-content\/uploads\/2024\/11\/p7-1.png\"><img loading=\"lazy\" decoding=\"async\" class=\"alignnone size-full wp-image-16260\" src=\"https:\/\/www.xiaomistoreks.com\/wp-content\/uploads\/2024\/11\/p7-1.png\" alt=\"\" width=\"1920\" height=\"2816\" \/><\/a> <a href=\"https:\/\/www.xiaomistoreks.com\/wp-content\/uploads\/2024\/11\/p8-1.png\"><img loading=\"lazy\" decoding=\"async\" class=\"alignnone size-full wp-image-16261\" src=\"https:\/\/www.xiaomistoreks.com\/wp-content\/uploads\/2024\/11\/p8-1.png\" alt=\"\" width=\"1920\" height=\"1494\" \/><\/a><\/p>\n","protected":false},"excerpt":{"rendered":"<p>Xiaomi Smart Band 9 kombinon stilin modern me funksione t\u00eb p\u00ebrparuara p\u00ebr gjurmimin e aktiviteteve dhe sh\u00ebndetit. E pajisur me ekran t\u00eb gjer\u00eb AMOLED 1.62 in\u00e7 dhe nd\u00ebrfaqe t\u00eb personalizueshme, ofron nj\u00eb p\u00ebrvoj\u00eb t\u00eb gjall\u00eb vizuale. Ky pajisje inteligjente mb\u00ebshtet mbi 150 m\u00ebnyra sportive, p\u00ebrfshir\u00eb notin fal\u00eb rezistenc\u00ebs ndaj ujit deri n\u00eb 50 metra. Monitorimi i rrahjeve t\u00eb zemr\u00ebs, oksigjenit n\u00eb gjak (SpO2) dhe gjumit ju ndihmon t\u00eb q\u00ebndroni n\u00eb kontroll t\u00eb sh\u00ebndetit tuaj. Me nj\u00eb bateri q\u00eb zgjat deri n\u00eb 14 dit\u00eb dhe njoftime t\u00eb menj\u00ebhershme nga telefoni, \u00ebsht\u00eb zgjedhja ideale p\u00ebr nj\u00eb jet\u00eb aktive dhe t\u00eb lidhur.<\/p>\n","protected":false},"featured_media":16250,"template":"","meta":[],"product_cat":[188,221],"product_tag":[],"_links":{"self":[{"href":"https:\/\/www.xiaomistoreks.com\/en\/wp-json\/wp\/v2\/product\/16248"}],"collection":[{"href":"https:\/\/www.xiaomistoreks.com\/en\/wp-json\/wp\/v2\/product"}],"about":[{"href":"https:\/\/www.xiaomistoreks.com\/en\/wp-json\/wp\/v2\/types\/product"}],"version-history":[{"count":3,"href":"https:\/\/www.xiaomistoreks.com\/en\/wp-json\/wp\/v2\/product\/16248\/revisions"}],"predecessor-version":[{"id":17381,"href":"https:\/\/www.xiaomistoreks.com\/en\/wp-json\/wp\/v2\/product\/16248\/revisions\/17381"}],"wp:featuredmedia":[{"embeddable":true,"href":"https:\/\/www.xiaomistoreks.com\/en\/wp-json\/wp\/v2\/media\/16250"}],"wp:attachment":[{"href":"https:\/\/www.xiaomistoreks.com\/en\/wp-json\/wp\/v2\/media?parent=16248"}],"wp:term":[{"taxonomy":"product_cat","embeddable":true,"href":"https:\/\/www.xiaomistoreks.com\/en\/wp-json\/wp\/v2\/product_cat?post=16248"},{"taxonomy":"product_tag","embeddable":true,"href":"https:\/\/www.xiaomistoreks.com\/en\/wp-json\/wp\/v2\/product_tag?post=16248"}],"curies":[{"name":"wp","href":"https:\/\/api.w.org\/{rel}","templated":true}]}}