{"id":16214,"date":"2024-11-04T17:18:48","date_gmt":"2024-11-04T17:18:48","guid":{"rendered":"https:\/\/www.xiaomistoreks.com\/?post_type=product&#038;p=16214"},"modified":"2026-05-13T07:26:06","modified_gmt":"2026-05-13T07:26:06","slug":"redmi-watch-5-active","status":"publish","type":"product","link":"https:\/\/www.xiaomistoreks.com\/en\/product\/redmi-watch-5-active\/","title":{"rendered":"Redmi Watch 5 Active"},"content":{"rendered":"<p><a href=\"https:\/\/www.xiaomistoreks.com\/wp-content\/uploads\/2024\/11\/P1.jpg\"><img fetchpriority=\"high\" decoding=\"async\" class=\"alignnone size-full wp-image-16219\" src=\"https:\/\/www.xiaomistoreks.com\/wp-content\/uploads\/2024\/11\/P1.jpg\" alt=\"\" width=\"1920\" height=\"1153\" \/><\/a> <a href=\"https:\/\/www.xiaomistoreks.com\/wp-content\/uploads\/2024\/11\/P2.jpg\"><img decoding=\"async\" class=\"alignnone size-full wp-image-16220\" src=\"https:\/\/www.xiaomistoreks.com\/wp-content\/uploads\/2024\/11\/P2.jpg\" alt=\"\" width=\"1920\" height=\"1732\" \/><\/a> <a href=\"https:\/\/www.xiaomistoreks.com\/wp-content\/uploads\/2024\/11\/p3.jpg\"><img decoding=\"async\" class=\"alignnone size-full wp-image-16221\" src=\"https:\/\/www.xiaomistoreks.com\/wp-content\/uploads\/2024\/11\/p3.jpg\" alt=\"\" width=\"1920\" height=\"1707\" \/><\/a> <a href=\"https:\/\/www.xiaomistoreks.com\/wp-content\/uploads\/2024\/11\/p4.jpg\"><img loading=\"lazy\" decoding=\"async\" class=\"alignnone size-full wp-image-16222\" src=\"https:\/\/www.xiaomistoreks.com\/wp-content\/uploads\/2024\/11\/p4.jpg\" alt=\"\" width=\"1920\" height=\"1157\" \/><\/a> <a href=\"https:\/\/www.xiaomistoreks.com\/wp-content\/uploads\/2024\/11\/p5.jpg\"><img loading=\"lazy\" decoding=\"async\" class=\"alignnone size-full wp-image-16223\" src=\"https:\/\/www.xiaomistoreks.com\/wp-content\/uploads\/2024\/11\/p5.jpg\" alt=\"\" width=\"1920\" height=\"1291\" \/><\/a> <a href=\"https:\/\/www.xiaomistoreks.com\/wp-content\/uploads\/2024\/11\/p6.jpg\"><img loading=\"lazy\" decoding=\"async\" class=\"alignnone size-full wp-image-16224\" src=\"https:\/\/www.xiaomistoreks.com\/wp-content\/uploads\/2024\/11\/p6.jpg\" alt=\"\" width=\"1920\" height=\"1068\" \/><\/a> <a href=\"https:\/\/www.xiaomistoreks.com\/wp-content\/uploads\/2024\/11\/p7.jpg\"><img loading=\"lazy\" decoding=\"async\" class=\"alignnone size-full wp-image-16225\" src=\"https:\/\/www.xiaomistoreks.com\/wp-content\/uploads\/2024\/11\/p7.jpg\" alt=\"\" width=\"1920\" height=\"979\" \/><\/a> <a href=\"https:\/\/www.xiaomistoreks.com\/wp-content\/uploads\/2024\/11\/p8.jpg\"><img loading=\"lazy\" decoding=\"async\" class=\"alignnone size-full wp-image-16226\" src=\"https:\/\/www.xiaomistoreks.com\/wp-content\/uploads\/2024\/11\/p8.jpg\" alt=\"\" width=\"1920\" height=\"1184\" \/><\/a><\/p>\n","protected":false},"excerpt":{"rendered":"<p>Shijo nj\u00eb p\u00ebrvoj\u00eb t\u00eb re me Redmi Watch 5 Active. Kjo or\u00eb inteligjente sjell nj\u00eb ekran t\u00eb madh HD 1.83\u201d p\u00ebr pamje t\u00eb qarta dhe stil t\u00eb ve\u00e7ant\u00eb. P\u00ebrkujdesuni p\u00ebr sh\u00ebndetin tuaj me monitorim t\u00eb avancuar p\u00ebr rrahjet e zemr\u00ebs, SpO\u2082, gjumin dhe mbi 100 m\u00ebnyra ushtrimesh p\u00ebr t&#8217;ju ndihmuar t\u00eb arrini q\u00ebllimet tuaja. Me bateri q\u00eb zgjat deri n\u00eb 14 dit\u00eb dhe rezistenc\u00eb ndaj ujit 5ATM, Redmi Watch 5 Active \u00ebsht\u00eb krijuar p\u00ebr t\u00eb mb\u00ebshtetur \u00e7do sfid\u00eb t\u00eb jet\u00ebs tuaj aktive. Personalizoni stilin me fytyra t\u00eb ndryshme or\u00ebsh dhe q\u00ebndroni t\u00eb lidhur me njoftimet inteligjente gjat\u00eb gjith\u00eb dit\u00ebs.<\/p>\n","protected":false},"featured_media":16218,"template":"","meta":[],"product_cat":[176,188,221],"product_tag":[],"_links":{"self":[{"href":"https:\/\/www.xiaomistoreks.com\/en\/wp-json\/wp\/v2\/product\/16214"}],"collection":[{"href":"https:\/\/www.xiaomistoreks.com\/en\/wp-json\/wp\/v2\/product"}],"about":[{"href":"https:\/\/www.xiaomistoreks.com\/en\/wp-json\/wp\/v2\/types\/product"}],"version-history":[{"count":2,"href":"https:\/\/www.xiaomistoreks.com\/en\/wp-json\/wp\/v2\/product\/16214\/revisions"}],"predecessor-version":[{"id":16360,"href":"https:\/\/www.xiaomistoreks.com\/en\/wp-json\/wp\/v2\/product\/16214\/revisions\/16360"}],"wp:featuredmedia":[{"embeddable":true,"href":"https:\/\/www.xiaomistoreks.com\/en\/wp-json\/wp\/v2\/media\/16218"}],"wp:attachment":[{"href":"https:\/\/www.xiaomistoreks.com\/en\/wp-json\/wp\/v2\/media?parent=16214"}],"wp:term":[{"taxonomy":"product_cat","embeddable":true,"href":"https:\/\/www.xiaomistoreks.com\/en\/wp-json\/wp\/v2\/product_cat?post=16214"},{"taxonomy":"product_tag","embeddable":true,"href":"https:\/\/www.xiaomistoreks.com\/en\/wp-json\/wp\/v2\/product_tag?post=16214"}],"curies":[{"name":"wp","href":"https:\/\/api.w.org\/{rel}","templated":true}]}}