{"id":16071,"date":"2024-10-17T10:59:19","date_gmt":"2024-10-17T10:59:19","guid":{"rendered":"https:\/\/www.xiaomistoreks.com\/?post_type=product&#038;p=16071"},"modified":"2026-04-29T08:04:29","modified_gmt":"2026-04-29T08:04:29","slug":"xiaomi-sound-pocket","status":"publish","type":"product","link":"https:\/\/www.xiaomistoreks.com\/en\/product\/xiaomi-sound-pocket\/","title":{"rendered":"Xiaomi Sound Pocket"},"content":{"rendered":"<p>p { margin: 0; }<\/p>\n<p><a href=\"https:\/\/www.xiaomistoreks.com\/wp-content\/uploads\/2024\/10\/slice-1-screencapture-mi-global-product-xiaomi-sound-pocket-2024-10-17-11_38_36.png\"><img fetchpriority=\"high\" decoding=\"async\" class=\"size-full wp-image-16075\" src=\"https:\/\/www.xiaomistoreks.com\/wp-content\/uploads\/2024\/10\/slice-1-screencapture-mi-global-product-xiaomi-sound-pocket-2024-10-17-11_38_36.png\" alt=\"\" width=\"1920\" height=\"3826\" \/><\/a><\/p>\n<p><a href=\"https:\/\/www.xiaomistoreks.com\/wp-content\/uploads\/2024\/10\/slice-2-screencapture-mi-global-product-xiaomi-sound-pocket-2024-10-17-11_38_36.png\"><img decoding=\"async\" class=\"size-full wp-image-16076\" src=\"https:\/\/www.xiaomistoreks.com\/wp-content\/uploads\/2024\/10\/slice-2-screencapture-mi-global-product-xiaomi-sound-pocket-2024-10-17-11_38_36.png\" alt=\"\" width=\"1920\" height=\"3949\" \/><\/a><\/p>\n<p><a href=\"https:\/\/www.xiaomistoreks.com\/wp-content\/uploads\/2024\/10\/slice-3-screencapture-mi-global-product-xiaomi-sound-pocket-2024-10-17-11_38_36.png\"><img decoding=\"async\" class=\"size-full wp-image-16077\" src=\"https:\/\/www.xiaomistoreks.com\/wp-content\/uploads\/2024\/10\/slice-3-screencapture-mi-global-product-xiaomi-sound-pocket-2024-10-17-11_38_36.png\" alt=\"\" width=\"1920\" height=\"3949\" \/><\/a><\/p>\n<p><a href=\"https:\/\/www.xiaomistoreks.com\/wp-content\/uploads\/2024\/10\/slice-4-screencapture-mi-global-product-xiaomi-sound-pocket-2024-10-17-11_38_36.png\"><img loading=\"lazy\" decoding=\"async\" class=\"size-full wp-image-16078\" src=\"https:\/\/www.xiaomistoreks.com\/wp-content\/uploads\/2024\/10\/slice-4-screencapture-mi-global-product-xiaomi-sound-pocket-2024-10-17-11_38_36.png\" alt=\"\" width=\"1920\" height=\"1959\" \/><\/a><\/p>\n","protected":false},"excerpt":{"rendered":"<p>Xiaomi Sound Pocket \u00ebsht\u00eb nj\u00eb altoparlant portativ Bluetooth q\u00eb jep cil\u00ebsi mbres\u00ebl\u00ebn\u00ebse t\u00eb z\u00ebrit n\u00eb nj\u00eb dizajn kompakt dhe elegant. Me drejtuesit e tij t\u00eb fuqish\u00ebm dhe teknologjin\u00eb e p\u00ebrparuar audio, Sound Pocket prodhon tingull t\u00eb qart\u00eb dhe t\u00eb ekuilibruar, perfekt p\u00ebr t\u00eb shijuar muzik\u00eb n\u00eb l\u00ebvizje. Madh\u00ebsia e tij kompakte dhe dizajni i leht\u00eb e b\u00ebjn\u00eb t\u00eb leht\u00eb p\u00ebr t&#8217;u bartur dhe p\u00ebrdorur kudo, pavar\u00ebsisht n\u00ebse jeni n\u00eb plazh, kamping ose thjesht duke pushuar n\u00eb sht\u00ebpi.<\/p>\n","protected":false},"featured_media":16072,"template":"","meta":[],"product_cat":[203,202],"product_tag":[],"_links":{"self":[{"href":"https:\/\/www.xiaomistoreks.com\/en\/wp-json\/wp\/v2\/product\/16071"}],"collection":[{"href":"https:\/\/www.xiaomistoreks.com\/en\/wp-json\/wp\/v2\/product"}],"about":[{"href":"https:\/\/www.xiaomistoreks.com\/en\/wp-json\/wp\/v2\/types\/product"}],"version-history":[{"count":4,"href":"https:\/\/www.xiaomistoreks.com\/en\/wp-json\/wp\/v2\/product\/16071\/revisions"}],"predecessor-version":[{"id":17052,"href":"https:\/\/www.xiaomistoreks.com\/en\/wp-json\/wp\/v2\/product\/16071\/revisions\/17052"}],"wp:featuredmedia":[{"embeddable":true,"href":"https:\/\/www.xiaomistoreks.com\/en\/wp-json\/wp\/v2\/media\/16072"}],"wp:attachment":[{"href":"https:\/\/www.xiaomistoreks.com\/en\/wp-json\/wp\/v2\/media?parent=16071"}],"wp:term":[{"taxonomy":"product_cat","embeddable":true,"href":"https:\/\/www.xiaomistoreks.com\/en\/wp-json\/wp\/v2\/product_cat?post=16071"},{"taxonomy":"product_tag","embeddable":true,"href":"https:\/\/www.xiaomistoreks.com\/en\/wp-json\/wp\/v2\/product_tag?post=16071"}],"curies":[{"name":"wp","href":"https:\/\/api.w.org\/{rel}","templated":true}]}}