{"id":16060,"date":"2024-10-17T09:27:38","date_gmt":"2024-10-17T09:27:38","guid":{"rendered":"https:\/\/www.xiaomistoreks.com\/?post_type=product&#038;p=16060"},"modified":"2026-04-06T21:00:21","modified_gmt":"2026-04-06T21:00:21","slug":"xiaomi-router-ax1500","status":"publish","type":"product","link":"https:\/\/www.xiaomistoreks.com\/en\/product\/xiaomi-router-ax1500\/","title":{"rendered":"Xiaomi Router AX1500"},"content":{"rendered":"<p>p { margin: 0; }<\/p>\n<p><a href=\"https:\/\/www.xiaomistoreks.com\/wp-content\/uploads\/2024\/10\/slice-1-screencapture-mi-global-product-xiaomi-router-ax1500-2024-10-17-11_11_19.png\"><img fetchpriority=\"high\" decoding=\"async\" class=\"size-full wp-image-16062\" src=\"https:\/\/www.xiaomistoreks.com\/wp-content\/uploads\/2024\/10\/slice-1-screencapture-mi-global-product-xiaomi-router-ax1500-2024-10-17-11_11_19.png\" alt=\"\" width=\"1920\" height=\"3717\" \/><\/a><\/p>\n<p><a href=\"https:\/\/www.xiaomistoreks.com\/wp-content\/uploads\/2024\/10\/slice-2-screencapture-mi-global-product-xiaomi-router-ax1500-2024-10-17-11_11_19.png\"><img decoding=\"async\" class=\"size-full wp-image-16063\" src=\"https:\/\/www.xiaomistoreks.com\/wp-content\/uploads\/2024\/10\/slice-2-screencapture-mi-global-product-xiaomi-router-ax1500-2024-10-17-11_11_19.png\" alt=\"\" width=\"1920\" height=\"3841\" \/><\/a><\/p>\n<p><a href=\"https:\/\/www.xiaomistoreks.com\/wp-content\/uploads\/2024\/10\/slice-3-screencapture-mi-global-product-xiaomi-router-ax1500-2024-10-17-11_11_19.png\"><img decoding=\"async\" class=\"size-full wp-image-16064\" src=\"https:\/\/www.xiaomistoreks.com\/wp-content\/uploads\/2024\/10\/slice-3-screencapture-mi-global-product-xiaomi-router-ax1500-2024-10-17-11_11_19.png\" alt=\"\" width=\"1920\" height=\"3841\" \/><\/a><a href=\"https:\/\/www.xiaomistoreks.com\/wp-content\/uploads\/2024\/10\/slice-4-screencapture-mi-global-product-xiaomi-router-ax1500-2024-10-17-11_11_19-1.png\"><img loading=\"lazy\" decoding=\"async\" class=\"size-full wp-image-16067\" src=\"https:\/\/www.xiaomistoreks.com\/wp-content\/uploads\/2024\/10\/slice-4-screencapture-mi-global-product-xiaomi-router-ax1500-2024-10-17-11_11_19-1.png\" alt=\"\" width=\"1920\" height=\"3841\" \/><\/a> <a href=\"https:\/\/www.xiaomistoreks.com\/wp-content\/uploads\/2024\/10\/slice-5-screencapture-mi-global-product-xiaomi-router-ax1500-2024-10-17-11_11_19-1.png\"><img loading=\"lazy\" decoding=\"async\" class=\"size-full wp-image-16068\" src=\"https:\/\/www.xiaomistoreks.com\/wp-content\/uploads\/2024\/10\/slice-5-screencapture-mi-global-product-xiaomi-router-ax1500-2024-10-17-11_11_19-1.png\" alt=\"\" width=\"1920\" height=\"2552\" \/><\/a><\/p>\n","protected":false},"excerpt":{"rendered":"<p>Router Xiaomi AX1500 \u00ebsht\u00eb nj\u00eb ruter Wi-Fi i fuqish\u00ebm dhe i p\u00ebrballuesh\u00ebm q\u00eb ofron lidhje t\u00eb shpejt\u00eb dhe t\u00eb besueshme n\u00eb internet p\u00ebr sht\u00ebpin\u00eb tuaj. Me teknologjin\u00eb e tij me band\u00eb t\u00eb dyfisht\u00eb dhe mb\u00ebshtetjen p\u00ebr Wi-Fi 6, AX1500 ofron shpejt\u00ebsi t\u00eb lart\u00eb t\u00eb transferimit t\u00eb t\u00eb dh\u00ebnave dhe vones\u00eb t\u00eb reduktuar, duke e b\u00ebr\u00eb at\u00eb ideal p\u00ebr transmetim, loj\u00ebra dhe aktivitete n\u00eb internet. Karakteristikat e tij t\u00eb p\u00ebrparuara, t\u00eb tilla si teknologjia e formimit t\u00eb rrezeve dhe mb\u00ebshtetja e rrjetit t\u00eb mysafir\u00ebve, sigurojn\u00eb performanc\u00eb dhe siguri optimale p\u00ebr rrjetin tuaj t\u00eb sht\u00ebpis\u00eb.<\/p>\n","protected":false},"featured_media":16061,"template":"","meta":[],"product_cat":[212,169],"product_tag":[],"_links":{"self":[{"href":"https:\/\/www.xiaomistoreks.com\/en\/wp-json\/wp\/v2\/product\/16060"}],"collection":[{"href":"https:\/\/www.xiaomistoreks.com\/en\/wp-json\/wp\/v2\/product"}],"about":[{"href":"https:\/\/www.xiaomistoreks.com\/en\/wp-json\/wp\/v2\/types\/product"}],"version-history":[{"count":4,"href":"https:\/\/www.xiaomistoreks.com\/en\/wp-json\/wp\/v2\/product\/16060\/revisions"}],"predecessor-version":[{"id":16088,"href":"https:\/\/www.xiaomistoreks.com\/en\/wp-json\/wp\/v2\/product\/16060\/revisions\/16088"}],"wp:featuredmedia":[{"embeddable":true,"href":"https:\/\/www.xiaomistoreks.com\/en\/wp-json\/wp\/v2\/media\/16061"}],"wp:attachment":[{"href":"https:\/\/www.xiaomistoreks.com\/en\/wp-json\/wp\/v2\/media?parent=16060"}],"wp:term":[{"taxonomy":"product_cat","embeddable":true,"href":"https:\/\/www.xiaomistoreks.com\/en\/wp-json\/wp\/v2\/product_cat?post=16060"},{"taxonomy":"product_tag","embeddable":true,"href":"https:\/\/www.xiaomistoreks.com\/en\/wp-json\/wp\/v2\/product_tag?post=16060"}],"curies":[{"name":"wp","href":"https:\/\/api.w.org\/{rel}","templated":true}]}}