{"id":16025,"date":"2024-10-17T08:06:49","date_gmt":"2024-10-17T08:06:49","guid":{"rendered":"https:\/\/www.xiaomistoreks.com\/?post_type=product&#038;p=16025"},"modified":"2026-03-06T00:32:59","modified_gmt":"2026-03-06T00:32:59","slug":"xiaomi-smart-camera-c301","status":"publish","type":"product","link":"https:\/\/www.xiaomistoreks.com\/en\/product\/xiaomi-smart-camera-c301\/","title":{"rendered":"Xiaomi Smart Camera C301"},"content":{"rendered":"<p>p { margin: 0; }<\/p>\n<p><a href=\"https:\/\/www.xiaomistoreks.com\/wp-content\/uploads\/2024\/10\/slice-1-screencapture-mi-global-product-xiaomi-smart-camera-c301-2024-10-17-10_02_15.png\"><img fetchpriority=\"high\" decoding=\"async\" class=\"size-full wp-image-16032\" src=\"https:\/\/www.xiaomistoreks.com\/wp-content\/uploads\/2024\/10\/slice-1-screencapture-mi-global-product-xiaomi-smart-camera-c301-2024-10-17-10_02_15.png\" alt=\"\" width=\"1920\" height=\"3397\" \/><\/a><\/p>\n<p><a href=\"https:\/\/www.xiaomistoreks.com\/wp-content\/uploads\/2024\/10\/slice-2-screencapture-mi-global-product-xiaomi-smart-camera-c301-2024-10-17-10_02_15.png\"><img decoding=\"async\" class=\"size-full wp-image-16033\" src=\"https:\/\/www.xiaomistoreks.com\/wp-content\/uploads\/2024\/10\/slice-2-screencapture-mi-global-product-xiaomi-smart-camera-c301-2024-10-17-10_02_15.png\" alt=\"\" width=\"1920\" height=\"3514\" \/><\/a><\/p>\n<p><a href=\"https:\/\/www.xiaomistoreks.com\/wp-content\/uploads\/2024\/10\/slice-3-screencapture-mi-global-product-xiaomi-smart-camera-c301-2024-10-17-10_02_15.png\"><img decoding=\"async\" class=\"size-full wp-image-16034\" src=\"https:\/\/www.xiaomistoreks.com\/wp-content\/uploads\/2024\/10\/slice-3-screencapture-mi-global-product-xiaomi-smart-camera-c301-2024-10-17-10_02_15.png\" alt=\"\" width=\"1920\" height=\"3514\" \/><\/a><\/p>\n<p><a href=\"https:\/\/www.xiaomistoreks.com\/wp-content\/uploads\/2024\/10\/slice-4-screencapture-mi-global-product-xiaomi-smart-camera-c301-2024-10-17-10_02_15.png\"><img loading=\"lazy\" decoding=\"async\" class=\"size-full wp-image-16035\" src=\"https:\/\/www.xiaomistoreks.com\/wp-content\/uploads\/2024\/10\/slice-4-screencapture-mi-global-product-xiaomi-smart-camera-c301-2024-10-17-10_02_15.png\" alt=\"\" width=\"1920\" height=\"3514\" \/><\/a><\/p>\n<p><a href=\"https:\/\/www.xiaomistoreks.com\/wp-content\/uploads\/2024\/10\/slice-5-screencapture-mi-global-product-xiaomi-smart-camera-c301-2024-10-17-10_02_15.png\"><img loading=\"lazy\" decoding=\"async\" class=\"size-full wp-image-16036\" src=\"https:\/\/www.xiaomistoreks.com\/wp-content\/uploads\/2024\/10\/slice-5-screencapture-mi-global-product-xiaomi-smart-camera-c301-2024-10-17-10_02_15.png\" alt=\"\" width=\"1920\" height=\"3514\" \/><\/a><\/p>\n<p><a href=\"https:\/\/www.xiaomistoreks.com\/wp-content\/uploads\/2024\/10\/slice-6-screencapture-mi-global-product-xiaomi-smart-camera-c301-2024-10-17-10_02_15.png\"><img loading=\"lazy\" decoding=\"async\" class=\"size-full wp-image-16037\" src=\"https:\/\/www.xiaomistoreks.com\/wp-content\/uploads\/2024\/10\/slice-6-screencapture-mi-global-product-xiaomi-smart-camera-c301-2024-10-17-10_02_15.png\" alt=\"\" width=\"1920\" height=\"2490\" \/><\/a><\/p>\n","protected":false},"excerpt":{"rendered":"<p>Kamera inteligjente Xiaomi C301 \u00ebsht\u00eb nj\u00eb zgjidhje e besueshme dhe e p\u00ebrballueshme e siguris\u00eb s\u00eb sht\u00ebpis\u00eb, e krijuar p\u00ebr t\u00eb mbajtur pron\u00ebn tuaj t\u00eb sigurt. Me imazhin e tij me rezolucion t\u00eb lart\u00eb, lentet me k\u00ebnd t\u00eb gjer\u00eb, aft\u00ebsit\u00eb e shikimit gjat\u00eb nat\u00ebs dhe audion e dyanshme, C301 ofron mbik\u00ebqyrje gjith\u00ebp\u00ebrfshir\u00ebse p\u00ebr sht\u00ebpin\u00eb ose zyr\u00ebn tuaj.<\/p>\n","protected":false},"featured_media":16026,"template":"","meta":[],"product_cat":[214,169],"product_tag":[],"_links":{"self":[{"href":"https:\/\/www.xiaomistoreks.com\/en\/wp-json\/wp\/v2\/product\/16025"}],"collection":[{"href":"https:\/\/www.xiaomistoreks.com\/en\/wp-json\/wp\/v2\/product"}],"about":[{"href":"https:\/\/www.xiaomistoreks.com\/en\/wp-json\/wp\/v2\/types\/product"}],"version-history":[{"count":5,"href":"https:\/\/www.xiaomistoreks.com\/en\/wp-json\/wp\/v2\/product\/16025\/revisions"}],"predecessor-version":[{"id":16349,"href":"https:\/\/www.xiaomistoreks.com\/en\/wp-json\/wp\/v2\/product\/16025\/revisions\/16349"}],"wp:featuredmedia":[{"embeddable":true,"href":"https:\/\/www.xiaomistoreks.com\/en\/wp-json\/wp\/v2\/media\/16026"}],"wp:attachment":[{"href":"https:\/\/www.xiaomistoreks.com\/en\/wp-json\/wp\/v2\/media?parent=16025"}],"wp:term":[{"taxonomy":"product_cat","embeddable":true,"href":"https:\/\/www.xiaomistoreks.com\/en\/wp-json\/wp\/v2\/product_cat?post=16025"},{"taxonomy":"product_tag","embeddable":true,"href":"https:\/\/www.xiaomistoreks.com\/en\/wp-json\/wp\/v2\/product_tag?post=16025"}],"curies":[{"name":"wp","href":"https:\/\/api.w.org\/{rel}","templated":true}]}}