{"id":15980,"date":"2024-10-16T13:11:38","date_gmt":"2024-10-16T13:11:38","guid":{"rendered":"https:\/\/www.xiaomistoreks.com\/?post_type=product&#038;p=15980"},"modified":"2026-05-07T09:41:24","modified_gmt":"2026-05-07T09:41:24","slug":"xiaomi-high-capacity-gel-pen","status":"publish","type":"product","link":"https:\/\/www.xiaomistoreks.com\/en\/product\/xiaomi-high-capacity-gel-pen\/","title":{"rendered":"Xiaomi High-capacity Gel Pen"},"content":{"rendered":"<p>p { margin: 0; }<\/p>\n<p><a href=\"https:\/\/www.xiaomistoreks.com\/wp-content\/uploads\/2024\/10\/slice-1-screencapture-mi-global-product-xiaomi-high-capacity-gel-pen-10-pack-2024-10-16-15_03_42.png\"><img fetchpriority=\"high\" decoding=\"async\" class=\"size-full wp-image-15981\" src=\"https:\/\/www.xiaomistoreks.com\/wp-content\/uploads\/2024\/10\/slice-1-screencapture-mi-global-product-xiaomi-high-capacity-gel-pen-10-pack-2024-10-16-15_03_42.png\" alt=\"\" width=\"1920\" height=\"3814\" \/><\/a><\/p>\n<p><a href=\"https:\/\/www.xiaomistoreks.com\/wp-content\/uploads\/2024\/10\/slice-2-screencapture-mi-global-product-xiaomi-high-capacity-gel-pen-10-pack-2024-10-16-15_03_42.png\"><img decoding=\"async\" class=\"size-full wp-image-15982\" src=\"https:\/\/www.xiaomistoreks.com\/wp-content\/uploads\/2024\/10\/slice-2-screencapture-mi-global-product-xiaomi-high-capacity-gel-pen-10-pack-2024-10-16-15_03_42.png\" alt=\"\" width=\"1920\" height=\"1799\" \/><\/a><\/p>\n","protected":false},"excerpt":{"rendered":"<p>P\u00ebrjetoni nj\u00eb p\u00ebrvoj\u00eb shkrimi t\u00eb qet\u00eb dhe pa mundim me stilolapsin xhel me kapacitet t\u00eb lart\u00eb Xiaomi. I projektuar me nj\u00eb kapje t\u00eb rehatshme dhe nj\u00eb formul\u00eb boje xhel me cil\u00ebsi t\u00eb lart\u00eb, ky stilolaps jep rrjedhje t\u00eb q\u00ebndrueshme t\u00eb boj\u00ebs dhe ngjyra t\u00eb gjalla. Kapaciteti i tij i madh i boj\u00ebs siguron p\u00ebrdorim afatgjat\u00eb, duke e b\u00ebr\u00eb at\u00eb nj\u00eb shoq\u00ebrues t\u00eb besuesh\u00ebm p\u00ebr student\u00ebt, profesionist\u00ebt dhe shkrimtar\u00ebt e p\u00ebrditsh\u00ebm.<\/p>\n","protected":false},"featured_media":15985,"template":"","meta":[],"product_cat":[192],"product_tag":[],"_links":{"self":[{"href":"https:\/\/www.xiaomistoreks.com\/en\/wp-json\/wp\/v2\/product\/15980"}],"collection":[{"href":"https:\/\/www.xiaomistoreks.com\/en\/wp-json\/wp\/v2\/product"}],"about":[{"href":"https:\/\/www.xiaomistoreks.com\/en\/wp-json\/wp\/v2\/types\/product"}],"version-history":[{"count":5,"href":"https:\/\/www.xiaomistoreks.com\/en\/wp-json\/wp\/v2\/product\/15980\/revisions"}],"predecessor-version":[{"id":15989,"href":"https:\/\/www.xiaomistoreks.com\/en\/wp-json\/wp\/v2\/product\/15980\/revisions\/15989"}],"wp:featuredmedia":[{"embeddable":true,"href":"https:\/\/www.xiaomistoreks.com\/en\/wp-json\/wp\/v2\/media\/15985"}],"wp:attachment":[{"href":"https:\/\/www.xiaomistoreks.com\/en\/wp-json\/wp\/v2\/media?parent=15980"}],"wp:term":[{"taxonomy":"product_cat","embeddable":true,"href":"https:\/\/www.xiaomistoreks.com\/en\/wp-json\/wp\/v2\/product_cat?post=15980"},{"taxonomy":"product_tag","embeddable":true,"href":"https:\/\/www.xiaomistoreks.com\/en\/wp-json\/wp\/v2\/product_tag?post=15980"}],"curies":[{"name":"wp","href":"https:\/\/api.w.org\/{rel}","templated":true}]}}