{"id":15791,"date":"2024-09-24T14:22:25","date_gmt":"2024-09-24T14:22:25","guid":{"rendered":"https:\/\/www.xiaomistoreks.com\/?post_type=product&#038;p=15791"},"modified":"2026-05-11T10:09:15","modified_gmt":"2026-05-11T10:09:15","slug":"xiaomi-outdoor-camera-solar-panel-bw-series","status":"publish","type":"product","link":"https:\/\/www.xiaomistoreks.com\/en\/product\/xiaomi-outdoor-camera-solar-panel-bw-series\/","title":{"rendered":"Xiaomi Outdoor Camera Solar Panel (BW Series)"},"content":{"rendered":"<p><a href=\"https:\/\/www.xiaomistoreks.com\/wp-content\/uploads\/2024\/09\/slice-1-screencapture-mi-global-product-xiaomi-outdoor-camera-solar-panel-bw-series-2024-09-24-16_19_34.png\"><img fetchpriority=\"high\" decoding=\"async\" class=\"size-full wp-image-15793\" src=\"https:\/\/www.xiaomistoreks.com\/wp-content\/uploads\/2024\/09\/slice-1-screencapture-mi-global-product-xiaomi-outdoor-camera-solar-panel-bw-series-2024-09-24-16_19_34.png\" alt=\"\" width=\"1920\" height=\"2858\" \/><\/a><\/p>\n<p><a href=\"https:\/\/www.xiaomistoreks.com\/wp-content\/uploads\/2024\/09\/slice-2-screencapture-mi-global-product-xiaomi-outdoor-camera-solar-panel-bw-series-2024-09-24-16_19_34.png\"><img decoding=\"async\" class=\"size-full wp-image-15794\" src=\"https:\/\/www.xiaomistoreks.com\/wp-content\/uploads\/2024\/09\/slice-2-screencapture-mi-global-product-xiaomi-outdoor-camera-solar-panel-bw-series-2024-09-24-16_19_34.png\" alt=\"\" width=\"1920\" height=\"2342\" \/><\/a><\/p>\n","protected":false},"excerpt":{"rendered":"<p>P\u00ebrmir\u00ebsoni q\u00ebndrueshm\u00ebrin\u00eb dhe besueshm\u00ebrin\u00eb e seris\u00eb suaj t\u00eb kamerave t\u00eb jashtme Xiaomi BW me panelin diellor t\u00eb dedikuar. Ky aksesor miq\u00ebsor ndaj mjedisit shfryt\u00ebzon energjin\u00eb diellore p\u00ebr t\u00eb karikuar vazhdimisht baterin\u00eb e kamer\u00ebs suaj, duke siguruar funksionim t\u00eb pand\u00ebrprer\u00eb edhe n\u00eb zonat me akses t\u00eb kufizuar t\u00eb energjis\u00eb. Duke reduktuar var\u00ebsin\u00eb nga burimet tradicionale t\u00eb energjis\u00eb, paneli diellor ndihmon n\u00eb minimizimin e gjurm\u00ebs suaj t\u00eb karbonit duke ruajtur sigurin\u00eb optimale t\u00eb sht\u00ebpis\u00eb.<\/p>\n","protected":false},"featured_media":15792,"template":"","meta":[],"product_cat":[214,169],"product_tag":[],"_links":{"self":[{"href":"https:\/\/www.xiaomistoreks.com\/en\/wp-json\/wp\/v2\/product\/15791"}],"collection":[{"href":"https:\/\/www.xiaomistoreks.com\/en\/wp-json\/wp\/v2\/product"}],"about":[{"href":"https:\/\/www.xiaomistoreks.com\/en\/wp-json\/wp\/v2\/types\/product"}],"version-history":[{"count":2,"href":"https:\/\/www.xiaomistoreks.com\/en\/wp-json\/wp\/v2\/product\/15791\/revisions"}],"predecessor-version":[{"id":22445,"href":"https:\/\/www.xiaomistoreks.com\/en\/wp-json\/wp\/v2\/product\/15791\/revisions\/22445"}],"wp:featuredmedia":[{"embeddable":true,"href":"https:\/\/www.xiaomistoreks.com\/en\/wp-json\/wp\/v2\/media\/15792"}],"wp:attachment":[{"href":"https:\/\/www.xiaomistoreks.com\/en\/wp-json\/wp\/v2\/media?parent=15791"}],"wp:term":[{"taxonomy":"product_cat","embeddable":true,"href":"https:\/\/www.xiaomistoreks.com\/en\/wp-json\/wp\/v2\/product_cat?post=15791"},{"taxonomy":"product_tag","embeddable":true,"href":"https:\/\/www.xiaomistoreks.com\/en\/wp-json\/wp\/v2\/product_tag?post=15791"}],"curies":[{"name":"wp","href":"https:\/\/api.w.org\/{rel}","templated":true}]}}