{"id":15737,"date":"2024-09-24T12:13:58","date_gmt":"2024-09-24T12:13:58","guid":{"rendered":"https:\/\/www.xiaomistoreks.com\/?post_type=product&#038;p=15737"},"modified":"2026-03-06T00:32:56","modified_gmt":"2026-03-06T00:32:56","slug":"xiaomi-monitor-a27i","status":"publish","type":"product","link":"https:\/\/www.xiaomistoreks.com\/en\/product\/xiaomi-monitor-a27i\/","title":{"rendered":"Xiaomi Monitor A27i"},"content":{"rendered":"<p><a href=\"https:\/\/www.xiaomistoreks.com\/wp-content\/uploads\/2024\/09\/slice-1-screencapture-mi-global-product-xiaomi-monitor-a27i-2024-09-24-14_02_56.png\"><img fetchpriority=\"high\" decoding=\"async\" class=\"size-full wp-image-15740\" src=\"https:\/\/www.xiaomistoreks.com\/wp-content\/uploads\/2024\/09\/slice-1-screencapture-mi-global-product-xiaomi-monitor-a27i-2024-09-24-14_02_56.png\" alt=\"\" width=\"1920\" height=\"3199\" \/><\/a><a href=\"https:\/\/www.xiaomistoreks.com\/wp-content\/uploads\/2024\/09\/slice-2-screencapture-mi-global-product-xiaomi-monitor-a27i-2024-09-24-14_02_56.png\"><img decoding=\"async\" class=\"size-full wp-image-15741\" src=\"https:\/\/www.xiaomistoreks.com\/wp-content\/uploads\/2024\/09\/slice-2-screencapture-mi-global-product-xiaomi-monitor-a27i-2024-09-24-14_02_56.png\" alt=\"\" width=\"1920\" height=\"3330\" \/><\/a><a href=\"https:\/\/www.xiaomistoreks.com\/wp-content\/uploads\/2024\/09\/slice-3-screencapture-mi-global-product-xiaomi-monitor-a27i-2024-09-24-14_02_56.png\"><img decoding=\"async\" class=\"size-full wp-image-15742\" src=\"https:\/\/www.xiaomistoreks.com\/wp-content\/uploads\/2024\/09\/slice-3-screencapture-mi-global-product-xiaomi-monitor-a27i-2024-09-24-14_02_56.png\" alt=\"\" width=\"1920\" height=\"3330\" \/><\/a><a href=\"https:\/\/www.xiaomistoreks.com\/wp-content\/uploads\/2024\/09\/slice-4-screencapture-mi-global-product-xiaomi-monitor-a27i-2024-09-24-14_02_56.png\"><img loading=\"lazy\" decoding=\"async\" class=\"size-full wp-image-15743\" src=\"https:\/\/www.xiaomistoreks.com\/wp-content\/uploads\/2024\/09\/slice-4-screencapture-mi-global-product-xiaomi-monitor-a27i-2024-09-24-14_02_56.png\" alt=\"\" width=\"1920\" height=\"3330\" \/><\/a><a href=\"https:\/\/www.xiaomistoreks.com\/wp-content\/uploads\/2024\/09\/slice-5-screencapture-mi-global-product-xiaomi-monitor-a27i-2024-09-24-14_02_56.png\"><img loading=\"lazy\" decoding=\"async\" class=\"size-full wp-image-15744\" src=\"https:\/\/www.xiaomistoreks.com\/wp-content\/uploads\/2024\/09\/slice-5-screencapture-mi-global-product-xiaomi-monitor-a27i-2024-09-24-14_02_56.png\" alt=\"\" width=\"1920\" height=\"1562\" \/><\/a><\/p>\n","protected":false},"excerpt":{"rendered":"<p>Xiaomi Mi Monitor A27i ofron nj\u00eb p\u00ebrvoj\u00eb gjith\u00ebp\u00ebrfshir\u00ebse shikimi me ekranin e tij t\u00eb madh 27 in\u00e7 dhe rezolucionin Full HD. K\u00ebndi i tij i gjer\u00eb i shikimit dhe gam\u00eb e pasur e ngjyrave sigurojn\u00eb pamje vibruese dhe t\u00eb detajuara, duke e b\u00ebr\u00eb at\u00eb ideal p\u00ebr pun\u00eb, loj\u00ebra dhe arg\u00ebtim. Dizajni ergonomik i A27i, duke p\u00ebrfshir\u00eb pjerr\u00ebsin\u00eb dhe lart\u00ebsin\u00eb e rregullueshme, ofron shikim t\u00eb rehatsh\u00ebm p\u00ebr or\u00eb t\u00eb gjata, duke e b\u00ebr\u00eb at\u00eb nj\u00eb shtes\u00eb t\u00eb p\u00ebrsosur p\u00ebr hap\u00ebsir\u00ebn tuaj t\u00eb pun\u00ebs ose konfigurimin e sht\u00ebpis\u00eb.<\/p>\n","protected":false},"featured_media":15738,"template":"","meta":[],"product_cat":[235,204],"product_tag":[],"_links":{"self":[{"href":"https:\/\/www.xiaomistoreks.com\/en\/wp-json\/wp\/v2\/product\/15737"}],"collection":[{"href":"https:\/\/www.xiaomistoreks.com\/en\/wp-json\/wp\/v2\/product"}],"about":[{"href":"https:\/\/www.xiaomistoreks.com\/en\/wp-json\/wp\/v2\/types\/product"}],"version-history":[{"count":3,"href":"https:\/\/www.xiaomistoreks.com\/en\/wp-json\/wp\/v2\/product\/15737\/revisions"}],"predecessor-version":[{"id":16208,"href":"https:\/\/www.xiaomistoreks.com\/en\/wp-json\/wp\/v2\/product\/15737\/revisions\/16208"}],"wp:featuredmedia":[{"embeddable":true,"href":"https:\/\/www.xiaomistoreks.com\/en\/wp-json\/wp\/v2\/media\/15738"}],"wp:attachment":[{"href":"https:\/\/www.xiaomistoreks.com\/en\/wp-json\/wp\/v2\/media?parent=15737"}],"wp:term":[{"taxonomy":"product_cat","embeddable":true,"href":"https:\/\/www.xiaomistoreks.com\/en\/wp-json\/wp\/v2\/product_cat?post=15737"},{"taxonomy":"product_tag","embeddable":true,"href":"https:\/\/www.xiaomistoreks.com\/en\/wp-json\/wp\/v2\/product_tag?post=15737"}],"curies":[{"name":"wp","href":"https:\/\/api.w.org\/{rel}","templated":true}]}}