{"id":15692,"date":"2024-09-24T11:09:46","date_gmt":"2024-09-24T11:09:46","guid":{"rendered":"https:\/\/www.xiaomistoreks.com\/?post_type=product&#038;p=15692"},"modified":"2026-03-06T00:32:56","modified_gmt":"2026-03-06T00:32:56","slug":"redmi-watch-strap","status":"publish","type":"product","link":"https:\/\/www.xiaomistoreks.com\/en\/product\/redmi-watch-strap\/","title":{"rendered":"Redmi Watch Strap"},"content":{"rendered":"<p><a href=\"https:\/\/www.xiaomistoreks.com\/wp-content\/uploads\/2024\/09\/slice-1-screencapture-mi-global-product-redmi-watch-strap-2024-09-24-13_04_24.png\"><img fetchpriority=\"high\" decoding=\"async\" class=\"size-full wp-image-15700\" src=\"https:\/\/www.xiaomistoreks.com\/wp-content\/uploads\/2024\/09\/slice-1-screencapture-mi-global-product-redmi-watch-strap-2024-09-24-13_04_24.png\" alt=\"\" width=\"1920\" height=\"3041\" \/><\/a> <a href=\"https:\/\/www.xiaomistoreks.com\/wp-content\/uploads\/2024\/09\/slice-2-screencapture-mi-global-product-redmi-watch-strap-2024-09-24-13_04_24.png\"><img decoding=\"async\" class=\"size-full wp-image-15701\" src=\"https:\/\/www.xiaomistoreks.com\/wp-content\/uploads\/2024\/09\/slice-2-screencapture-mi-global-product-redmi-watch-strap-2024-09-24-13_04_24.png\" alt=\"\" width=\"1920\" height=\"2050\" \/><\/a><\/p>\n","protected":false},"excerpt":{"rendered":"<p>Rripi i or\u00ebs Xiaomi Redmi \u00ebsht\u00eb nj\u00eb aksesor elegant dhe i q\u00ebndruesh\u00ebm q\u00eb ju lejon t\u00eb personalizoni pajisjen tuaj t\u00eb veshur. Me nj\u00eb shum\u00ebllojshm\u00ebri ngjyrash dhe materialesh p\u00ebr t\u00eb zgjedhur, mund t\u00eb gjeni leht\u00ebsisht nj\u00eb rrip q\u00eb plot\u00ebson stilin tuaj personal. T\u00eb krijuara nga materiale me cil\u00ebsi t\u00eb lart\u00eb, k\u00ebto rripa jan\u00eb t\u00eb rehatsh\u00ebm p\u00ebr t&#8217;u veshur dhe t\u00eb leht\u00eb p\u00ebr t&#8217;u instaluar, duke ofruar nj\u00eb m\u00ebnyr\u00eb t\u00eb p\u00ebrsosur p\u00ebr t\u00eb personalizuar or\u00ebn tuaj Xiaomi Redmi.<\/p>\n","protected":false},"featured_media":15697,"template":"","meta":[],"product_cat":[188,192],"product_tag":[],"_links":{"self":[{"href":"https:\/\/www.xiaomistoreks.com\/en\/wp-json\/wp\/v2\/product\/15692"}],"collection":[{"href":"https:\/\/www.xiaomistoreks.com\/en\/wp-json\/wp\/v2\/product"}],"about":[{"href":"https:\/\/www.xiaomistoreks.com\/en\/wp-json\/wp\/v2\/types\/product"}],"version-history":[{"count":3,"href":"https:\/\/www.xiaomistoreks.com\/en\/wp-json\/wp\/v2\/product\/15692\/revisions"}],"predecessor-version":[{"id":19171,"href":"https:\/\/www.xiaomistoreks.com\/en\/wp-json\/wp\/v2\/product\/15692\/revisions\/19171"}],"wp:featuredmedia":[{"embeddable":true,"href":"https:\/\/www.xiaomistoreks.com\/en\/wp-json\/wp\/v2\/media\/15697"}],"wp:attachment":[{"href":"https:\/\/www.xiaomistoreks.com\/en\/wp-json\/wp\/v2\/media?parent=15692"}],"wp:term":[{"taxonomy":"product_cat","embeddable":true,"href":"https:\/\/www.xiaomistoreks.com\/en\/wp-json\/wp\/v2\/product_cat?post=15692"},{"taxonomy":"product_tag","embeddable":true,"href":"https:\/\/www.xiaomistoreks.com\/en\/wp-json\/wp\/v2\/product_tag?post=15692"}],"curies":[{"name":"wp","href":"https:\/\/api.w.org\/{rel}","templated":true}]}}