{"id":15676,"date":"2024-09-24T10:45:20","date_gmt":"2024-09-24T10:45:20","guid":{"rendered":"https:\/\/www.xiaomistoreks.com\/?post_type=product&#038;p=15676"},"modified":"2026-03-06T00:33:46","modified_gmt":"2026-03-06T00:33:46","slug":"xiaomi-redmi-buds-6-lite","status":"publish","type":"product","link":"https:\/\/www.xiaomistoreks.com\/en\/product\/xiaomi-redmi-buds-6-lite\/","title":{"rendered":"Xiaomi Redmi Buds 6 Lite"},"content":{"rendered":"<p><a href=\"https:\/\/www.xiaomistoreks.com\/wp-content\/uploads\/2024\/09\/slice-1-screencapture-mi-global-product-redmi-buds-6-lite-2024-09-24-12_37_16.png\"><img fetchpriority=\"high\" decoding=\"async\" class=\"size-full wp-image-15681\" src=\"https:\/\/www.xiaomistoreks.com\/wp-content\/uploads\/2024\/09\/slice-1-screencapture-mi-global-product-redmi-buds-6-lite-2024-09-24-12_37_16.png\" alt=\"\" width=\"1920\" height=\"3824\" \/><\/a> <a href=\"https:\/\/www.xiaomistoreks.com\/wp-content\/uploads\/2024\/09\/slice-2-screencapture-mi-global-product-redmi-buds-6-lite-2024-09-24-12_37_16.png\"><img decoding=\"async\" class=\"size-full wp-image-15682\" src=\"https:\/\/www.xiaomistoreks.com\/wp-content\/uploads\/2024\/09\/slice-2-screencapture-mi-global-product-redmi-buds-6-lite-2024-09-24-12_37_16.png\" alt=\"\" width=\"1920\" height=\"3949\" \/><\/a> <a href=\"https:\/\/www.xiaomistoreks.com\/wp-content\/uploads\/2024\/09\/slice-3-screencapture-mi-global-product-redmi-buds-6-lite-2024-09-24-12_37_16.png\"><img decoding=\"async\" class=\"size-full wp-image-15683\" src=\"https:\/\/www.xiaomistoreks.com\/wp-content\/uploads\/2024\/09\/slice-3-screencapture-mi-global-product-redmi-buds-6-lite-2024-09-24-12_37_16.png\" alt=\"\" width=\"1920\" height=\"3949\" \/><\/a> <a href=\"https:\/\/www.xiaomistoreks.com\/wp-content\/uploads\/2024\/09\/slice-4-screencapture-mi-global-product-redmi-buds-6-lite-2024-09-24-12_37_16.png\"><img loading=\"lazy\" decoding=\"async\" class=\"size-full wp-image-15684\" src=\"https:\/\/www.xiaomistoreks.com\/wp-content\/uploads\/2024\/09\/slice-4-screencapture-mi-global-product-redmi-buds-6-lite-2024-09-24-12_37_16.png\" alt=\"\" width=\"1920\" height=\"3949\" \/><\/a> <a href=\"https:\/\/www.xiaomistoreks.com\/wp-content\/uploads\/2024\/09\/slice-5-screencapture-mi-global-product-redmi-buds-6-lite-2024-09-24-12_37_16.png\"><img loading=\"lazy\" decoding=\"async\" class=\"size-full wp-image-15685\" src=\"https:\/\/www.xiaomistoreks.com\/wp-content\/uploads\/2024\/09\/slice-5-screencapture-mi-global-product-redmi-buds-6-lite-2024-09-24-12_37_16.png\" alt=\"\" width=\"1920\" height=\"3949\" \/><\/a> <a href=\"https:\/\/www.xiaomistoreks.com\/wp-content\/uploads\/2024\/09\/slice-6-screencapture-mi-global-product-redmi-buds-6-lite-2024-09-24-12_37_16.png\"><img loading=\"lazy\" decoding=\"async\" class=\"size-full wp-image-15686\" src=\"https:\/\/www.xiaomistoreks.com\/wp-content\/uploads\/2024\/09\/slice-6-screencapture-mi-global-product-redmi-buds-6-lite-2024-09-24-12_37_16.png\" alt=\"\" width=\"1920\" height=\"3949\" \/><\/a> <a href=\"https:\/\/www.xiaomistoreks.com\/wp-content\/uploads\/2024\/09\/slice-7-screencapture-mi-global-product-redmi-buds-6-lite-2024-09-24-12_37_16.png\"><img loading=\"lazy\" decoding=\"async\" class=\"size-full wp-image-15687\" src=\"https:\/\/www.xiaomistoreks.com\/wp-content\/uploads\/2024\/09\/slice-7-screencapture-mi-global-product-redmi-buds-6-lite-2024-09-24-12_37_16.png\" alt=\"\" width=\"1920\" height=\"3224\" \/><\/a><\/p>\n","protected":false},"excerpt":{"rendered":"<p>Xiaomi Redmi Buds 6 Lite ofron p\u00ebrsosm\u00ebri audio t\u00eb p\u00ebrballueshme me nj\u00ebsin\u00eb e tyre dinamike t\u00eb drejtuesit, p\u00ebrshtatjen e rehatshme, jet\u00ebgjat\u00ebsin\u00eb e bateris\u00eb, kontrollet me prekje dhe rezistenc\u00ebn ndaj ujit IPX4. K\u00ebto kufje me val\u00eb ofrojn\u00eb nj\u00eb p\u00ebrvoj\u00eb t\u00eb ekuilibruar t\u00eb z\u00ebrit, duke i b\u00ebr\u00eb ato ideale p\u00ebr d\u00ebgjimin e p\u00ebrditsh\u00ebm dhe stilin e jet\u00ebs aktive.<\/p>\n","protected":false},"featured_media":17580,"template":"","meta":[],"product_cat":[202,213],"product_tag":[],"_links":{"self":[{"href":"https:\/\/www.xiaomistoreks.com\/en\/wp-json\/wp\/v2\/product\/15676"}],"collection":[{"href":"https:\/\/www.xiaomistoreks.com\/en\/wp-json\/wp\/v2\/product"}],"about":[{"href":"https:\/\/www.xiaomistoreks.com\/en\/wp-json\/wp\/v2\/types\/product"}],"version-history":[{"count":2,"href":"https:\/\/www.xiaomistoreks.com\/en\/wp-json\/wp\/v2\/product\/15676\/revisions"}],"predecessor-version":[{"id":20403,"href":"https:\/\/www.xiaomistoreks.com\/en\/wp-json\/wp\/v2\/product\/15676\/revisions\/20403"}],"wp:featuredmedia":[{"embeddable":true,"href":"https:\/\/www.xiaomistoreks.com\/en\/wp-json\/wp\/v2\/media\/17580"}],"wp:attachment":[{"href":"https:\/\/www.xiaomistoreks.com\/en\/wp-json\/wp\/v2\/media?parent=15676"}],"wp:term":[{"taxonomy":"product_cat","embeddable":true,"href":"https:\/\/www.xiaomistoreks.com\/en\/wp-json\/wp\/v2\/product_cat?post=15676"},{"taxonomy":"product_tag","embeddable":true,"href":"https:\/\/www.xiaomistoreks.com\/en\/wp-json\/wp\/v2\/product_tag?post=15676"}],"curies":[{"name":"wp","href":"https:\/\/api.w.org\/{rel}","templated":true}]}}