{"id":15624,"date":"2024-09-24T07:28:48","date_gmt":"2024-09-24T07:28:48","guid":{"rendered":"https:\/\/www.xiaomistoreks.com\/?post_type=product&#038;p=15624"},"modified":"2026-04-20T16:31:03","modified_gmt":"2026-04-20T16:31:03","slug":"xiaomi-handheld-garment-steamer","status":"publish","type":"product","link":"https:\/\/www.xiaomistoreks.com\/en\/product\/xiaomi-handheld-garment-steamer\/","title":{"rendered":"Xiaomi Handheld Garment Steamer"},"content":{"rendered":"<p><a href=\"https:\/\/www.xiaomistoreks.com\/wp-content\/uploads\/2024\/09\/slice-1-screencapture-mi-in-product-xiaomi-handheld-garment-steamer-2024-09-24-09_15_54.png\"><img fetchpriority=\"high\" decoding=\"async\" class=\"size-full wp-image-15629\" src=\"https:\/\/www.xiaomistoreks.com\/wp-content\/uploads\/2024\/09\/slice-1-screencapture-mi-in-product-xiaomi-handheld-garment-steamer-2024-09-24-09_15_54.png\" alt=\"\" width=\"1920\" height=\"1822\" \/><\/a> <a href=\"https:\/\/www.xiaomistoreks.com\/wp-content\/uploads\/2024\/09\/slice-2-screencapture-mi-in-product-xiaomi-handheld-garment-steamer-2024-09-24-09_15_54.png\"><img decoding=\"async\" class=\"size-full wp-image-15630\" src=\"https:\/\/www.xiaomistoreks.com\/wp-content\/uploads\/2024\/09\/slice-2-screencapture-mi-in-product-xiaomi-handheld-garment-steamer-2024-09-24-09_15_54.png\" alt=\"\" width=\"1920\" height=\"2440\" \/><\/a> <a href=\"https:\/\/www.xiaomistoreks.com\/wp-content\/uploads\/2024\/09\/slice-3-screencapture-mi-in-product-xiaomi-handheld-garment-steamer-2024-09-24-09_15_54.png\"><img decoding=\"async\" class=\"size-full wp-image-15631\" src=\"https:\/\/www.xiaomistoreks.com\/wp-content\/uploads\/2024\/09\/slice-3-screencapture-mi-in-product-xiaomi-handheld-garment-steamer-2024-09-24-09_15_54.png\" alt=\"\" width=\"1920\" height=\"1996\" \/><\/a> <a href=\"https:\/\/www.xiaomistoreks.com\/wp-content\/uploads\/2024\/09\/slice-4-screencapture-mi-in-product-xiaomi-handheld-garment-steamer-2024-09-24-09_15_54.png\"><img loading=\"lazy\" decoding=\"async\" class=\"size-full wp-image-15632\" src=\"https:\/\/www.xiaomistoreks.com\/wp-content\/uploads\/2024\/09\/slice-4-screencapture-mi-in-product-xiaomi-handheld-garment-steamer-2024-09-24-09_15_54.png\" alt=\"\" width=\"1920\" height=\"3459\" \/><\/a> <a href=\"https:\/\/www.xiaomistoreks.com\/wp-content\/uploads\/2024\/09\/slice-5-screencapture-mi-in-product-xiaomi-handheld-garment-steamer-2024-09-24-09_15_54.png\"><img loading=\"lazy\" decoding=\"async\" class=\"size-full wp-image-15633\" src=\"https:\/\/www.xiaomistoreks.com\/wp-content\/uploads\/2024\/09\/slice-5-screencapture-mi-in-product-xiaomi-handheld-garment-steamer-2024-09-24-09_15_54.png\" alt=\"\" width=\"1920\" height=\"1523\" \/><\/a><\/p>\n","protected":false},"excerpt":{"rendered":"<p>Xiaomi Handheld Garment Steamer \u00ebsht\u00eb nj\u00eb mjet i fuqish\u00ebm dhe i p\u00ebrshtatsh\u00ebm p\u00ebr heqjen e leht\u00eb t\u00eb rrudhave. Avulli i tij i fort\u00eb dhe i vazhduesh\u00ebm zbut n\u00eb m\u00ebnyr\u00eb efikase rrudhat n\u00eb rrobat, perdet tuaja dhe m\u00eb shum\u00eb. Me ngrohje t\u00eb shpejt\u00eb dhe nj\u00eb rezervuar t\u00eb madh uji, mund t\u00eb shijoni seanca t\u00eb zgjatura t\u00eb avullimit pa rimbushje t\u00eb shpeshta. E krijuar p\u00ebr p\u00eblhura delikate, kjo avullore portative \u00ebsht\u00eb e p\u00ebrkryer p\u00ebr t&#8217;i mbajtur veshjet tuaja t\u00eb duken m\u00eb t\u00eb mira, si n\u00eb sht\u00ebpi ashtu edhe n\u00eb l\u00ebvizje.<\/p>\n","protected":false},"featured_media":15625,"template":"","meta":[],"product_cat":[169],"product_tag":[],"_links":{"self":[{"href":"https:\/\/www.xiaomistoreks.com\/en\/wp-json\/wp\/v2\/product\/15624"}],"collection":[{"href":"https:\/\/www.xiaomistoreks.com\/en\/wp-json\/wp\/v2\/product"}],"about":[{"href":"https:\/\/www.xiaomistoreks.com\/en\/wp-json\/wp\/v2\/types\/product"}],"version-history":[{"count":7,"href":"https:\/\/www.xiaomistoreks.com\/en\/wp-json\/wp\/v2\/product\/15624\/revisions"}],"predecessor-version":[{"id":20828,"href":"https:\/\/www.xiaomistoreks.com\/en\/wp-json\/wp\/v2\/product\/15624\/revisions\/20828"}],"wp:featuredmedia":[{"embeddable":true,"href":"https:\/\/www.xiaomistoreks.com\/en\/wp-json\/wp\/v2\/media\/15625"}],"wp:attachment":[{"href":"https:\/\/www.xiaomistoreks.com\/en\/wp-json\/wp\/v2\/media?parent=15624"}],"wp:term":[{"taxonomy":"product_cat","embeddable":true,"href":"https:\/\/www.xiaomistoreks.com\/en\/wp-json\/wp\/v2\/product_cat?post=15624"},{"taxonomy":"product_tag","embeddable":true,"href":"https:\/\/www.xiaomistoreks.com\/en\/wp-json\/wp\/v2\/product_tag?post=15624"}],"curies":[{"name":"wp","href":"https:\/\/api.w.org\/{rel}","templated":true}]}}