{"id":15313,"date":"2024-07-10T08:45:36","date_gmt":"2024-07-10T08:45:36","guid":{"rendered":"https:\/\/www.xiaomistoreks.com\/?post_type=product&#038;p=15313"},"modified":"2026-03-06T00:32:52","modified_gmt":"2026-03-06T00:32:52","slug":"xiaomi-mi-robot-vacuum-e5-side-brush","status":"publish","type":"product","link":"https:\/\/www.xiaomistoreks.com\/en\/product\/xiaomi-mi-robot-vacuum-e5-side-brush\/","title":{"rendered":"Xiaomi Mi Robot Vacuum E5 Side Brush"},"content":{"rendered":"","protected":false},"excerpt":{"rendered":"<p>Siguroni nj\u00eb pastrim t\u00eb plot\u00eb dhe efikas me Fur\u00e7\u00ebn An\u00ebsore Xiaomi Robot Vacuum E5. Kjo fur\u00e7\u00eb cil\u00ebsore ndihmon n\u00eb mbledhjen e pluhurit dhe mbeturinave nga cepat dhe skajet e v\u00ebshtira p\u00ebr t&#8217;u arritur, duke p\u00ebrmir\u00ebsuar performanc\u00ebn e p\u00ebrgjithshme t\u00eb robotit tuaj pastrues. Me nj\u00eb dizajn t\u00eb q\u00ebndruesh\u00ebm dhe instalim t\u00eb leht\u00eb, Fur\u00e7a An\u00ebsore Xiaomi Robot Vacuum E5 \u00ebsht\u00eb nj\u00eb aksesor i domosdosh\u00ebm p\u00ebr nj\u00eb pastrim t\u00eb shk\u00eblqyesh\u00ebm.<\/p>\n","protected":false},"featured_media":15314,"template":"","meta":[],"product_cat":[225,272,169],"product_tag":[],"_links":{"self":[{"href":"https:\/\/www.xiaomistoreks.com\/en\/wp-json\/wp\/v2\/product\/15313"}],"collection":[{"href":"https:\/\/www.xiaomistoreks.com\/en\/wp-json\/wp\/v2\/product"}],"about":[{"href":"https:\/\/www.xiaomistoreks.com\/en\/wp-json\/wp\/v2\/types\/product"}],"version-history":[{"count":2,"href":"https:\/\/www.xiaomistoreks.com\/en\/wp-json\/wp\/v2\/product\/15313\/revisions"}],"predecessor-version":[{"id":19383,"href":"https:\/\/www.xiaomistoreks.com\/en\/wp-json\/wp\/v2\/product\/15313\/revisions\/19383"}],"wp:featuredmedia":[{"embeddable":true,"href":"https:\/\/www.xiaomistoreks.com\/en\/wp-json\/wp\/v2\/media\/15314"}],"wp:attachment":[{"href":"https:\/\/www.xiaomistoreks.com\/en\/wp-json\/wp\/v2\/media?parent=15313"}],"wp:term":[{"taxonomy":"product_cat","embeddable":true,"href":"https:\/\/www.xiaomistoreks.com\/en\/wp-json\/wp\/v2\/product_cat?post=15313"},{"taxonomy":"product_tag","embeddable":true,"href":"https:\/\/www.xiaomistoreks.com\/en\/wp-json\/wp\/v2\/product_tag?post=15313"}],"curies":[{"name":"wp","href":"https:\/\/api.w.org\/{rel}","templated":true}]}}