{"id":15279,"date":"2024-07-09T13:48:57","date_gmt":"2024-07-09T13:48:57","guid":{"rendered":"https:\/\/www.xiaomistoreks.com\/?post_type=product&#038;p=15279"},"modified":"2026-05-02T15:39:25","modified_gmt":"2026-05-02T15:39:25","slug":"xiaomi-vacuum-cleaner-g20-lite","status":"publish","type":"product","link":"https:\/\/www.xiaomistoreks.com\/en\/product\/xiaomi-vacuum-cleaner-g20-lite\/","title":{"rendered":"Xiaomi Vacuum Cleaner G20 Lite"},"content":{"rendered":"<p><a href=\"https:\/\/www.xiaomistoreks.com\/wp-content\/uploads\/2024\/07\/Xiaomi-Vacuum-Cleaner-G20-Lite1-scaled.jpg\"><img fetchpriority=\"high\" decoding=\"async\" class=\"alignnone size-full wp-image-15283\" src=\"https:\/\/www.xiaomistoreks.com\/wp-content\/uploads\/2024\/07\/Xiaomi-Vacuum-Cleaner-G20-Lite1-scaled.jpg\" alt=\"\" width=\"1518\" height=\"2560\" \/><\/a> <a href=\"https:\/\/www.xiaomistoreks.com\/wp-content\/uploads\/2024\/07\/Xiaomi-Vacuum-Cleaner-G20-Lite2-scaled.jpg\"><img decoding=\"async\" class=\"alignnone size-full wp-image-15284\" src=\"https:\/\/www.xiaomistoreks.com\/wp-content\/uploads\/2024\/07\/Xiaomi-Vacuum-Cleaner-G20-Lite2-scaled.jpg\" alt=\"\" width=\"1463\" height=\"2560\" \/><\/a> <a href=\"https:\/\/www.xiaomistoreks.com\/wp-content\/uploads\/2024\/07\/Xiaomi-Vacuum-Cleaner-G20-Lite3-scaled.jpg\"><img decoding=\"async\" class=\"alignnone size-full wp-image-15285\" src=\"https:\/\/www.xiaomistoreks.com\/wp-content\/uploads\/2024\/07\/Xiaomi-Vacuum-Cleaner-G20-Lite3-scaled.jpg\" alt=\"\" width=\"1463\" height=\"2560\" \/><\/a> <a href=\"https:\/\/www.xiaomistoreks.com\/wp-content\/uploads\/2024\/07\/Xiaomi-Vacuum-Cleaner-G20-Lite4.jpg\"><img loading=\"lazy\" decoding=\"async\" class=\"alignnone size-full wp-image-15286\" src=\"https:\/\/www.xiaomistoreks.com\/wp-content\/uploads\/2024\/07\/Xiaomi-Vacuum-Cleaner-G20-Lite4.jpg\" alt=\"\" width=\"1920\" height=\"2458\" \/><\/a><\/p>\n","protected":false},"excerpt":{"rendered":"<p>B\u00ebni pastrimin e sht\u00ebpis\u00eb m\u00eb t\u00eb leht\u00eb dhe efikas me Xiaomi Vacuum Cleaner G20 Lite. Ky fshes\u00eb me korrent portab\u00ebl ofron fuqi t\u00eb lart\u00eb thithjeje dhe dizajn t\u00eb leht\u00eb p\u00ebr p\u00ebrdorim t\u00eb rehatsh\u00ebm. Me bateri q\u00eb zgjat dhe filtra t\u00eb avancuar, Xiaomi G20 Lite \u00ebsht\u00eb ideal p\u00ebr pastrimin e p\u00ebrditsh\u00ebm t\u00eb t\u00eb gjitha sip\u00ebrfaqeve. Perfekt p\u00ebr nj\u00eb stil jetese aktiv dhe t\u00eb past\u00ebr.<\/p>\n","protected":false},"featured_media":15280,"template":"","meta":[],"product_cat":[176,225,169,155],"product_tag":[],"_links":{"self":[{"href":"https:\/\/www.xiaomistoreks.com\/en\/wp-json\/wp\/v2\/product\/15279"}],"collection":[{"href":"https:\/\/www.xiaomistoreks.com\/en\/wp-json\/wp\/v2\/product"}],"about":[{"href":"https:\/\/www.xiaomistoreks.com\/en\/wp-json\/wp\/v2\/types\/product"}],"version-history":[{"count":1,"href":"https:\/\/www.xiaomistoreks.com\/en\/wp-json\/wp\/v2\/product\/15279\/revisions"}],"predecessor-version":[{"id":15287,"href":"https:\/\/www.xiaomistoreks.com\/en\/wp-json\/wp\/v2\/product\/15279\/revisions\/15287"}],"wp:featuredmedia":[{"embeddable":true,"href":"https:\/\/www.xiaomistoreks.com\/en\/wp-json\/wp\/v2\/media\/15280"}],"wp:attachment":[{"href":"https:\/\/www.xiaomistoreks.com\/en\/wp-json\/wp\/v2\/media?parent=15279"}],"wp:term":[{"taxonomy":"product_cat","embeddable":true,"href":"https:\/\/www.xiaomistoreks.com\/en\/wp-json\/wp\/v2\/product_cat?post=15279"},{"taxonomy":"product_tag","embeddable":true,"href":"https:\/\/www.xiaomistoreks.com\/en\/wp-json\/wp\/v2\/product_tag?post=15279"}],"curies":[{"name":"wp","href":"https:\/\/api.w.org\/{rel}","templated":true}]}}