{"id":15246,"date":"2024-07-08T14:21:21","date_gmt":"2024-07-08T14:21:21","guid":{"rendered":"https:\/\/www.xiaomistoreks.com\/?post_type=product&#038;p=15246"},"modified":"2026-03-06T00:32:52","modified_gmt":"2026-03-06T00:32:52","slug":"xiaomi-robot-vacuum-x20","status":"publish","type":"product","link":"https:\/\/www.xiaomistoreks.com\/en\/product\/xiaomi-robot-vacuum-x20\/","title":{"rendered":"Xiaomi Robot Vacuum X20+"},"content":{"rendered":"<p><a href=\"https:\/\/www.xiaomistoreks.com\/wp-content\/uploads\/2024\/07\/Xiaomi-Robot-Vacuum-X201-scaled.jpg\"><img fetchpriority=\"high\" decoding=\"async\" class=\"alignnone size-full wp-image-15254\" src=\"https:\/\/www.xiaomistoreks.com\/wp-content\/uploads\/2024\/07\/Xiaomi-Robot-Vacuum-X201-scaled.jpg\" alt=\"\" width=\"1365\" height=\"2560\" \/><\/a> <a href=\"https:\/\/www.xiaomistoreks.com\/wp-content\/uploads\/2024\/07\/Xiaomi-Robot-Vacuum-X202.jpg\"><img decoding=\"async\" class=\"alignnone size-full wp-image-15255\" src=\"https:\/\/www.xiaomistoreks.com\/wp-content\/uploads\/2024\/07\/Xiaomi-Robot-Vacuum-X202.jpg\" alt=\"\" width=\"1920\" height=\"2420\" \/><\/a> <a href=\"https:\/\/www.xiaomistoreks.com\/wp-content\/uploads\/2024\/07\/Xiaomi-Robot-Vacuum-X203-scaled.jpg\"><img decoding=\"async\" class=\"alignnone size-full wp-image-15256\" src=\"https:\/\/www.xiaomistoreks.com\/wp-content\/uploads\/2024\/07\/Xiaomi-Robot-Vacuum-X203-scaled.jpg\" alt=\"\" width=\"1486\" height=\"2560\" \/><\/a> <a href=\"https:\/\/www.xiaomistoreks.com\/wp-content\/uploads\/2024\/07\/Xiaomi-Robot-Vacuum-X204.jpg\"><img loading=\"lazy\" decoding=\"async\" class=\"alignnone size-full wp-image-15257\" src=\"https:\/\/www.xiaomistoreks.com\/wp-content\/uploads\/2024\/07\/Xiaomi-Robot-Vacuum-X204.jpg\" alt=\"\" width=\"1920\" height=\"1540\" \/><\/a> <a href=\"https:\/\/www.xiaomistoreks.com\/wp-content\/uploads\/2024\/07\/Xiaomi-Robot-Vacuum-X205-scaled.jpg\"><img loading=\"lazy\" decoding=\"async\" class=\"alignnone size-full wp-image-15258\" src=\"https:\/\/www.xiaomistoreks.com\/wp-content\/uploads\/2024\/07\/Xiaomi-Robot-Vacuum-X205-scaled.jpg\" alt=\"\" width=\"1506\" height=\"2560\" \/><\/a> <a href=\"https:\/\/www.xiaomistoreks.com\/wp-content\/uploads\/2024\/07\/Xiaomi-Robot-Vacuum-X206-scaled.jpg\"><img loading=\"lazy\" decoding=\"async\" class=\"alignnone size-full wp-image-15259\" src=\"https:\/\/www.xiaomistoreks.com\/wp-content\/uploads\/2024\/07\/Xiaomi-Robot-Vacuum-X206-scaled.jpg\" alt=\"\" width=\"1916\" height=\"2560\" \/><\/a><\/p>\n","protected":false},"excerpt":{"rendered":"<p>B\u00ebni pastrimin e sht\u00ebpis\u00eb m\u00eb t\u00eb leht\u00eb dhe m\u00eb efikas me Xiaomi Robot Vacuum X20+. Ky robot pastrues inteligjent ofron fuqi t\u00eb lart\u00eb thithjeje dhe navigim t\u00eb avancuar p\u00ebr t\u00eb siguruar nj\u00eb pastrim t\u00eb plot\u00eb dhe t\u00eb shpejt\u00eb t\u00eb t\u00eb gjitha sip\u00ebrfaqeve. Me funksione t\u00eb p\u00ebrparuara si kontrolli p\u00ebrmes aplikacionit dhe plani i pastrimit t\u00eb personalizuar, Xiaomi Robot Vacuum X20+ \u00ebsht\u00eb zgjidhja ideale p\u00ebr nj\u00eb sht\u00ebpi t\u00eb past\u00ebr pa mundim.<\/p>\n","protected":false},"featured_media":15247,"template":"","meta":[],"product_cat":[176,225,169],"product_tag":[],"_links":{"self":[{"href":"https:\/\/www.xiaomistoreks.com\/en\/wp-json\/wp\/v2\/product\/15246"}],"collection":[{"href":"https:\/\/www.xiaomistoreks.com\/en\/wp-json\/wp\/v2\/product"}],"about":[{"href":"https:\/\/www.xiaomistoreks.com\/en\/wp-json\/wp\/v2\/types\/product"}],"version-history":[{"count":2,"href":"https:\/\/www.xiaomistoreks.com\/en\/wp-json\/wp\/v2\/product\/15246\/revisions"}],"predecessor-version":[{"id":15261,"href":"https:\/\/www.xiaomistoreks.com\/en\/wp-json\/wp\/v2\/product\/15246\/revisions\/15261"}],"wp:featuredmedia":[{"embeddable":true,"href":"https:\/\/www.xiaomistoreks.com\/en\/wp-json\/wp\/v2\/media\/15247"}],"wp:attachment":[{"href":"https:\/\/www.xiaomistoreks.com\/en\/wp-json\/wp\/v2\/media?parent=15246"}],"wp:term":[{"taxonomy":"product_cat","embeddable":true,"href":"https:\/\/www.xiaomistoreks.com\/en\/wp-json\/wp\/v2\/product_cat?post=15246"},{"taxonomy":"product_tag","embeddable":true,"href":"https:\/\/www.xiaomistoreks.com\/en\/wp-json\/wp\/v2\/product_tag?post=15246"}],"curies":[{"name":"wp","href":"https:\/\/api.w.org\/{rel}","templated":true}]}}