{"id":15232,"date":"2024-07-08T14:02:13","date_gmt":"2024-07-08T14:02:13","guid":{"rendered":"https:\/\/www.xiaomistoreks.com\/?post_type=product&#038;p=15232"},"modified":"2026-05-04T07:27:29","modified_gmt":"2026-05-04T07:27:29","slug":"xiaomi-quick-release-strap","status":"publish","type":"product","link":"https:\/\/www.xiaomistoreks.com\/en\/product\/xiaomi-quick-release-strap\/","title":{"rendered":"Xiaomi Quick Release Strap"},"content":{"rendered":"<p><a href=\"https:\/\/www.xiaomistoreks.com\/wp-content\/uploads\/2024\/07\/Xiaomi-Quick-Release-Strap1-scaled.jpg\"><img fetchpriority=\"high\" decoding=\"async\" class=\"alignnone size-full wp-image-15242\" src=\"https:\/\/www.xiaomistoreks.com\/wp-content\/uploads\/2024\/07\/Xiaomi-Quick-Release-Strap1-scaled.jpg\" alt=\"\" width=\"1803\" height=\"2560\" \/><\/a> <a href=\"https:\/\/www.xiaomistoreks.com\/wp-content\/uploads\/2024\/07\/Xiaomi-Quick-Release-Strap2.jpg\"><img decoding=\"async\" class=\"alignnone size-full wp-image-15243\" src=\"https:\/\/www.xiaomistoreks.com\/wp-content\/uploads\/2024\/07\/Xiaomi-Quick-Release-Strap2.jpg\" alt=\"\" width=\"1920\" height=\"2215\" \/><\/a><\/p>\n","protected":false},"excerpt":{"rendered":"<p>P\u00ebrmir\u00ebsoni p\u00ebrvoj\u00ebn tuaj t\u00eb veshjes me Rripin Xiaomi Quick Release. Ky rrip elegant dhe i q\u00ebndruesh\u00ebm \u00ebsht\u00eb projektuar p\u00ebr t\u00eb ofruar komoditet maksimal dhe instalim t\u00eb leht\u00eb, fal\u00eb mekanizmit t\u00eb shpejt\u00eb t\u00eb l\u00ebshimit. Me nj\u00eb dizajn modern dhe material cil\u00ebsor, Rripi Xiaomi \u00ebsht\u00eb ideal p\u00ebr \u00e7do stil dhe aktivitet t\u00eb p\u00ebrditsh\u00ebm.<\/p>\n","protected":false},"featured_media":15235,"template":"","meta":[],"product_cat":[188,221],"product_tag":[],"_links":{"self":[{"href":"https:\/\/www.xiaomistoreks.com\/en\/wp-json\/wp\/v2\/product\/15232"}],"collection":[{"href":"https:\/\/www.xiaomistoreks.com\/en\/wp-json\/wp\/v2\/product"}],"about":[{"href":"https:\/\/www.xiaomistoreks.com\/en\/wp-json\/wp\/v2\/types\/product"}],"version-history":[{"count":5,"href":"https:\/\/www.xiaomistoreks.com\/en\/wp-json\/wp\/v2\/product\/15232\/revisions"}],"predecessor-version":[{"id":21841,"href":"https:\/\/www.xiaomistoreks.com\/en\/wp-json\/wp\/v2\/product\/15232\/revisions\/21841"}],"wp:featuredmedia":[{"embeddable":true,"href":"https:\/\/www.xiaomistoreks.com\/en\/wp-json\/wp\/v2\/media\/15235"}],"wp:attachment":[{"href":"https:\/\/www.xiaomistoreks.com\/en\/wp-json\/wp\/v2\/media?parent=15232"}],"wp:term":[{"taxonomy":"product_cat","embeddable":true,"href":"https:\/\/www.xiaomistoreks.com\/en\/wp-json\/wp\/v2\/product_cat?post=15232"},{"taxonomy":"product_tag","embeddable":true,"href":"https:\/\/www.xiaomistoreks.com\/en\/wp-json\/wp\/v2\/product_tag?post=15232"}],"curies":[{"name":"wp","href":"https:\/\/api.w.org\/{rel}","templated":true}]}}