{"id":15156,"date":"2024-07-04T09:29:05","date_gmt":"2024-07-04T09:29:05","guid":{"rendered":"https:\/\/www.xiaomistoreks.com\/?post_type=product&#038;p=15156"},"modified":"2026-03-06T00:32:53","modified_gmt":"2026-03-06T00:32:53","slug":"xiaomi-smart-band-8-pro","status":"publish","type":"product","link":"https:\/\/www.xiaomistoreks.com\/en\/product\/xiaomi-smart-band-8-pro\/","title":{"rendered":"Xiaomi Smart Band 8 Pro"},"content":{"rendered":"<p><a href=\"https:\/\/www.xiaomistoreks.com\/wp-content\/uploads\/2024\/07\/Xiaomi-Smart-Band-8-Pro-1-scaled.jpg\"><img fetchpriority=\"high\" decoding=\"async\" class=\"alignnone size-full wp-image-15162\" src=\"https:\/\/www.xiaomistoreks.com\/wp-content\/uploads\/2024\/07\/Xiaomi-Smart-Band-8-Pro-1-scaled.jpg\" alt=\"\" width=\"1426\" height=\"2560\" \/><\/a> <a href=\"https:\/\/www.xiaomistoreks.com\/wp-content\/uploads\/2024\/07\/Xiaomi-Smart-Band-8-Pro-2-scaled.jpg\"><img decoding=\"async\" class=\"alignnone size-full wp-image-15163\" src=\"https:\/\/www.xiaomistoreks.com\/wp-content\/uploads\/2024\/07\/Xiaomi-Smart-Band-8-Pro-2-scaled.jpg\" alt=\"\" width=\"1365\" height=\"2560\" \/><\/a> <a href=\"https:\/\/www.xiaomistoreks.com\/wp-content\/uploads\/2024\/07\/Xiaomi-Smart-Band-8-Pro-3-scaled.jpg\"><img decoding=\"async\" class=\"alignnone size-full wp-image-15164\" src=\"https:\/\/www.xiaomistoreks.com\/wp-content\/uploads\/2024\/07\/Xiaomi-Smart-Band-8-Pro-3-scaled.jpg\" alt=\"\" width=\"1365\" height=\"2560\" \/><\/a> <a href=\"https:\/\/www.xiaomistoreks.com\/wp-content\/uploads\/2024\/07\/Xiaomi-Smart-Band-8-Pro-4-scaled.jpg\"><img loading=\"lazy\" decoding=\"async\" class=\"alignnone size-full wp-image-15165\" src=\"https:\/\/www.xiaomistoreks.com\/wp-content\/uploads\/2024\/07\/Xiaomi-Smart-Band-8-Pro-4-scaled.jpg\" alt=\"\" width=\"1365\" height=\"2560\" \/><\/a> <a href=\"https:\/\/www.xiaomistoreks.com\/wp-content\/uploads\/2024\/07\/Xiaomi-Smart-Band-8-Pro-5-scaled.jpg\"><img loading=\"lazy\" decoding=\"async\" class=\"alignnone size-full wp-image-15166\" src=\"https:\/\/www.xiaomistoreks.com\/wp-content\/uploads\/2024\/07\/Xiaomi-Smart-Band-8-Pro-5-scaled.jpg\" alt=\"\" width=\"1365\" height=\"2560\" \/><\/a> <a href=\"https:\/\/www.xiaomistoreks.com\/wp-content\/uploads\/2024\/07\/Xiaomi-Smart-Band-8-Pro-6-scaled.jpg\"><img loading=\"lazy\" decoding=\"async\" class=\"alignnone size-full wp-image-15167\" src=\"https:\/\/www.xiaomistoreks.com\/wp-content\/uploads\/2024\/07\/Xiaomi-Smart-Band-8-Pro-6-scaled.jpg\" alt=\"\" width=\"1365\" height=\"2560\" \/><\/a> <a href=\"https:\/\/www.xiaomistoreks.com\/wp-content\/uploads\/2024\/07\/Xiaomi-Smart-Band-8-Pro-7-scaled.jpg\"><img loading=\"lazy\" decoding=\"async\" class=\"alignnone size-full wp-image-15168\" src=\"https:\/\/www.xiaomistoreks.com\/wp-content\/uploads\/2024\/07\/Xiaomi-Smart-Band-8-Pro-7-scaled.jpg\" alt=\"\" width=\"1365\" height=\"2560\" \/><\/a> <a href=\"https:\/\/www.xiaomistoreks.com\/wp-content\/uploads\/2024\/07\/Xiaomi-Smart-Band-8-Pro-8-scaled.jpg\"><img loading=\"lazy\" decoding=\"async\" class=\"alignnone size-full wp-image-15169\" src=\"https:\/\/www.xiaomistoreks.com\/wp-content\/uploads\/2024\/07\/Xiaomi-Smart-Band-8-Pro-8-scaled.jpg\" alt=\"\" width=\"1365\" height=\"2560\" \/><\/a> <a href=\"https:\/\/www.xiaomistoreks.com\/wp-content\/uploads\/2024\/07\/Xiaomi-Smart-Band-8-Pro-9-scaled.jpg\"><img loading=\"lazy\" decoding=\"async\" class=\"alignnone size-full wp-image-15170\" src=\"https:\/\/www.xiaomistoreks.com\/wp-content\/uploads\/2024\/07\/Xiaomi-Smart-Band-8-Pro-9-scaled.jpg\" alt=\"\" width=\"1549\" height=\"2560\" \/><\/a> <a href=\"https:\/\/www.xiaomistoreks.com\/wp-content\/uploads\/2024\/07\/Xiaomi-Smart-Band-8-Pro-10-scaled.jpg\"><img loading=\"lazy\" decoding=\"async\" class=\"alignnone size-full wp-image-15171\" src=\"https:\/\/www.xiaomistoreks.com\/wp-content\/uploads\/2024\/07\/Xiaomi-Smart-Band-8-Pro-10-scaled.jpg\" alt=\"\" width=\"1564\" height=\"2560\" \/><\/a><\/p>\n","protected":false},"excerpt":{"rendered":"<p>Xiaomi Smart Band 8 Pro \u00ebsht\u00eb nj\u00eb aksesor i avancuar p\u00ebr monitorimin e sh\u00ebndetit dhe aktivitetit fizik. Me nj\u00eb ekran t\u00eb madh dhe me ngjyra t\u00eb larta rezolucioni, ky smart band ju ofron nj\u00eb p\u00ebrvoj\u00eb t\u00eb shk\u00eblqyer vizuale. Pajisur me sensor\u00eb t\u00eb sofistikuar, Smart Band 8 Pro mund t\u00eb ndjek\u00eb hapat, distanc\u00ebn, kalorit\u00eb e djegura, dhe t\u00eb monitoroj\u00eb rrahjet e zemr\u00ebs n\u00eb koh\u00eb reale. Gjithashtu, ofron monitorim t\u00eb gjumit dhe nivelit t\u00eb stresit, duke ju ndihmuar t\u00eb q\u00ebndroni t\u00eb sh\u00ebndetsh\u00ebm dhe t\u00eb balancuar. Me nj\u00eb dizajn elegant dhe bateri t\u00eb q\u00ebndrueshme, Xiaomi Smart Band 8 Pro \u00ebsht\u00eb partneri ideal p\u00ebr nj\u00eb stil jete aktiv dhe t\u00eb sh\u00ebndetsh\u00ebm.<\/p>\n","protected":false},"featured_media":15161,"template":"","meta":[],"product_cat":[188,221],"product_tag":[],"_links":{"self":[{"href":"https:\/\/www.xiaomistoreks.com\/en\/wp-json\/wp\/v2\/product\/15156"}],"collection":[{"href":"https:\/\/www.xiaomistoreks.com\/en\/wp-json\/wp\/v2\/product"}],"about":[{"href":"https:\/\/www.xiaomistoreks.com\/en\/wp-json\/wp\/v2\/types\/product"}],"version-history":[{"count":4,"href":"https:\/\/www.xiaomistoreks.com\/en\/wp-json\/wp\/v2\/product\/15156\/revisions"}],"predecessor-version":[{"id":15560,"href":"https:\/\/www.xiaomistoreks.com\/en\/wp-json\/wp\/v2\/product\/15156\/revisions\/15560"}],"wp:featuredmedia":[{"embeddable":true,"href":"https:\/\/www.xiaomistoreks.com\/en\/wp-json\/wp\/v2\/media\/15161"}],"wp:attachment":[{"href":"https:\/\/www.xiaomistoreks.com\/en\/wp-json\/wp\/v2\/media?parent=15156"}],"wp:term":[{"taxonomy":"product_cat","embeddable":true,"href":"https:\/\/www.xiaomistoreks.com\/en\/wp-json\/wp\/v2\/product_cat?post=15156"},{"taxonomy":"product_tag","embeddable":true,"href":"https:\/\/www.xiaomistoreks.com\/en\/wp-json\/wp\/v2\/product_tag?post=15156"}],"curies":[{"name":"wp","href":"https:\/\/api.w.org\/{rel}","templated":true}]}}