{"id":14789,"date":"2024-05-15T14:26:55","date_gmt":"2024-05-15T14:26:55","guid":{"rendered":"https:\/\/www.xiaomistoreks.com\/?post_type=product&#038;p=14789"},"modified":"2026-03-27T08:29:34","modified_gmt":"2026-03-27T08:29:34","slug":"mi-smart-camera-c500-pro","status":"publish","type":"product","link":"https:\/\/www.xiaomistoreks.com\/en\/product\/mi-smart-camera-c500-pro\/","title":{"rendered":"Mi Smart Camera C500 Pro"},"content":{"rendered":"<p><a href=\"https:\/\/www.xiaomistoreks.com\/wp-content\/uploads\/2024\/05\/www.mi-20.jpg\"><img fetchpriority=\"high\" decoding=\"async\" class=\"alignnone size-full wp-image-14791\" src=\"https:\/\/www.xiaomistoreks.com\/wp-content\/uploads\/2024\/05\/www.mi-20.jpg\" alt=\"\" width=\"2048\" height=\"983\" \/><\/a> <a href=\"https:\/\/www.xiaomistoreks.com\/wp-content\/uploads\/2024\/05\/www.mi-21.jpg\"><img decoding=\"async\" class=\"alignnone size-full wp-image-14792\" src=\"https:\/\/www.xiaomistoreks.com\/wp-content\/uploads\/2024\/05\/www.mi-21.jpg\" alt=\"\" width=\"2048\" height=\"982\" \/><\/a> <a href=\"https:\/\/www.xiaomistoreks.com\/wp-content\/uploads\/2024\/05\/www.mi-22.jpg\"><img decoding=\"async\" class=\"alignnone size-full wp-image-14793\" src=\"https:\/\/www.xiaomistoreks.com\/wp-content\/uploads\/2024\/05\/www.mi-22.jpg\" alt=\"\" width=\"2048\" height=\"982\" \/><\/a> <a href=\"https:\/\/www.xiaomistoreks.com\/wp-content\/uploads\/2024\/05\/www.mi-23.jpg\"><img loading=\"lazy\" decoding=\"async\" class=\"alignnone size-full wp-image-14794\" src=\"https:\/\/www.xiaomistoreks.com\/wp-content\/uploads\/2024\/05\/www.mi-23.jpg\" alt=\"\" width=\"2048\" height=\"982\" \/><\/a> <a href=\"https:\/\/www.xiaomistoreks.com\/wp-content\/uploads\/2024\/05\/www.mi-24.jpg\"><img loading=\"lazy\" decoding=\"async\" class=\"alignnone size-full wp-image-14795\" src=\"https:\/\/www.xiaomistoreks.com\/wp-content\/uploads\/2024\/05\/www.mi-24.jpg\" alt=\"\" width=\"2048\" height=\"982\" \/><\/a> <a href=\"https:\/\/www.xiaomistoreks.com\/wp-content\/uploads\/2024\/05\/www.mi-25.jpg\"><img loading=\"lazy\" decoding=\"async\" class=\"alignnone size-full wp-image-14796\" src=\"https:\/\/www.xiaomistoreks.com\/wp-content\/uploads\/2024\/05\/www.mi-25.jpg\" alt=\"\" width=\"2048\" height=\"982\" \/><\/a><\/p>\n","protected":false},"excerpt":{"rendered":"<p>Xiaomi Smart Camera C500 Pro siguron sht\u00ebpin\u00eb tuaj me qart\u00ebsi t\u00eb jasht\u00ebzakonshme dhe nj\u00eb s\u00ebr\u00eb ve\u00e7orish. Rezolucioni i tij prej 5 MP jep imazhe t\u00eb qarta, madje edhe me cil\u00ebsi mahnit\u00ebse 3K. Vizioni i avancuar i nat\u00ebs ofron dy m\u00ebnyra, duke ju lejuar t\u00eb kapni pamje shum\u00ebngjyr\u00ebshe n\u00eb drit\u00eb t\u00eb ul\u00ebt ose t\u00eb kaloni n\u00eb infra t\u00eb kuqe tradicionale p\u00ebr err\u00ebsir\u00eb t\u00eb plot\u00eb. Dizajni i zmadhimit me pjerr\u00ebsi me panje krenohet me nj\u00eb gam\u00eb horizontale 360\u00b0 dhe vertikale 114\u00b0, duke eliminuar pikat e verb\u00ebra dhe duke siguruar mbulim gjith\u00ebp\u00ebrfshir\u00ebs. Zbulimi inteligjent i inteligjenc\u00ebs artificiale t\u00eb njeriut minimizon alarmet e rreme duke u fokusuar n\u00eb l\u00ebvizjen e njeriut, nd\u00ebrsa biseda e dyanshme lejon komunikim n\u00eb distanc\u00eb, perfekt p\u00ebr nd\u00ebrveprim me kafsh\u00ebt sht\u00ebpiake ose p\u00ebr t\u00eb frenuar nd\u00ebrhyr\u00ebs t\u00eb mundsh\u00ebm. P\u00ebr m\u00eb shum\u00eb paqe mendore, kamera p\u00ebrmban nj\u00eb mburoj\u00eb fizike t\u00eb privat\u00ebsis\u00eb q\u00eb mund ta aktivizoni kur nuk e p\u00ebrdorni.<\/p>\n","protected":false},"featured_media":14790,"template":"","meta":[],"product_cat":[214,169],"product_tag":[],"_links":{"self":[{"href":"https:\/\/www.xiaomistoreks.com\/en\/wp-json\/wp\/v2\/product\/14789"}],"collection":[{"href":"https:\/\/www.xiaomistoreks.com\/en\/wp-json\/wp\/v2\/product"}],"about":[{"href":"https:\/\/www.xiaomistoreks.com\/en\/wp-json\/wp\/v2\/types\/product"}],"version-history":[{"count":1,"href":"https:\/\/www.xiaomistoreks.com\/en\/wp-json\/wp\/v2\/product\/14789\/revisions"}],"predecessor-version":[{"id":14797,"href":"https:\/\/www.xiaomistoreks.com\/en\/wp-json\/wp\/v2\/product\/14789\/revisions\/14797"}],"wp:featuredmedia":[{"embeddable":true,"href":"https:\/\/www.xiaomistoreks.com\/en\/wp-json\/wp\/v2\/media\/14790"}],"wp:attachment":[{"href":"https:\/\/www.xiaomistoreks.com\/en\/wp-json\/wp\/v2\/media?parent=14789"}],"wp:term":[{"taxonomy":"product_cat","embeddable":true,"href":"https:\/\/www.xiaomistoreks.com\/en\/wp-json\/wp\/v2\/product_cat?post=14789"},{"taxonomy":"product_tag","embeddable":true,"href":"https:\/\/www.xiaomistoreks.com\/en\/wp-json\/wp\/v2\/product_tag?post=14789"}],"curies":[{"name":"wp","href":"https:\/\/api.w.org\/{rel}","templated":true}]}}