{"id":14722,"date":"2024-05-15T07:43:03","date_gmt":"2024-05-15T07:43:03","guid":{"rendered":"https:\/\/www.xiaomistoreks.com\/?post_type=product&#038;p=14722"},"modified":"2026-03-06T00:32:48","modified_gmt":"2026-03-06T00:32:48","slug":"xiaomi-mi-electric-scooter-4-pro-2nd-gen","status":"publish","type":"product","link":"https:\/\/www.xiaomistoreks.com\/en\/product\/xiaomi-mi-electric-scooter-4-pro-2nd-gen\/","title":{"rendered":"Xiaomi Mi Electric Scooter 4 Pro (2nd Gen)"},"content":{"rendered":"<p><a href=\"https:\/\/www.xiaomistoreks.com\/wp-content\/uploads\/2024\/05\/www.mi-1-1.jpg\"><img fetchpriority=\"high\" decoding=\"async\" class=\"alignnone size-full wp-image-14729\" src=\"https:\/\/www.xiaomistoreks.com\/wp-content\/uploads\/2024\/05\/www.mi-1-1.jpg\" alt=\"\" width=\"1214\" height=\"1000\" \/><\/a><\/p>\n<p><a href=\"https:\/\/www.xiaomistoreks.com\/wp-content\/uploads\/2024\/05\/4-Pro-Gen2.png\"><img decoding=\"async\" class=\"alignnone size-full wp-image-14733\" src=\"https:\/\/www.xiaomistoreks.com\/wp-content\/uploads\/2024\/05\/4-Pro-Gen2.png\" alt=\"\" width=\"1214\" height=\"604\" \/><\/a><\/p>\n<p><a href=\"https:\/\/www.xiaomistoreks.com\/wp-content\/uploads\/2024\/05\/Scoter-4-Gen2-3.png\"><img decoding=\"async\" class=\"alignnone size-full wp-image-14734\" src=\"https:\/\/www.xiaomistoreks.com\/wp-content\/uploads\/2024\/05\/Scoter-4-Gen2-3.png\" alt=\"\" width=\"1214\" height=\"1182\" \/><\/a><\/p>\n<p><a href=\"https:\/\/www.xiaomistoreks.com\/wp-content\/uploads\/2024\/05\/Scoter-4-Gen2-4.png\"><img loading=\"lazy\" decoding=\"async\" class=\"alignnone size-full wp-image-14735\" src=\"https:\/\/www.xiaomistoreks.com\/wp-content\/uploads\/2024\/05\/Scoter-4-Gen2-4.png\" alt=\"\" width=\"1214\" height=\"600\" \/><\/a><\/p>\n","protected":false},"excerpt":{"rendered":"<p>Xiaomi Mi Electric Scooter 4 Pro (2nd Gen) pushton udh\u00ebtimin tuaj me nj\u00eb motor t\u00eb fuqish\u00ebm, duke arritur shpejt\u00ebsi 25 km\/h. Bateria e saj e q\u00ebndrueshme ofron nj\u00eb distanc\u00eb prej 60 km.<\/p>\n","protected":false},"featured_media":14727,"template":"","meta":[],"product_cat":[188,201],"product_tag":[],"_links":{"self":[{"href":"https:\/\/www.xiaomistoreks.com\/en\/wp-json\/wp\/v2\/product\/14722"}],"collection":[{"href":"https:\/\/www.xiaomistoreks.com\/en\/wp-json\/wp\/v2\/product"}],"about":[{"href":"https:\/\/www.xiaomistoreks.com\/en\/wp-json\/wp\/v2\/types\/product"}],"version-history":[{"count":6,"href":"https:\/\/www.xiaomistoreks.com\/en\/wp-json\/wp\/v2\/product\/14722\/revisions"}],"predecessor-version":[{"id":16589,"href":"https:\/\/www.xiaomistoreks.com\/en\/wp-json\/wp\/v2\/product\/14722\/revisions\/16589"}],"wp:featuredmedia":[{"embeddable":true,"href":"https:\/\/www.xiaomistoreks.com\/en\/wp-json\/wp\/v2\/media\/14727"}],"wp:attachment":[{"href":"https:\/\/www.xiaomistoreks.com\/en\/wp-json\/wp\/v2\/media?parent=14722"}],"wp:term":[{"taxonomy":"product_cat","embeddable":true,"href":"https:\/\/www.xiaomistoreks.com\/en\/wp-json\/wp\/v2\/product_cat?post=14722"},{"taxonomy":"product_tag","embeddable":true,"href":"https:\/\/www.xiaomistoreks.com\/en\/wp-json\/wp\/v2\/product_tag?post=14722"}],"curies":[{"name":"wp","href":"https:\/\/api.w.org\/{rel}","templated":true}]}}