{"id":14645,"date":"2024-04-19T17:55:53","date_gmt":"2024-04-19T17:55:53","guid":{"rendered":"https:\/\/www.xiaomistoreks.com\/?post_type=product&#038;p=14645"},"modified":"2026-05-12T09:19:19","modified_gmt":"2026-05-12T09:19:19","slug":"xiaomi-mi-wi-fi-range-extender-n300","status":"publish","type":"product","link":"https:\/\/www.xiaomistoreks.com\/en\/product\/xiaomi-mi-wi-fi-range-extender-n300\/","title":{"rendered":"Xiaomi Mi Wi-Fi Range Extender N300"},"content":{"rendered":"<p><a href=\"https:\/\/www.xiaomistoreks.com\/wp-content\/uploads\/2024\/04\/ex4.jpg\"><img fetchpriority=\"high\" decoding=\"async\" class=\"alignnone size-full wp-image-14646\" src=\"https:\/\/www.xiaomistoreks.com\/wp-content\/uploads\/2024\/04\/ex4.jpg\" alt=\"\" width=\"1749\" height=\"754\" \/><\/a><\/p>\n<p><a href=\"https:\/\/www.xiaomistoreks.com\/wp-content\/uploads\/2024\/04\/ex3.jpg\"><img decoding=\"async\" class=\"alignnone size-full wp-image-14647\" src=\"https:\/\/www.xiaomistoreks.com\/wp-content\/uploads\/2024\/04\/ex3.jpg\" alt=\"\" width=\"1600\" height=\"896\" \/><\/a><\/p>\n<p><a href=\"https:\/\/www.xiaomistoreks.com\/wp-content\/uploads\/2024\/04\/ex2.jpg\"><img decoding=\"async\" class=\"alignnone size-full wp-image-14648\" src=\"https:\/\/www.xiaomistoreks.com\/wp-content\/uploads\/2024\/04\/ex2.jpg\" alt=\"\" width=\"1808\" height=\"879\" \/><\/a><\/p>\n<p><a href=\"https:\/\/www.xiaomistoreks.com\/wp-content\/uploads\/2024\/04\/ex1.jpg\"><img loading=\"lazy\" decoding=\"async\" class=\"alignnone size-full wp-image-14649\" src=\"https:\/\/www.xiaomistoreks.com\/wp-content\/uploads\/2024\/04\/ex1.jpg\" alt=\"\" width=\"1911\" height=\"881\" \/><\/a><\/p>\n","protected":false},"excerpt":{"rendered":"<p>Xiaomi WiFi Range Extender N300 lidhet me val\u00eb me ruterin tuaj, do t\u00eb forcoj\u00eb dhe shtrij\u00eb sinjalin e tij n\u00eb \u00e7do cep t\u00eb sht\u00ebpis\u00eb tuaj &#8211; madje edhe n\u00eb vende t\u00eb v\u00ebshtira p\u00ebr t&#8217;u arritur si, ballkone dhe dhoma gjumi.<\/p>\n","protected":false},"featured_media":14650,"template":"","meta":[],"product_cat":[212,169],"product_tag":[],"_links":{"self":[{"href":"https:\/\/www.xiaomistoreks.com\/en\/wp-json\/wp\/v2\/product\/14645"}],"collection":[{"href":"https:\/\/www.xiaomistoreks.com\/en\/wp-json\/wp\/v2\/product"}],"about":[{"href":"https:\/\/www.xiaomistoreks.com\/en\/wp-json\/wp\/v2\/types\/product"}],"version-history":[{"count":2,"href":"https:\/\/www.xiaomistoreks.com\/en\/wp-json\/wp\/v2\/product\/14645\/revisions"}],"predecessor-version":[{"id":14802,"href":"https:\/\/www.xiaomistoreks.com\/en\/wp-json\/wp\/v2\/product\/14645\/revisions\/14802"}],"wp:featuredmedia":[{"embeddable":true,"href":"https:\/\/www.xiaomistoreks.com\/en\/wp-json\/wp\/v2\/media\/14650"}],"wp:attachment":[{"href":"https:\/\/www.xiaomistoreks.com\/en\/wp-json\/wp\/v2\/media?parent=14645"}],"wp:term":[{"taxonomy":"product_cat","embeddable":true,"href":"https:\/\/www.xiaomistoreks.com\/en\/wp-json\/wp\/v2\/product_cat?post=14645"},{"taxonomy":"product_tag","embeddable":true,"href":"https:\/\/www.xiaomistoreks.com\/en\/wp-json\/wp\/v2\/product_tag?post=14645"}],"curies":[{"name":"wp","href":"https:\/\/api.w.org\/{rel}","templated":true}]}}