{"id":14557,"date":"2024-04-13T11:21:58","date_gmt":"2024-04-13T11:21:58","guid":{"rendered":"https:\/\/www.xiaomistoreks.com\/?post_type=product&#038;p=14557"},"modified":"2026-04-09T08:46:47","modified_gmt":"2026-04-09T08:46:47","slug":"xiaomi-mi-watch-s2","status":"publish","type":"product","link":"https:\/\/www.xiaomistoreks.com\/en\/product\/xiaomi-mi-watch-s2\/","title":{"rendered":"Xiaomi Mi Watch 2"},"content":{"rendered":"<p><a href=\"https:\/\/www.xiaomistoreks.com\/wp-content\/uploads\/2024\/04\/w2-9.1.jpg\"><img fetchpriority=\"high\" decoding=\"async\" class=\"alignnone size-full wp-image-14595\" src=\"https:\/\/www.xiaomistoreks.com\/wp-content\/uploads\/2024\/04\/w2-9.1.jpg\" alt=\"\" width=\"2518\" height=\"1644\" \/><\/a><\/p>\n<p><a href=\"https:\/\/www.xiaomistoreks.com\/wp-content\/uploads\/2024\/04\/w2-9-scaled.jpg\"><img decoding=\"async\" class=\"alignnone size-full wp-image-14596\" src=\"https:\/\/www.xiaomistoreks.com\/wp-content\/uploads\/2024\/04\/w2-9-scaled.jpg\" alt=\"\" width=\"2560\" height=\"1752\" \/><\/a><\/p>\n<p><a href=\"https:\/\/www.xiaomistoreks.com\/wp-content\/uploads\/2024\/04\/w2-8-scaled.jpg\"><img decoding=\"async\" class=\"alignnone size-full wp-image-14597\" src=\"https:\/\/www.xiaomistoreks.com\/wp-content\/uploads\/2024\/04\/w2-8-scaled.jpg\" alt=\"\" width=\"2560\" height=\"1510\" \/><\/a><\/p>\n<p><a href=\"https:\/\/www.xiaomistoreks.com\/wp-content\/uploads\/2024\/04\/w2-7-scaled.jpg\"><img loading=\"lazy\" decoding=\"async\" class=\"alignnone size-full wp-image-14598\" src=\"https:\/\/www.xiaomistoreks.com\/wp-content\/uploads\/2024\/04\/w2-7-scaled.jpg\" alt=\"\" width=\"2560\" height=\"1444\" \/><\/a><\/p>\n<p><a href=\"https:\/\/www.xiaomistoreks.com\/wp-content\/uploads\/2024\/04\/w2-6-scaled.jpg\"><img loading=\"lazy\" decoding=\"async\" class=\"alignnone size-full wp-image-14599\" src=\"https:\/\/www.xiaomistoreks.com\/wp-content\/uploads\/2024\/04\/w2-6-scaled.jpg\" alt=\"\" width=\"2560\" height=\"1665\" \/><\/a><\/p>\n<p><a href=\"https:\/\/www.xiaomistoreks.com\/wp-content\/uploads\/2024\/04\/w2-5.jpg\"><img loading=\"lazy\" decoding=\"async\" class=\"alignnone size-full wp-image-14600\" src=\"https:\/\/www.xiaomistoreks.com\/wp-content\/uploads\/2024\/04\/w2-5.jpg\" alt=\"\" width=\"2551\" height=\"1766\" \/><\/a><\/p>\n<p><a href=\"https:\/\/www.xiaomistoreks.com\/wp-content\/uploads\/2024\/04\/w2-4.jpg\"><img loading=\"lazy\" decoding=\"async\" class=\"alignnone size-full wp-image-14601\" src=\"https:\/\/www.xiaomistoreks.com\/wp-content\/uploads\/2024\/04\/w2-4.jpg\" alt=\"\" width=\"2460\" height=\"1552\" \/><\/a><\/p>\n<p><a href=\"https:\/\/www.xiaomistoreks.com\/wp-content\/uploads\/2024\/04\/w2-3.jpg\"><img loading=\"lazy\" decoding=\"async\" class=\"alignnone size-full wp-image-14602\" src=\"https:\/\/www.xiaomistoreks.com\/wp-content\/uploads\/2024\/04\/w2-3.jpg\" alt=\"\" width=\"2450\" height=\"1527\" \/><\/a><\/p>\n<p><a href=\"https:\/\/www.xiaomistoreks.com\/wp-content\/uploads\/2024\/04\/w2-2.jpg\"><img loading=\"lazy\" decoding=\"async\" class=\"alignnone size-full wp-image-14603\" src=\"https:\/\/www.xiaomistoreks.com\/wp-content\/uploads\/2024\/04\/w2-2.jpg\" alt=\"\" width=\"2205\" height=\"1550\" \/><\/a><\/p>\n<p><a href=\"https:\/\/www.xiaomistoreks.com\/wp-content\/uploads\/2024\/04\/w2-1-scaled.jpg\"><img loading=\"lazy\" decoding=\"async\" class=\"alignnone size-full wp-image-14604\" src=\"https:\/\/www.xiaomistoreks.com\/wp-content\/uploads\/2024\/04\/w2-1-scaled.jpg\" alt=\"\" width=\"2560\" height=\"1231\" \/><\/a><\/p>\n","protected":false},"excerpt":{"rendered":"<p>Or\u00eb inteligjente elegante me nj\u00eb dizajn t\u00eb bukur me nj\u00eb procesor Qualcomm Snapdragon W5+, ekran AMOLED 1.43&#8243; me funksion AOD, mb\u00ebshtetje Wear OS dhe MIUI Watch dhe monitorim t\u00eb syve, nivel SpO2 dhe cil\u00ebsi fal\u00eb sensor\u00ebve t\u00eb sakt\u00eb.<\/p>\n","protected":false},"featured_media":14575,"template":"","meta":[],"product_cat":[188,221,155],"product_tag":[],"_links":{"self":[{"href":"https:\/\/www.xiaomistoreks.com\/en\/wp-json\/wp\/v2\/product\/14557"}],"collection":[{"href":"https:\/\/www.xiaomistoreks.com\/en\/wp-json\/wp\/v2\/product"}],"about":[{"href":"https:\/\/www.xiaomistoreks.com\/en\/wp-json\/wp\/v2\/types\/product"}],"version-history":[{"count":5,"href":"https:\/\/www.xiaomistoreks.com\/en\/wp-json\/wp\/v2\/product\/14557\/revisions"}],"predecessor-version":[{"id":20818,"href":"https:\/\/www.xiaomistoreks.com\/en\/wp-json\/wp\/v2\/product\/14557\/revisions\/20818"}],"wp:featuredmedia":[{"embeddable":true,"href":"https:\/\/www.xiaomistoreks.com\/en\/wp-json\/wp\/v2\/media\/14575"}],"wp:attachment":[{"href":"https:\/\/www.xiaomistoreks.com\/en\/wp-json\/wp\/v2\/media?parent=14557"}],"wp:term":[{"taxonomy":"product_cat","embeddable":true,"href":"https:\/\/www.xiaomistoreks.com\/en\/wp-json\/wp\/v2\/product_cat?post=14557"},{"taxonomy":"product_tag","embeddable":true,"href":"https:\/\/www.xiaomistoreks.com\/en\/wp-json\/wp\/v2\/product_tag?post=14557"}],"curies":[{"name":"wp","href":"https:\/\/api.w.org\/{rel}","templated":true}]}}