{"id":14522,"date":"2024-04-13T10:54:21","date_gmt":"2024-04-13T10:54:21","guid":{"rendered":"https:\/\/www.xiaomistoreks.com\/?post_type=product&#038;p=14522"},"modified":"2026-03-06T00:32:47","modified_gmt":"2026-03-06T00:32:47","slug":"xiaomi-mi-vacuum-cleaner-g9-plus-battery-pack","status":"publish","type":"product","link":"https:\/\/www.xiaomistoreks.com\/en\/product\/xiaomi-mi-vacuum-cleaner-g9-plus-battery-pack\/","title":{"rendered":"Xiaomi Mi Vacuum Cleaner G9 Plus Battery Pack"},"content":{"rendered":"<p><a href=\"https:\/\/www.xiaomistoreks.com\/wp-content\/uploads\/2024\/04\/Capture21.jpg\"><img fetchpriority=\"high\" decoding=\"async\" class=\"alignnone size-full wp-image-14523\" src=\"https:\/\/www.xiaomistoreks.com\/wp-content\/uploads\/2024\/04\/Capture21.jpg\" alt=\"\" width=\"1303\" height=\"1064\" \/><\/a><\/p>\n","protected":false},"excerpt":{"rendered":"<p>P\u00ebrdorni edhe m\u00eb shum\u00eb Mi Vacuum Cleaner G9 Plus fal\u00eb bateris\u00eb rezerv\u00eb.<\/p>\n","protected":false},"featured_media":14520,"template":"","meta":[],"product_cat":[272],"product_tag":[],"_links":{"self":[{"href":"https:\/\/www.xiaomistoreks.com\/en\/wp-json\/wp\/v2\/product\/14522"}],"collection":[{"href":"https:\/\/www.xiaomistoreks.com\/en\/wp-json\/wp\/v2\/product"}],"about":[{"href":"https:\/\/www.xiaomistoreks.com\/en\/wp-json\/wp\/v2\/types\/product"}],"version-history":[{"count":2,"href":"https:\/\/www.xiaomistoreks.com\/en\/wp-json\/wp\/v2\/product\/14522\/revisions"}],"predecessor-version":[{"id":20393,"href":"https:\/\/www.xiaomistoreks.com\/en\/wp-json\/wp\/v2\/product\/14522\/revisions\/20393"}],"wp:featuredmedia":[{"embeddable":true,"href":"https:\/\/www.xiaomistoreks.com\/en\/wp-json\/wp\/v2\/media\/14520"}],"wp:attachment":[{"href":"https:\/\/www.xiaomistoreks.com\/en\/wp-json\/wp\/v2\/media?parent=14522"}],"wp:term":[{"taxonomy":"product_cat","embeddable":true,"href":"https:\/\/www.xiaomistoreks.com\/en\/wp-json\/wp\/v2\/product_cat?post=14522"},{"taxonomy":"product_tag","embeddable":true,"href":"https:\/\/www.xiaomistoreks.com\/en\/wp-json\/wp\/v2\/product_tag?post=14522"}],"curies":[{"name":"wp","href":"https:\/\/api.w.org\/{rel}","templated":true}]}}