{"id":14517,"date":"2024-04-13T10:51:51","date_gmt":"2024-04-13T10:51:51","guid":{"rendered":"https:\/\/www.xiaomistoreks.com\/?post_type=product&#038;p=14517"},"modified":"2026-03-06T00:32:47","modified_gmt":"2026-03-06T00:32:47","slug":"xiaomi-mi-vacuum-cleaner-g10-plus-battery-pack","status":"publish","type":"product","link":"https:\/\/www.xiaomistoreks.com\/en\/product\/xiaomi-mi-vacuum-cleaner-g10-plus-battery-pack\/","title":{"rendered":"Xiaomi Mi Vacuum Cleaner G10 Plus Battery Pack"},"content":{"rendered":"<p><a href=\"https:\/\/www.xiaomistoreks.com\/wp-content\/uploads\/2024\/04\/g1b1.jpg\"><img fetchpriority=\"high\" decoding=\"async\" class=\"alignnone size-full wp-image-14518\" src=\"https:\/\/www.xiaomistoreks.com\/wp-content\/uploads\/2024\/04\/g1b1.jpg\" alt=\"\" width=\"1619\" height=\"1263\" \/><\/a><\/p>\n<p><a href=\"https:\/\/www.xiaomistoreks.com\/wp-content\/uploads\/2024\/04\/g1b.jpg\"><img decoding=\"async\" class=\"alignnone size-full wp-image-14519\" src=\"https:\/\/www.xiaomistoreks.com\/wp-content\/uploads\/2024\/04\/g1b.jpg\" alt=\"\" width=\"1660\" height=\"731\" \/><\/a><\/p>\n","protected":false},"excerpt":{"rendered":"<p>Bateria e Xiaomi Vacuum Cleaner G10 Plus ju lejon t\u00eb mbani nj\u00eb bateri shtes\u00eb t\u00eb karikuar gjat\u00eb pastrimit, mund t\u00eb siguroj\u00eb deri n\u00eb 65 minuta pune shtes\u00eb p\u00ebr modalitetin G10 Plus Eco.<\/p>\n","protected":false},"featured_media":14520,"template":"","meta":[],"product_cat":[272],"product_tag":[],"_links":{"self":[{"href":"https:\/\/www.xiaomistoreks.com\/en\/wp-json\/wp\/v2\/product\/14517"}],"collection":[{"href":"https:\/\/www.xiaomistoreks.com\/en\/wp-json\/wp\/v2\/product"}],"about":[{"href":"https:\/\/www.xiaomistoreks.com\/en\/wp-json\/wp\/v2\/types\/product"}],"version-history":[{"count":2,"href":"https:\/\/www.xiaomistoreks.com\/en\/wp-json\/wp\/v2\/product\/14517\/revisions"}],"predecessor-version":[{"id":20392,"href":"https:\/\/www.xiaomistoreks.com\/en\/wp-json\/wp\/v2\/product\/14517\/revisions\/20392"}],"wp:featuredmedia":[{"embeddable":true,"href":"https:\/\/www.xiaomistoreks.com\/en\/wp-json\/wp\/v2\/media\/14520"}],"wp:attachment":[{"href":"https:\/\/www.xiaomistoreks.com\/en\/wp-json\/wp\/v2\/media?parent=14517"}],"wp:term":[{"taxonomy":"product_cat","embeddable":true,"href":"https:\/\/www.xiaomistoreks.com\/en\/wp-json\/wp\/v2\/product_cat?post=14517"},{"taxonomy":"product_tag","embeddable":true,"href":"https:\/\/www.xiaomistoreks.com\/en\/wp-json\/wp\/v2\/product_tag?post=14517"}],"curies":[{"name":"wp","href":"https:\/\/api.w.org\/{rel}","templated":true}]}}