{"id":14320,"date":"2024-03-06T02:13:57","date_gmt":"2024-03-06T02:13:57","guid":{"rendered":"https:\/\/www.xiaomistoreks.com\/?post_type=product&#038;p=14320"},"modified":"2026-04-09T08:47:29","modified_gmt":"2026-04-09T08:47:29","slug":"xiaomi-mi-smart-air-fryer-6-5l","status":"publish","type":"product","link":"https:\/\/www.xiaomistoreks.com\/en\/product\/xiaomi-mi-smart-air-fryer-6-5l\/","title":{"rendered":"Xiaomi Mi Smart Air Fryer 6.5L"},"content":{"rendered":"<p><a href=\"https:\/\/www.xiaomistoreks.com\/wp-content\/uploads\/2024\/03\/65l2-scaled.jpg\"><img fetchpriority=\"high\" decoding=\"async\" class=\"alignnone size-full wp-image-14321\" src=\"https:\/\/www.xiaomistoreks.com\/wp-content\/uploads\/2024\/03\/65l2-scaled.jpg\" alt=\"\" width=\"2560\" height=\"1311\" \/><\/a><\/p>\n<p><a href=\"https:\/\/www.xiaomistoreks.com\/wp-content\/uploads\/2024\/03\/65l1-scaled.jpg\"><img decoding=\"async\" class=\"alignnone size-full wp-image-14322\" src=\"https:\/\/www.xiaomistoreks.com\/wp-content\/uploads\/2024\/03\/65l1-scaled.jpg\" alt=\"\" width=\"2560\" height=\"1287\" \/><\/a><\/p>\n<p><a href=\"https:\/\/www.xiaomistoreks.com\/wp-content\/uploads\/2024\/03\/65l-scaled.jpg\"><img decoding=\"async\" class=\"alignnone size-full wp-image-14323\" src=\"https:\/\/www.xiaomistoreks.com\/wp-content\/uploads\/2024\/03\/65l-scaled.jpg\" alt=\"\" width=\"2560\" height=\"1169\" \/><\/a><\/p>\n","protected":false},"excerpt":{"rendered":"<p>Ngrohje 360\u02da p\u00ebr gatim t\u00eb barabart\u00eb. Karakteristik\u00eb e dedikuar p\u00ebr heqjen e yndyr\u00ebs dhe vajit t\u00eb tep\u00ebrt I mban en\u00ebt t\u00eb ngrohta automatikisht pas gatimit Gama e temperatur\u00ebs ultra e gjithanshme nga 40\u02daC deri n\u00eb 220\u02daC Kapacitet i madh 6.5L p\u00ebr t\u00eb gatuar m\u00eb shum\u00eb ushqim Kontroll inteligjent pa mundim, duke p\u00ebrfshir\u00eb planifikimin 24-or\u00ebsh.<\/p>\n","protected":false},"featured_media":14324,"template":"","meta":[],"product_cat":[238,169,155],"product_tag":[],"_links":{"self":[{"href":"https:\/\/www.xiaomistoreks.com\/en\/wp-json\/wp\/v2\/product\/14320"}],"collection":[{"href":"https:\/\/www.xiaomistoreks.com\/en\/wp-json\/wp\/v2\/product"}],"about":[{"href":"https:\/\/www.xiaomistoreks.com\/en\/wp-json\/wp\/v2\/types\/product"}],"version-history":[{"count":3,"href":"https:\/\/www.xiaomistoreks.com\/en\/wp-json\/wp\/v2\/product\/14320\/revisions"}],"predecessor-version":[{"id":19470,"href":"https:\/\/www.xiaomistoreks.com\/en\/wp-json\/wp\/v2\/product\/14320\/revisions\/19470"}],"wp:featuredmedia":[{"embeddable":true,"href":"https:\/\/www.xiaomistoreks.com\/en\/wp-json\/wp\/v2\/media\/14324"}],"wp:attachment":[{"href":"https:\/\/www.xiaomistoreks.com\/en\/wp-json\/wp\/v2\/media?parent=14320"}],"wp:term":[{"taxonomy":"product_cat","embeddable":true,"href":"https:\/\/www.xiaomistoreks.com\/en\/wp-json\/wp\/v2\/product_cat?post=14320"},{"taxonomy":"product_tag","embeddable":true,"href":"https:\/\/www.xiaomistoreks.com\/en\/wp-json\/wp\/v2\/product_tag?post=14320"}],"curies":[{"name":"wp","href":"https:\/\/api.w.org\/{rel}","templated":true}]}}