{"id":14312,"date":"2024-03-06T01:55:23","date_gmt":"2024-03-06T01:55:23","guid":{"rendered":"https:\/\/www.xiaomistoreks.com\/?post_type=product&#038;p=14312"},"modified":"2026-03-18T00:05:56","modified_gmt":"2026-03-18T00:05:56","slug":"14312","status":"publish","type":"product","link":"https:\/\/www.xiaomistoreks.com\/en\/product\/14312\/","title":{"rendered":"Xiaomi Mi Air Fryer 6L"},"content":{"rendered":"<p><a href=\"https:\/\/www.xiaomistoreks.com\/wp-content\/uploads\/2024\/03\/6l3-scaled.jpg\"><img fetchpriority=\"high\" decoding=\"async\" class=\"alignnone size-full wp-image-14314\" src=\"https:\/\/www.xiaomistoreks.com\/wp-content\/uploads\/2024\/03\/6l3-scaled.jpg\" alt=\"\" width=\"2560\" height=\"1039\" \/><\/a><\/p>\n<p><a href=\"https:\/\/www.xiaomistoreks.com\/wp-content\/uploads\/2024\/03\/6l2-scaled.jpg\"><img decoding=\"async\" class=\"alignnone size-full wp-image-14315\" src=\"https:\/\/www.xiaomistoreks.com\/wp-content\/uploads\/2024\/03\/6l2-scaled.jpg\" alt=\"\" width=\"2560\" height=\"962\" \/><\/a><\/p>\n<p><a href=\"https:\/\/www.xiaomistoreks.com\/wp-content\/uploads\/2024\/03\/6l1-scaled.jpg\"><img decoding=\"async\" class=\"alignnone size-full wp-image-14316\" src=\"https:\/\/www.xiaomistoreks.com\/wp-content\/uploads\/2024\/03\/6l1-scaled.jpg\" alt=\"\" width=\"2560\" height=\"734\" \/><\/a><\/p>\n<p><a href=\"https:\/\/www.xiaomistoreks.com\/wp-content\/uploads\/2024\/03\/6l-scaled.jpg\"><img loading=\"lazy\" decoding=\"async\" class=\"alignnone size-full wp-image-14317\" src=\"https:\/\/www.xiaomistoreks.com\/wp-content\/uploads\/2024\/03\/6l-scaled.jpg\" alt=\"\" width=\"2560\" height=\"1176\" \/><\/a><\/p>\n","protected":false},"excerpt":{"rendered":"<p>Xiaomi Air Fryer 6L \u00ebsht\u00eb nj\u00eb pajisje kuzhine q\u00eb ofron nj\u00eb alternativ\u00eb m\u00eb t\u00eb sh\u00ebndetshme gatimi. Me kapacitetin e tij t\u00eb rregulluesh\u00ebm prej 6 litrash q\u00eb mund t\u00eb reduktohet n\u00eb 3 litra, plot\u00ebson nevojat e gatimit si p\u00ebr familjet e vogla ashtu edhe p\u00ebr ato t\u00eb m\u00ebdha. Sistemi i tij inteligjent i kontrollit t\u00eb temperatur\u00ebs NTC ofron nj\u00eb gam\u00eb t\u00eb gjer\u00eb temperaturash, nga 40\u00b0C deri n\u00eb 200\u00b0C, p\u00ebr kontrollin e sakt\u00eb t\u00eb gatimit, duke e b\u00ebr\u00eb at\u00eb ideal p\u00ebr shkrirjen, pjekjen dhe fermentimin, midis detyrave t\u00eb tjera t\u00eb kuzhin\u00ebs. Ajri i nxeht\u00eb me qarkullim t\u00eb shpejt\u00eb 3D siguron gatim t\u00eb nj\u00ebtrajtsh\u00ebm me m\u00eb pak vaj, duke rezultuar n\u00eb pjata m\u00eb t\u00eb sh\u00ebndetshme, me pak yndyr\u00eb dhe m\u00eb t\u00eb shijshme.Ve\u00e7orit\u00eb e siguris\u00eb, t\u00eb tilla si nj\u00eb mikro\u00e7el\u00ebs i integruar dhe k\u00ebmb\u00ebt prej gome q\u00eb nuk rr\u00ebshqasin, rrisin p\u00ebrdorshm\u00ebrin\u00eb, nd\u00ebrsa veshja jo ngjit\u00ebse dhe tabakaja e heqshme e b\u00ebjn\u00eb pastrimin t\u00eb leht\u00eb.<\/p>\n","protected":false},"featured_media":14313,"template":"","meta":[],"product_cat":[238,169],"product_tag":[],"_links":{"self":[{"href":"https:\/\/www.xiaomistoreks.com\/en\/wp-json\/wp\/v2\/product\/14312"}],"collection":[{"href":"https:\/\/www.xiaomistoreks.com\/en\/wp-json\/wp\/v2\/product"}],"about":[{"href":"https:\/\/www.xiaomistoreks.com\/en\/wp-json\/wp\/v2\/types\/product"}],"version-history":[{"count":4,"href":"https:\/\/www.xiaomistoreks.com\/en\/wp-json\/wp\/v2\/product\/14312\/revisions"}],"predecessor-version":[{"id":17913,"href":"https:\/\/www.xiaomistoreks.com\/en\/wp-json\/wp\/v2\/product\/14312\/revisions\/17913"}],"wp:featuredmedia":[{"embeddable":true,"href":"https:\/\/www.xiaomistoreks.com\/en\/wp-json\/wp\/v2\/media\/14313"}],"wp:attachment":[{"href":"https:\/\/www.xiaomistoreks.com\/en\/wp-json\/wp\/v2\/media?parent=14312"}],"wp:term":[{"taxonomy":"product_cat","embeddable":true,"href":"https:\/\/www.xiaomistoreks.com\/en\/wp-json\/wp\/v2\/product_cat?post=14312"},{"taxonomy":"product_tag","embeddable":true,"href":"https:\/\/www.xiaomistoreks.com\/en\/wp-json\/wp\/v2\/product_tag?post=14312"}],"curies":[{"name":"wp","href":"https:\/\/api.w.org\/{rel}","templated":true}]}}