{"id":14297,"date":"2024-03-06T00:56:56","date_gmt":"2024-03-06T00:56:56","guid":{"rendered":"https:\/\/www.xiaomistoreks.com\/?post_type=product&#038;p=14297"},"modified":"2026-03-06T00:33:08","modified_gmt":"2026-03-06T00:33:08","slug":"xiaomi-redmi-buds-5-pro","status":"publish","type":"product","link":"https:\/\/www.xiaomistoreks.com\/en\/product\/xiaomi-redmi-buds-5-pro\/","title":{"rendered":"Xiaomi Redmi Buds 5 Pro"},"content":{"rendered":"<p><a href=\"https:\/\/www.xiaomistoreks.com\/wp-content\/uploads\/2024\/03\/buds5.jpg\"><img fetchpriority=\"high\" decoding=\"async\" class=\"alignnone size-full wp-image-14298\" src=\"https:\/\/www.xiaomistoreks.com\/wp-content\/uploads\/2024\/03\/buds5.jpg\" alt=\"\" width=\"1668\" height=\"833\" \/><\/a><a href=\"https:\/\/www.xiaomistoreks.com\/wp-content\/uploads\/2024\/03\/buds56.jpg\"><img decoding=\"async\" class=\"alignnone size-full wp-image-14299\" src=\"https:\/\/www.xiaomistoreks.com\/wp-content\/uploads\/2024\/03\/buds56.jpg\" alt=\"\" width=\"1639\" height=\"1084\" \/><\/a><\/p>\n<p><a href=\"https:\/\/www.xiaomistoreks.com\/wp-content\/uploads\/2024\/03\/buds55.jpg\"><img decoding=\"async\" class=\"alignnone size-full wp-image-14300\" src=\"https:\/\/www.xiaomistoreks.com\/wp-content\/uploads\/2024\/03\/buds55.jpg\" alt=\"\" width=\"1607\" height=\"940\" \/><\/a><\/p>\n<p><a href=\"https:\/\/www.xiaomistoreks.com\/wp-content\/uploads\/2024\/03\/buds54.jpg\"><img loading=\"lazy\" decoding=\"async\" class=\"alignnone size-full wp-image-14301\" src=\"https:\/\/www.xiaomistoreks.com\/wp-content\/uploads\/2024\/03\/buds54.jpg\" alt=\"\" width=\"1613\" height=\"910\" \/><\/a><\/p>\n<p><a href=\"https:\/\/www.xiaomistoreks.com\/wp-content\/uploads\/2024\/03\/buds53.jpg\"><img loading=\"lazy\" decoding=\"async\" class=\"alignnone size-full wp-image-14302\" src=\"https:\/\/www.xiaomistoreks.com\/wp-content\/uploads\/2024\/03\/buds53.jpg\" alt=\"\" width=\"1432\" height=\"917\" \/><\/a><\/p>\n<p><a href=\"https:\/\/www.xiaomistoreks.com\/wp-content\/uploads\/2024\/03\/buds52.jpg\"><img loading=\"lazy\" decoding=\"async\" class=\"alignnone size-full wp-image-14303\" src=\"https:\/\/www.xiaomistoreks.com\/wp-content\/uploads\/2024\/03\/buds52.jpg\" alt=\"\" width=\"1370\" height=\"888\" \/><\/a><\/p>\n<p><a href=\"https:\/\/www.xiaomistoreks.com\/wp-content\/uploads\/2024\/03\/buds51.jpg\"><img loading=\"lazy\" decoding=\"async\" class=\"alignnone size-full wp-image-14304\" src=\"https:\/\/www.xiaomistoreks.com\/wp-content\/uploads\/2024\/03\/buds51.jpg\" alt=\"\" width=\"1217\" height=\"906\" \/><\/a><\/p>\n","protected":false},"excerpt":{"rendered":"<p>Redmi Buds 5 Pro jan\u00eb kufje me val\u00eb q\u00eb ofrojn\u00eb Hi-Res, me certifikim audio LDAC dhe anulim aktiv t\u00eb zhurm\u00ebs deri n\u00eb 52dB. Ai p\u00ebrmban modalitete t\u00eb dedikuara audio, dizajn eko-l\u00ebkur\u00eb dhe tre m\u00ebnyra transparence. Jet\u00ebgjat\u00ebsia e bateris\u00eb deri n\u00eb 38 or\u00eb, karikim i shpejt\u00eb, kontroll me prekje dhe lidhje me dy pajisje.<\/p>\n","protected":false},"featured_media":14309,"template":"","meta":[],"product_cat":[202,213],"product_tag":[],"_links":{"self":[{"href":"https:\/\/www.xiaomistoreks.com\/en\/wp-json\/wp\/v2\/product\/14297"}],"collection":[{"href":"https:\/\/www.xiaomistoreks.com\/en\/wp-json\/wp\/v2\/product"}],"about":[{"href":"https:\/\/www.xiaomistoreks.com\/en\/wp-json\/wp\/v2\/types\/product"}],"version-history":[{"count":4,"href":"https:\/\/www.xiaomistoreks.com\/en\/wp-json\/wp\/v2\/product\/14297\/revisions"}],"predecessor-version":[{"id":16580,"href":"https:\/\/www.xiaomistoreks.com\/en\/wp-json\/wp\/v2\/product\/14297\/revisions\/16580"}],"wp:featuredmedia":[{"embeddable":true,"href":"https:\/\/www.xiaomistoreks.com\/en\/wp-json\/wp\/v2\/media\/14309"}],"wp:attachment":[{"href":"https:\/\/www.xiaomistoreks.com\/en\/wp-json\/wp\/v2\/media?parent=14297"}],"wp:term":[{"taxonomy":"product_cat","embeddable":true,"href":"https:\/\/www.xiaomistoreks.com\/en\/wp-json\/wp\/v2\/product_cat?post=14297"},{"taxonomy":"product_tag","embeddable":true,"href":"https:\/\/www.xiaomistoreks.com\/en\/wp-json\/wp\/v2\/product_tag?post=14297"}],"curies":[{"name":"wp","href":"https:\/\/api.w.org\/{rel}","templated":true}]}}