{"id":14217,"date":"2024-03-01T03:06:41","date_gmt":"2024-03-01T03:06:41","guid":{"rendered":"https:\/\/www.xiaomistoreks.com\/?post_type=product&#038;p=14217"},"modified":"2026-03-06T00:32:44","modified_gmt":"2026-03-06T00:32:44","slug":"xiaomi-14","status":"publish","type":"product","link":"https:\/\/www.xiaomistoreks.com\/en\/product\/xiaomi-14\/","title":{"rendered":"Xiaomi 14"},"content":{"rendered":"<p><a href=\"https:\/\/www.xiaomistoreks.com\/wp-content\/uploads\/2024\/03\/x14-scaled.jpg\"><img fetchpriority=\"high\" decoding=\"async\" class=\"alignnone size-full wp-image-14220\" src=\"https:\/\/www.xiaomistoreks.com\/wp-content\/uploads\/2024\/03\/x14-scaled.jpg\" alt=\"\" width=\"2560\" height=\"1272\" \/><\/a><a href=\"https:\/\/www.xiaomistoreks.com\/wp-content\/uploads\/2024\/03\/x141-scaled.jpg\"><img decoding=\"async\" class=\"alignnone size-full wp-image-14219\" src=\"https:\/\/www.xiaomistoreks.com\/wp-content\/uploads\/2024\/03\/x141-scaled.jpg\" alt=\"\" width=\"2560\" height=\"1753\" \/><\/a><a href=\"https:\/\/www.xiaomistoreks.com\/wp-content\/uploads\/2024\/03\/x142-scaled.jpg\"><img decoding=\"async\" class=\"alignnone size-full wp-image-14218\" src=\"https:\/\/www.xiaomistoreks.com\/wp-content\/uploads\/2024\/03\/x142-scaled.jpg\" alt=\"\" width=\"2560\" height=\"1452\" \/><\/a><a href=\"https:\/\/www.xiaomistoreks.com\/wp-content\/uploads\/2024\/03\/x143-scaled.jpg\"><img loading=\"lazy\" decoding=\"async\" class=\"alignnone size-full wp-image-14221\" src=\"https:\/\/www.xiaomistoreks.com\/wp-content\/uploads\/2024\/03\/x143-scaled.jpg\" alt=\"\" width=\"2560\" height=\"1611\" \/><\/a><a href=\"https:\/\/www.xiaomistoreks.com\/wp-content\/uploads\/2024\/03\/x144-scaled.jpg\"><img loading=\"lazy\" decoding=\"async\" class=\"alignnone size-full wp-image-14222\" src=\"https:\/\/www.xiaomistoreks.com\/wp-content\/uploads\/2024\/03\/x144-scaled.jpg\" alt=\"\" width=\"2560\" height=\"1736\" \/><\/a><a href=\"https:\/\/www.xiaomistoreks.com\/wp-content\/uploads\/2024\/03\/x145-scaled.jpg\"><img loading=\"lazy\" decoding=\"async\" class=\"alignnone size-full wp-image-14223\" src=\"https:\/\/www.xiaomistoreks.com\/wp-content\/uploads\/2024\/03\/x145-scaled.jpg\" alt=\"\" width=\"2560\" height=\"1694\" \/><\/a><a href=\"https:\/\/www.xiaomistoreks.com\/wp-content\/uploads\/2024\/03\/x1491-scaled.jpg\"><img loading=\"lazy\" decoding=\"async\" class=\"alignnone size-full wp-image-14224\" src=\"https:\/\/www.xiaomistoreks.com\/wp-content\/uploads\/2024\/03\/x1491-scaled.jpg\" alt=\"\" width=\"2560\" height=\"1779\" \/><\/a><\/p>\n<p><a href=\"https:\/\/www.xiaomistoreks.com\/wp-content\/uploads\/2024\/03\/x149-scaled.jpg\"><img loading=\"lazy\" decoding=\"async\" class=\"alignnone size-full wp-image-14225\" src=\"https:\/\/www.xiaomistoreks.com\/wp-content\/uploads\/2024\/03\/x149-scaled.jpg\" alt=\"\" width=\"2560\" height=\"1306\" \/><\/a><\/p>\n<p><a href=\"https:\/\/www.xiaomistoreks.com\/wp-content\/uploads\/2024\/03\/x148-scaled.jpg\"><img loading=\"lazy\" decoding=\"async\" class=\"alignnone size-full wp-image-14226\" src=\"https:\/\/www.xiaomistoreks.com\/wp-content\/uploads\/2024\/03\/x148-scaled.jpg\" alt=\"\" width=\"2560\" height=\"1482\" \/><\/a><\/p>\n<p><a href=\"https:\/\/www.xiaomistoreks.com\/wp-content\/uploads\/2024\/03\/c147-scaled.jpg\"><img loading=\"lazy\" decoding=\"async\" class=\"alignnone size-full wp-image-14227\" src=\"https:\/\/www.xiaomistoreks.com\/wp-content\/uploads\/2024\/03\/c147-scaled.jpg\" alt=\"\" width=\"2560\" height=\"1563\" \/><\/a><\/p>\n<p><a href=\"https:\/\/www.xiaomistoreks.com\/wp-content\/uploads\/2024\/03\/x146.jpg\"><img loading=\"lazy\" decoding=\"async\" class=\"alignnone size-full wp-image-14228\" src=\"https:\/\/www.xiaomistoreks.com\/wp-content\/uploads\/2024\/03\/x146.jpg\" alt=\"\" width=\"2519\" height=\"1787\" \/><\/a><\/p>\n","protected":false},"excerpt":{"rendered":"<p>Xiaomi 14 me madhesi 6,36&#8243; dhe dizajn kornizash ultra t\u00eb holl\u00eb. Lentet optike Leica Summilux i b\u00ebn fotot m\u00eb t\u00eb lehta, m\u00eb t\u00eb ndritshme dhe m\u00eb t\u00eb qarta. Sensori i imazhit i personalizuar Light Fusion 900 p\u00ebr nj\u00eb gam\u00eb t\u00eb lart\u00eb dinamike 13,5 EV. Platforma Mobile Snapdragon\u00ae 8 Gen 3 vjen me efikasitet kryesor t\u00eb energjis\u00eb.12GB RAM 512GB ROM<\/p>\n","protected":false},"featured_media":14229,"template":"","meta":[],"product_cat":[150,153],"product_tag":[],"_links":{"self":[{"href":"https:\/\/www.xiaomistoreks.com\/en\/wp-json\/wp\/v2\/product\/14217"}],"collection":[{"href":"https:\/\/www.xiaomistoreks.com\/en\/wp-json\/wp\/v2\/product"}],"about":[{"href":"https:\/\/www.xiaomistoreks.com\/en\/wp-json\/wp\/v2\/types\/product"}],"version-history":[{"count":4,"href":"https:\/\/www.xiaomistoreks.com\/en\/wp-json\/wp\/v2\/product\/14217\/revisions"}],"predecessor-version":[{"id":14240,"href":"https:\/\/www.xiaomistoreks.com\/en\/wp-json\/wp\/v2\/product\/14217\/revisions\/14240"}],"wp:featuredmedia":[{"embeddable":true,"href":"https:\/\/www.xiaomistoreks.com\/en\/wp-json\/wp\/v2\/media\/14229"}],"wp:attachment":[{"href":"https:\/\/www.xiaomistoreks.com\/en\/wp-json\/wp\/v2\/media?parent=14217"}],"wp:term":[{"taxonomy":"product_cat","embeddable":true,"href":"https:\/\/www.xiaomistoreks.com\/en\/wp-json\/wp\/v2\/product_cat?post=14217"},{"taxonomy":"product_tag","embeddable":true,"href":"https:\/\/www.xiaomistoreks.com\/en\/wp-json\/wp\/v2\/product_tag?post=14217"}],"curies":[{"name":"wp","href":"https:\/\/api.w.org\/{rel}","templated":true}]}}