{"id":13964,"date":"2024-01-23T20:19:17","date_gmt":"2024-01-23T20:19:17","guid":{"rendered":"https:\/\/www.xiaomistoreks.com\/?post_type=product&#038;p=13964"},"modified":"2026-03-06T00:33:40","modified_gmt":"2026-03-06T00:33:40","slug":"redmi-note-13-pro-5g-8gb-256gb","status":"publish","type":"product","link":"https:\/\/www.xiaomistoreks.com\/en\/product\/redmi-note-13-pro-5g-8gb-256gb\/","title":{"rendered":"Redmi  Note 13 Pro+ 5G 8GB\/256GB"},"content":{"rendered":"<p><a href=\"https:\/\/www.xiaomistoreks.com\/wp-content\/uploads\/2024\/01\/rn13pp.jpg\"><img fetchpriority=\"high\" decoding=\"async\" class=\"alignnone size-full wp-image-13965\" src=\"https:\/\/www.xiaomistoreks.com\/wp-content\/uploads\/2024\/01\/rn13pp.jpg\" alt=\"\" width=\"1995\" height=\"983\" \/><\/a><\/p>\n<p><a href=\"https:\/\/www.xiaomistoreks.com\/wp-content\/uploads\/2024\/01\/rn13pp-1.jpg\"><img decoding=\"async\" class=\"alignnone size-full wp-image-13966\" src=\"https:\/\/www.xiaomistoreks.com\/wp-content\/uploads\/2024\/01\/rn13pp-1.jpg\" alt=\"\" width=\"1267\" height=\"1161\" \/><\/a><\/p>\n<p><a href=\"https:\/\/www.xiaomistoreks.com\/wp-content\/uploads\/2024\/01\/rn13pp-2.jpg\"><img decoding=\"async\" class=\"alignnone size-full wp-image-13967\" src=\"https:\/\/www.xiaomistoreks.com\/wp-content\/uploads\/2024\/01\/rn13pp-2.jpg\" alt=\"\" width=\"1538\" height=\"1172\" \/><\/a><\/p>\n<p><a href=\"https:\/\/www.xiaomistoreks.com\/wp-content\/uploads\/2024\/01\/rn13pp-3.jpg\"><img loading=\"lazy\" decoding=\"async\" class=\"alignnone size-full wp-image-13968\" src=\"https:\/\/www.xiaomistoreks.com\/wp-content\/uploads\/2024\/01\/rn13pp-3.jpg\" alt=\"\" width=\"1861\" height=\"1110\" \/><\/a><\/p>\n<p><a href=\"https:\/\/www.xiaomistoreks.com\/wp-content\/uploads\/2024\/01\/rn13pp-4.jpg\"><img loading=\"lazy\" decoding=\"async\" class=\"alignnone size-full wp-image-13969\" src=\"https:\/\/www.xiaomistoreks.com\/wp-content\/uploads\/2024\/01\/rn13pp-4.jpg\" alt=\"\" width=\"1616\" height=\"1260\" \/><\/a><\/p>\n<p><a href=\"https:\/\/www.xiaomistoreks.com\/wp-content\/uploads\/2024\/01\/rn13pp-5.jpg\"><img loading=\"lazy\" decoding=\"async\" class=\"alignnone size-full wp-image-13970\" src=\"https:\/\/www.xiaomistoreks.com\/wp-content\/uploads\/2024\/01\/rn13pp-5.jpg\" alt=\"\" width=\"1675\" height=\"1238\" \/><\/a><\/p>\n<p><a href=\"https:\/\/www.xiaomistoreks.com\/wp-content\/uploads\/2024\/01\/rn13pp-6.jpg\"><img loading=\"lazy\" decoding=\"async\" class=\"alignnone size-full wp-image-13971\" src=\"https:\/\/www.xiaomistoreks.com\/wp-content\/uploads\/2024\/01\/rn13pp-6.jpg\" alt=\"\" width=\"1779\" height=\"1256\" \/><\/a><\/p>\n<p><a href=\"https:\/\/www.xiaomistoreks.com\/wp-content\/uploads\/2024\/01\/rn13pp-7.jpg\"><img loading=\"lazy\" decoding=\"async\" class=\"alignnone size-full wp-image-13972\" src=\"https:\/\/www.xiaomistoreks.com\/wp-content\/uploads\/2024\/01\/rn13pp-7.jpg\" alt=\"\" width=\"1787\" height=\"1276\" \/><\/a><\/p>\n<p><a href=\"https:\/\/www.xiaomistoreks.com\/wp-content\/uploads\/2024\/01\/rn13pp-8.jpg\"><img loading=\"lazy\" decoding=\"async\" class=\"alignnone size-full wp-image-13973\" src=\"https:\/\/www.xiaomistoreks.com\/wp-content\/uploads\/2024\/01\/rn13pp-8.jpg\" alt=\"\" width=\"1670\" height=\"1028\" \/><\/a><\/p>\n","protected":false},"excerpt":{"rendered":"<p>Redmi Note 13 Pro+ 5G \u00ebsht\u00eb kulmi i eleganc\u00ebs dhe performanc\u00ebs. Me ekranin e tij AMOLED 6,67&#8221;, ai ofron nj\u00eb p\u00ebrvoj\u00eb t\u00eb jasht\u00ebzakonshme vizuale, t\u00eb pasuruar nga nj\u00eb rezolucion 1,5K dhe nj\u00eb shpejt\u00ebsi rifreskimi 120Hz. Kamera kryesore e fuqishme 200 MP, me stabilizim optik t\u00eb imazhit dhe teknologji Super Pixel, kap detaje t\u00eb qarta kristal dhe imazhe t\u00eb ndritshme. I pajisur me procesorin MediaTek Dimensity 7200, ai garanton performanc\u00eb t\u00eb shpejt\u00eb dhe efikase. Bateria 5000 mAh, e kombinuar me karikim t\u00eb shpejt\u00eb 120 W, siguron jet\u00ebgjat\u00ebsi t\u00eb jasht\u00ebzakonshme t\u00eb bateris\u00eb dhe rikuperim t\u00eb menj\u00ebhersh\u00ebm t\u00eb energjis\u00eb. Me nj\u00eb dizajn premium dhe certifikata IP68 p\u00ebr rezistenc\u00ebn ndaj ujit dhe pluhurit, ai kombinon stilin dhe q\u00ebndrueshm\u00ebrin\u00eb, duke ofruar nj\u00eb p\u00ebrvoj\u00eb t\u00eb plot\u00eb dhe pa kompromis n\u00eb celular.<\/p>\n","protected":false},"featured_media":13974,"template":"","meta":[],"product_cat":[150,151,277],"product_tag":[],"_links":{"self":[{"href":"https:\/\/www.xiaomistoreks.com\/en\/wp-json\/wp\/v2\/product\/13964"}],"collection":[{"href":"https:\/\/www.xiaomistoreks.com\/en\/wp-json\/wp\/v2\/product"}],"about":[{"href":"https:\/\/www.xiaomistoreks.com\/en\/wp-json\/wp\/v2\/types\/product"}],"version-history":[{"count":6,"href":"https:\/\/www.xiaomistoreks.com\/en\/wp-json\/wp\/v2\/product\/13964\/revisions"}],"predecessor-version":[{"id":13978,"href":"https:\/\/www.xiaomistoreks.com\/en\/wp-json\/wp\/v2\/product\/13964\/revisions\/13978"}],"wp:featuredmedia":[{"embeddable":true,"href":"https:\/\/www.xiaomistoreks.com\/en\/wp-json\/wp\/v2\/media\/13974"}],"wp:attachment":[{"href":"https:\/\/www.xiaomistoreks.com\/en\/wp-json\/wp\/v2\/media?parent=13964"}],"wp:term":[{"taxonomy":"product_cat","embeddable":true,"href":"https:\/\/www.xiaomistoreks.com\/en\/wp-json\/wp\/v2\/product_cat?post=13964"},{"taxonomy":"product_tag","embeddable":true,"href":"https:\/\/www.xiaomistoreks.com\/en\/wp-json\/wp\/v2\/product_tag?post=13964"}],"curies":[{"name":"wp","href":"https:\/\/api.w.org\/{rel}","templated":true}]}}