{"id":13890,"date":"2024-01-18T03:38:42","date_gmt":"2024-01-18T03:38:42","guid":{"rendered":"https:\/\/www.xiaomistoreks.com\/?post_type=product&#038;p=13890"},"modified":"2026-03-06T00:32:43","modified_gmt":"2026-03-06T00:32:43","slug":"xiaomi-mi-electric-toothbrush-t302","status":"publish","type":"product","link":"https:\/\/www.xiaomistoreks.com\/en\/product\/xiaomi-mi-electric-toothbrush-t302\/","title":{"rendered":"Xiaomi Mi Electric Toothbrush T302"},"content":{"rendered":"<p><a href=\"https:\/\/www.xiaomistoreks.com\/wp-content\/uploads\/2024\/01\/bt3-scaled.jpg\"><img fetchpriority=\"high\" decoding=\"async\" class=\"alignnone size-full wp-image-13895\" src=\"https:\/\/www.xiaomistoreks.com\/wp-content\/uploads\/2024\/01\/bt3-scaled.jpg\" alt=\"\" width=\"2560\" height=\"1376\" \/><\/a><\/p>\n<p><a href=\"https:\/\/www.xiaomistoreks.com\/wp-content\/uploads\/2024\/01\/bt2-scaled.jpg\"><img decoding=\"async\" class=\"alignnone size-full wp-image-13896\" src=\"https:\/\/www.xiaomistoreks.com\/wp-content\/uploads\/2024\/01\/bt2-scaled.jpg\" alt=\"\" width=\"2560\" height=\"1511\" \/><\/a><\/p>\n<p><a href=\"https:\/\/www.xiaomistoreks.com\/wp-content\/uploads\/2024\/01\/bt1.jpg\"><img decoding=\"async\" class=\"alignnone size-full wp-image-13897\" src=\"https:\/\/www.xiaomistoreks.com\/wp-content\/uploads\/2024\/01\/bt1.jpg\" alt=\"\" width=\"2368\" height=\"984\" \/><\/a><\/p>\n<p><a href=\"https:\/\/www.xiaomistoreks.com\/wp-content\/uploads\/2024\/01\/bt-scaled.jpg\"><img loading=\"lazy\" decoding=\"async\" class=\"alignnone size-full wp-image-13898\" src=\"https:\/\/www.xiaomistoreks.com\/wp-content\/uploads\/2024\/01\/bt-scaled.jpg\" alt=\"\" width=\"2560\" height=\"1163\" \/><\/a><\/p>\n","protected":false},"excerpt":{"rendered":"<p>Fur\u00e7a e dh\u00ebmb\u00ebve T302 \u00ebsht\u00eb nj\u00eb pajisje e pavarur p\u00ebr t\u00eb rriturit e krijuar p\u00ebr kujdes efektiv oral. Siguron higjien\u00eb t\u00eb plot\u00eb t\u00eb dh\u00ebmb\u00ebve dhe mishrave t\u00eb dh\u00ebmb\u00ebve, duke ndihmuar n\u00eb ruajtjen e sh\u00ebndetit t\u00eb tyre. Fur\u00e7a ka nj\u00eb stacion t\u00eb p\u00ebrshtatsh\u00ebm karikimi me val\u00eb dhe vjen me kat\u00ebr koka fur\u00e7ash.<\/p>\n","protected":false},"featured_media":13891,"template":"","meta":[],"product_cat":[193],"product_tag":[],"_links":{"self":[{"href":"https:\/\/www.xiaomistoreks.com\/en\/wp-json\/wp\/v2\/product\/13890"}],"collection":[{"href":"https:\/\/www.xiaomistoreks.com\/en\/wp-json\/wp\/v2\/product"}],"about":[{"href":"https:\/\/www.xiaomistoreks.com\/en\/wp-json\/wp\/v2\/types\/product"}],"version-history":[{"count":3,"href":"https:\/\/www.xiaomistoreks.com\/en\/wp-json\/wp\/v2\/product\/13890\/revisions"}],"predecessor-version":[{"id":20847,"href":"https:\/\/www.xiaomistoreks.com\/en\/wp-json\/wp\/v2\/product\/13890\/revisions\/20847"}],"wp:featuredmedia":[{"embeddable":true,"href":"https:\/\/www.xiaomistoreks.com\/en\/wp-json\/wp\/v2\/media\/13891"}],"wp:attachment":[{"href":"https:\/\/www.xiaomistoreks.com\/en\/wp-json\/wp\/v2\/media?parent=13890"}],"wp:term":[{"taxonomy":"product_cat","embeddable":true,"href":"https:\/\/www.xiaomistoreks.com\/en\/wp-json\/wp\/v2\/product_cat?post=13890"},{"taxonomy":"product_tag","embeddable":true,"href":"https:\/\/www.xiaomistoreks.com\/en\/wp-json\/wp\/v2\/product_tag?post=13890"}],"curies":[{"name":"wp","href":"https:\/\/api.w.org\/{rel}","templated":true}]}}