{"id":13830,"date":"2024-01-18T02:18:46","date_gmt":"2024-01-18T02:18:46","guid":{"rendered":"https:\/\/www.xiaomistoreks.com\/?post_type=product&#038;p=13830"},"modified":"2026-04-09T09:02:51","modified_gmt":"2026-04-09T09:02:51","slug":"xiaomi-mi-smart-band-8-double-wrap-strap-black-and-white","status":"publish","type":"product","link":"https:\/\/www.xiaomistoreks.com\/en\/product\/xiaomi-mi-smart-band-8-double-wrap-strap-black-and-white\/","title":{"rendered":"Xiaomi Smart Band 8\/ 9\/ 10 Double Wrap Strap Black &#038; White"},"content":{"rendered":"<p><a href=\"https:\/\/www.xiaomistoreks.com\/wp-content\/uploads\/2024\/01\/cierny.png\"><img fetchpriority=\"high\" decoding=\"async\" class=\"alignnone size-full wp-image-13831\" src=\"https:\/\/www.xiaomistoreks.com\/wp-content\/uploads\/2024\/01\/cierny.png\" alt=\"\" width=\"1920\" height=\"1080\" \/><\/a><\/p>\n","protected":false},"excerpt":{"rendered":"<p>Rripat q\u00eb shk\u00ebputen leht\u00ebsisht ofrojn\u00eb edhe m\u00eb shum\u00eb mund\u00ebsi p\u00ebr t\u00eb shprehur stilin tuaj, me nj\u00eb s\u00ebr\u00eb modelesh dhe materialesh rripash, madje edhe nj\u00eb kap\u00ebse t\u00eb re dhe dizajn jak\u00eb.<\/p>\n","protected":false},"featured_media":13832,"template":"","meta":[],"product_cat":[221,155],"product_tag":[],"_links":{"self":[{"href":"https:\/\/www.xiaomistoreks.com\/en\/wp-json\/wp\/v2\/product\/13830"}],"collection":[{"href":"https:\/\/www.xiaomistoreks.com\/en\/wp-json\/wp\/v2\/product"}],"about":[{"href":"https:\/\/www.xiaomistoreks.com\/en\/wp-json\/wp\/v2\/types\/product"}],"version-history":[{"count":4,"href":"https:\/\/www.xiaomistoreks.com\/en\/wp-json\/wp\/v2\/product\/13830\/revisions"}],"predecessor-version":[{"id":22605,"href":"https:\/\/www.xiaomistoreks.com\/en\/wp-json\/wp\/v2\/product\/13830\/revisions\/22605"}],"wp:featuredmedia":[{"embeddable":true,"href":"https:\/\/www.xiaomistoreks.com\/en\/wp-json\/wp\/v2\/media\/13832"}],"wp:attachment":[{"href":"https:\/\/www.xiaomistoreks.com\/en\/wp-json\/wp\/v2\/media?parent=13830"}],"wp:term":[{"taxonomy":"product_cat","embeddable":true,"href":"https:\/\/www.xiaomistoreks.com\/en\/wp-json\/wp\/v2\/product_cat?post=13830"},{"taxonomy":"product_tag","embeddable":true,"href":"https:\/\/www.xiaomistoreks.com\/en\/wp-json\/wp\/v2\/product_tag?post=13830"}],"curies":[{"name":"wp","href":"https:\/\/api.w.org\/{rel}","templated":true}]}}