{"id":13827,"date":"2024-01-18T02:16:47","date_gmt":"2024-01-18T02:16:47","guid":{"rendered":"https:\/\/www.xiaomistoreks.com\/?post_type=product&#038;p=13827"},"modified":"2026-03-06T00:32:37","modified_gmt":"2026-03-06T00:32:37","slug":"xiaomi-mi-smart-band-8-running-clip","status":"publish","type":"product","link":"https:\/\/www.xiaomistoreks.com\/en\/product\/xiaomi-mi-smart-band-8-running-clip\/","title":{"rendered":"Xiaomi Mi Smart Band 8 Running Clip"},"content":{"rendered":"","protected":false},"excerpt":{"rendered":"<p>P\u00ebrvoj\u00eb m\u00eb e mir\u00eb st\u00ebrvitore me klipin e vrapimit Xiaomi Smart Band 8. N\u00eb modalitetin e vrapimit, ai monitoron q\u00ebndrimin tuaj dhe ofron nj\u00eb s\u00ebr\u00eb t\u00eb dh\u00ebnash trajnimi. Me nj\u00eb dizajn t\u00eb gjall\u00eb t\u00eb zi dhe jeshil dhe me nj\u00eb struktur\u00eb gome t\u00eb q\u00ebndrueshme p\u00ebr PC dhe TPU, kap\u00ebsi b\u00ebhet nj\u00eb partner i besuesh\u00ebm n\u00eb \u00e7do shteg.<\/p>\n","protected":false},"featured_media":13828,"template":"","meta":[],"product_cat":[221],"product_tag":[],"_links":{"self":[{"href":"https:\/\/www.xiaomistoreks.com\/en\/wp-json\/wp\/v2\/product\/13827"}],"collection":[{"href":"https:\/\/www.xiaomistoreks.com\/en\/wp-json\/wp\/v2\/product"}],"about":[{"href":"https:\/\/www.xiaomistoreks.com\/en\/wp-json\/wp\/v2\/types\/product"}],"version-history":[{"count":1,"href":"https:\/\/www.xiaomistoreks.com\/en\/wp-json\/wp\/v2\/product\/13827\/revisions"}],"predecessor-version":[{"id":13829,"href":"https:\/\/www.xiaomistoreks.com\/en\/wp-json\/wp\/v2\/product\/13827\/revisions\/13829"}],"wp:featuredmedia":[{"embeddable":true,"href":"https:\/\/www.xiaomistoreks.com\/en\/wp-json\/wp\/v2\/media\/13828"}],"wp:attachment":[{"href":"https:\/\/www.xiaomistoreks.com\/en\/wp-json\/wp\/v2\/media?parent=13827"}],"wp:term":[{"taxonomy":"product_cat","embeddable":true,"href":"https:\/\/www.xiaomistoreks.com\/en\/wp-json\/wp\/v2\/product_cat?post=13827"},{"taxonomy":"product_tag","embeddable":true,"href":"https:\/\/www.xiaomistoreks.com\/en\/wp-json\/wp\/v2\/product_tag?post=13827"}],"curies":[{"name":"wp","href":"https:\/\/api.w.org\/{rel}","templated":true}]}}