{"id":13821,"date":"2024-01-18T02:14:06","date_gmt":"2024-01-18T02:14:06","guid":{"rendered":"https:\/\/www.xiaomistoreks.com\/?post_type=product&#038;p=13821"},"modified":"2026-03-06T00:32:37","modified_gmt":"2026-03-06T00:32:37","slug":"xiaomi-smart-band-8-checkered-strap-green","status":"publish","type":"product","link":"https:\/\/www.xiaomistoreks.com\/en\/product\/xiaomi-smart-band-8-checkered-strap-green\/","title":{"rendered":"Xiaomi Smart Band 8 Checkered Strap (Green)"},"content":{"rendered":"","protected":false},"excerpt":{"rendered":"<p>Rripat q\u00eb shk\u00ebputen leht\u00ebsisht ofrojn\u00eb edhe m\u00eb shum\u00eb mund\u00ebsi p\u00ebr t\u00eb shprehur stilin tuaj, me nj\u00eb s\u00ebr\u00eb modelesh dhe materialesh rripash, madje edhe nj\u00eb kap\u00ebse t\u00eb re dhe dizajn jak\u00eb.<\/p>\n","protected":false},"featured_media":13822,"template":"","meta":[],"product_cat":[221],"product_tag":[],"_links":{"self":[{"href":"https:\/\/www.xiaomistoreks.com\/en\/wp-json\/wp\/v2\/product\/13821"}],"collection":[{"href":"https:\/\/www.xiaomistoreks.com\/en\/wp-json\/wp\/v2\/product"}],"about":[{"href":"https:\/\/www.xiaomistoreks.com\/en\/wp-json\/wp\/v2\/types\/product"}],"version-history":[{"count":2,"href":"https:\/\/www.xiaomistoreks.com\/en\/wp-json\/wp\/v2\/product\/13821\/revisions"}],"predecessor-version":[{"id":19093,"href":"https:\/\/www.xiaomistoreks.com\/en\/wp-json\/wp\/v2\/product\/13821\/revisions\/19093"}],"wp:featuredmedia":[{"embeddable":true,"href":"https:\/\/www.xiaomistoreks.com\/en\/wp-json\/wp\/v2\/media\/13822"}],"wp:attachment":[{"href":"https:\/\/www.xiaomistoreks.com\/en\/wp-json\/wp\/v2\/media?parent=13821"}],"wp:term":[{"taxonomy":"product_cat","embeddable":true,"href":"https:\/\/www.xiaomistoreks.com\/en\/wp-json\/wp\/v2\/product_cat?post=13821"},{"taxonomy":"product_tag","embeddable":true,"href":"https:\/\/www.xiaomistoreks.com\/en\/wp-json\/wp\/v2\/product_tag?post=13821"}],"curies":[{"name":"wp","href":"https:\/\/api.w.org\/{rel}","templated":true}]}}