{"id":13817,"date":"2024-01-18T02:11:34","date_gmt":"2024-01-18T02:11:34","guid":{"rendered":"https:\/\/www.xiaomistoreks.com\/?post_type=product&#038;p=13817"},"modified":"2026-03-06T00:32:37","modified_gmt":"2026-03-06T00:32:37","slug":"xiaomi-smart-band-8-pendant","status":"publish","type":"product","link":"https:\/\/www.xiaomistoreks.com\/en\/product\/xiaomi-smart-band-8-pendant\/","title":{"rendered":"Xiaomi Smart Band 8 Pendant"},"content":{"rendered":"<p><a href=\"https:\/\/www.xiaomistoreks.com\/wp-content\/uploads\/2024\/01\/section-15_02.webp\"><img fetchpriority=\"high\" decoding=\"async\" class=\"alignnone size-full wp-image-13819\" src=\"https:\/\/www.xiaomistoreks.com\/wp-content\/uploads\/2024\/01\/section-15_02.webp\" alt=\"\" width=\"2060\" height=\"900\" \/><\/a><\/p>\n","protected":false},"excerpt":{"rendered":"<p>Var\u00ebse Xiaomi Smart Band 8 \u00ebsht\u00eb nj\u00eb shkrirje e stilit dhe teknologjis\u00eb inteligjente. I kombinuar me nj\u00eb faqe t\u00eb bukur ore me gjerdan, ai e transformon Smart Band n\u00eb nj\u00eb bizhuteri &#8220;t\u00eb zgjuar&#8221; q\u00eb ofron mod\u00eb dhe funksione baz\u00eb t\u00eb koh\u00ebs dhe hapametrit.<\/p>\n","protected":false},"featured_media":13818,"template":"","meta":[],"product_cat":[221],"product_tag":[],"_links":{"self":[{"href":"https:\/\/www.xiaomistoreks.com\/en\/wp-json\/wp\/v2\/product\/13817"}],"collection":[{"href":"https:\/\/www.xiaomistoreks.com\/en\/wp-json\/wp\/v2\/product"}],"about":[{"href":"https:\/\/www.xiaomistoreks.com\/en\/wp-json\/wp\/v2\/types\/product"}],"version-history":[{"count":3,"href":"https:\/\/www.xiaomistoreks.com\/en\/wp-json\/wp\/v2\/product\/13817\/revisions"}],"predecessor-version":[{"id":15009,"href":"https:\/\/www.xiaomistoreks.com\/en\/wp-json\/wp\/v2\/product\/13817\/revisions\/15009"}],"wp:featuredmedia":[{"embeddable":true,"href":"https:\/\/www.xiaomistoreks.com\/en\/wp-json\/wp\/v2\/media\/13818"}],"wp:attachment":[{"href":"https:\/\/www.xiaomistoreks.com\/en\/wp-json\/wp\/v2\/media?parent=13817"}],"wp:term":[{"taxonomy":"product_cat","embeddable":true,"href":"https:\/\/www.xiaomistoreks.com\/en\/wp-json\/wp\/v2\/product_cat?post=13817"},{"taxonomy":"product_tag","embeddable":true,"href":"https:\/\/www.xiaomistoreks.com\/en\/wp-json\/wp\/v2\/product_tag?post=13817"}],"curies":[{"name":"wp","href":"https:\/\/api.w.org\/{rel}","templated":true}]}}