{"id":13798,"date":"2024-01-18T02:02:10","date_gmt":"2024-01-18T02:02:10","guid":{"rendered":"https:\/\/www.xiaomistoreks.com\/?post_type=product&#038;p=13798"},"modified":"2026-03-06T00:32:38","modified_gmt":"2026-03-06T00:32:38","slug":"xiaomi-mi-band-8","status":"publish","type":"product","link":"https:\/\/www.xiaomistoreks.com\/en\/product\/xiaomi-mi-band-8\/","title":{"rendered":"Xiaomi Mi Band 8"},"content":{"rendered":"<p><a href=\"https:\/\/www.xiaomistoreks.com\/wp-content\/uploads\/2024\/01\/b82-scaled.jpg\"><img fetchpriority=\"high\" decoding=\"async\" class=\"alignnone size-full wp-image-13800\" src=\"https:\/\/www.xiaomistoreks.com\/wp-content\/uploads\/2024\/01\/b82-scaled.jpg\" alt=\"\" width=\"2560\" height=\"1008\" \/><\/a><\/p>\n<p><a href=\"https:\/\/www.xiaomistoreks.com\/wp-content\/uploads\/2024\/01\/b81-scaled.jpg\"><img decoding=\"async\" class=\"alignnone size-full wp-image-13801\" src=\"https:\/\/www.xiaomistoreks.com\/wp-content\/uploads\/2024\/01\/b81-scaled.jpg\" alt=\"\" width=\"2560\" height=\"1522\" \/><\/a><\/p>\n<p><a href=\"https:\/\/www.xiaomistoreks.com\/wp-content\/uploads\/2024\/01\/b8-scaled.jpg\"><img decoding=\"async\" class=\"alignnone size-full wp-image-13802\" src=\"https:\/\/www.xiaomistoreks.com\/wp-content\/uploads\/2024\/01\/b8-scaled.jpg\" alt=\"\" width=\"2560\" height=\"1142\" \/><\/a><\/p>\n","protected":false},"excerpt":{"rendered":"<p>Shkall\u00eb t\u00eb lart\u00eb rifreskimi deri n\u00eb 60 Hz, Nj\u00eb ekran m\u00eb i madh me shk\u00eblqim t\u00eb lart\u00eb ju lejon t\u00eb kontrolloni njoftimet tuaja vet\u00ebm me nj\u00eb shikim, mbi 150 m\u00ebnyra fitnesi t\u00eb disponueshme me leht\u00ebsin\u00eb e ky\u00e7it t\u00eb dor\u00ebs, rezistenc\u00eb ndaj ujit 5-atm, percjell gjumit, rrahjeve t\u00eb zemr\u00ebs dhe nivelit t\u00eb oksigjenit gjat\u00eb gjith\u00eb dit\u00ebs. Karikoni nj\u00eb her\u00eb p\u00ebr nj\u00eb or\u00eb dhe do t\u00eb funksionoj\u00eb deri n\u00eb 16 dit\u00eb pa u karikuar.<\/p>\n","protected":false},"featured_media":13799,"template":"","meta":[],"product_cat":[221],"product_tag":[],"_links":{"self":[{"href":"https:\/\/www.xiaomistoreks.com\/en\/wp-json\/wp\/v2\/product\/13798"}],"collection":[{"href":"https:\/\/www.xiaomistoreks.com\/en\/wp-json\/wp\/v2\/product"}],"about":[{"href":"https:\/\/www.xiaomistoreks.com\/en\/wp-json\/wp\/v2\/types\/product"}],"version-history":[{"count":4,"href":"https:\/\/www.xiaomistoreks.com\/en\/wp-json\/wp\/v2\/product\/13798\/revisions"}],"predecessor-version":[{"id":17057,"href":"https:\/\/www.xiaomistoreks.com\/en\/wp-json\/wp\/v2\/product\/13798\/revisions\/17057"}],"wp:featuredmedia":[{"embeddable":true,"href":"https:\/\/www.xiaomistoreks.com\/en\/wp-json\/wp\/v2\/media\/13799"}],"wp:attachment":[{"href":"https:\/\/www.xiaomistoreks.com\/en\/wp-json\/wp\/v2\/media?parent=13798"}],"wp:term":[{"taxonomy":"product_cat","embeddable":true,"href":"https:\/\/www.xiaomistoreks.com\/en\/wp-json\/wp\/v2\/product_cat?post=13798"},{"taxonomy":"product_tag","embeddable":true,"href":"https:\/\/www.xiaomistoreks.com\/en\/wp-json\/wp\/v2\/product_tag?post=13798"}],"curies":[{"name":"wp","href":"https:\/\/api.w.org\/{rel}","templated":true}]}}