{"id":13791,"date":"2024-01-18T01:53:19","date_gmt":"2024-01-18T01:53:19","guid":{"rendered":"https:\/\/www.xiaomistoreks.com\/?post_type=product&#038;p=13791"},"modified":"2026-04-20T17:26:34","modified_gmt":"2026-04-20T17:26:34","slug":"xiaomi-mi-portable-electric-air-compressor-2","status":"publish","type":"product","link":"https:\/\/www.xiaomistoreks.com\/en\/product\/xiaomi-mi-portable-electric-air-compressor-2\/","title":{"rendered":"Xiaomi Mi Portable Electric Air Compressor 2"},"content":{"rendered":"<p><a href=\"https:\/\/www.xiaomistoreks.com\/wp-content\/uploads\/2024\/01\/cc23.jpg\"><img fetchpriority=\"high\" decoding=\"async\" class=\"alignnone size-full wp-image-13792\" src=\"https:\/\/www.xiaomistoreks.com\/wp-content\/uploads\/2024\/01\/cc23.jpg\" alt=\"\" width=\"2514\" height=\"1913\" \/><\/a><\/p>\n<p><a href=\"https:\/\/www.xiaomistoreks.com\/wp-content\/uploads\/2024\/01\/c22-scaled.jpg\"><img decoding=\"async\" class=\"alignnone size-full wp-image-13793\" src=\"https:\/\/www.xiaomistoreks.com\/wp-content\/uploads\/2024\/01\/c22-scaled.jpg\" alt=\"\" width=\"2560\" height=\"1252\" \/><\/a><\/p>\n<p><a href=\"https:\/\/www.xiaomistoreks.com\/wp-content\/uploads\/2024\/01\/c21-scaled.jpg\"><img decoding=\"async\" class=\"alignnone size-full wp-image-13794\" src=\"https:\/\/www.xiaomistoreks.com\/wp-content\/uploads\/2024\/01\/c21-scaled.jpg\" alt=\"\" width=\"2560\" height=\"1352\" \/><\/a><\/p>\n<p><a href=\"https:\/\/www.xiaomistoreks.com\/wp-content\/uploads\/2024\/01\/c2-scaled.jpg\"><img loading=\"lazy\" decoding=\"async\" class=\"alignnone size-full wp-image-13795\" src=\"https:\/\/www.xiaomistoreks.com\/wp-content\/uploads\/2024\/01\/c2-scaled.jpg\" alt=\"\" width=\"2560\" height=\"1237\" \/><\/a><\/p>\n","protected":false},"excerpt":{"rendered":"<p>Pomp inteligjente me gjasht\u00eb m\u00ebnyra t\u00eb paracaktuara t\u00eb fryrjes s\u00eb gomave. P\u00ebrfshihet nj\u00eb p\u00ebrshtat\u00ebs i ri valvulash dhe nj\u00eb drit\u00eb. Presioni i fryrjes deri n\u00eb 150 psi do t\u00eb fryj\u00eb leht\u00ebsisht \u00e7do gom\u00eb ose top.<\/p>\n","protected":false},"featured_media":13796,"template":"","meta":[],"product_cat":[201,169],"product_tag":[],"_links":{"self":[{"href":"https:\/\/www.xiaomistoreks.com\/en\/wp-json\/wp\/v2\/product\/13791"}],"collection":[{"href":"https:\/\/www.xiaomistoreks.com\/en\/wp-json\/wp\/v2\/product"}],"about":[{"href":"https:\/\/www.xiaomistoreks.com\/en\/wp-json\/wp\/v2\/types\/product"}],"version-history":[{"count":3,"href":"https:\/\/www.xiaomistoreks.com\/en\/wp-json\/wp\/v2\/product\/13791\/revisions"}],"predecessor-version":[{"id":21878,"href":"https:\/\/www.xiaomistoreks.com\/en\/wp-json\/wp\/v2\/product\/13791\/revisions\/21878"}],"wp:featuredmedia":[{"embeddable":true,"href":"https:\/\/www.xiaomistoreks.com\/en\/wp-json\/wp\/v2\/media\/13796"}],"wp:attachment":[{"href":"https:\/\/www.xiaomistoreks.com\/en\/wp-json\/wp\/v2\/media?parent=13791"}],"wp:term":[{"taxonomy":"product_cat","embeddable":true,"href":"https:\/\/www.xiaomistoreks.com\/en\/wp-json\/wp\/v2\/product_cat?post=13791"},{"taxonomy":"product_tag","embeddable":true,"href":"https:\/\/www.xiaomistoreks.com\/en\/wp-json\/wp\/v2\/product_tag?post=13791"}],"curies":[{"name":"wp","href":"https:\/\/api.w.org\/{rel}","templated":true}]}}